{"id":19042,"date":"2025-02-28T18:24:30","date_gmt":"2025-02-28T18:24:30","guid":{"rendered":"https:\/\/mooncraft.com.pl\/?post_type=product&#038;p=19042"},"modified":"2026-01-03T13:53:11","modified_gmt":"2026-01-03T13:53:11","slug":"dogy-rollo-wolowe-12cm-1szt","status":"publish","type":"product","link":"https:\/\/mooncraft.com.pl\/?product=dogy-rollo-wolowe-12cm-1szt","title":{"rendered":"DOGY &#8211; ROLLO Wo\u0142owe 12cm 1szt."},"content":{"rendered":"<section>\n<section>\n<section>\n<section>\n<section>\n<section id=\"opis-produktu\" class=\"section_product section_product--part_of_bar section_product--first_item_of_bar section_product--v1 section section_product--v1__desc section--padding-top-medium\">\n<div class=\"section_body\">\n<div class=\"productDesc productDesc--full container\">\n<div class=\"productDesc__left grow productDesc__left--no_params\">\n<div class=\"productDesc__desc typography\">\n<h3>Pusty w\u00a0\u015arodku &#8211; Podaj go na\u00a0milion r\u00f3\u017cnych sposob\u00f3w!<\/h3>\n<p>Cech\u0105 wyr\u00f3\u017cniaj\u0105c\u0105 ROLLO jest jego innowacyjna konstrukcja \u2013 puste wn\u0119trze. Dzi\u0119ki temu jest niezwykle funkcjonalny i\u00a0mo\u017cna go wykorzysta\u0107 na\u00a0wiele kreatywnych sposob\u00f3w. Wype\u0142nij go ulubionymi przysmakami swojego psa, takimi jak np.kie\u0142baski, par\u00f3wki DOGY, pasta czy\u00a0mokra karma, aby zapewni\u0107 mu dodatkow\u0105 frajd\u0119. Taka forma podania nie tylko przed\u0142u\u017ca zabaw\u0119, ale\u00a0tak\u017ce stymuluje umys\u0142 psa, zach\u0119caj\u0105c go do eksploracji i\u00a0poszukiwania smako\u0142yk\u00f3w ukrytych w\u00a0\u015brodku.<\/p>\n<h3>Od najmniejszego do najwi\u0119kszego<\/h3>\n<p>Gryzaki ROLLO dost\u0119pne s\u0105 w\u00a0rozmiarach 12cm, 15cm oraz\u00a0najwi\u0119kszy a\u017c 25cm!<\/p>\n<h3>W\u0142a\u015bciwo\u015bci<\/h3>\n<p>ROLLO Wo\u0142owe to nie tylko pyszna przek\u0105ska, ale\u00a0r\u00f3wnie\u017c doskona\u0142e narz\u0119dzie do dbania o\u00a0zdrowie z\u0119b\u00f3w i\u00a0dzi\u0105se\u0142 Twojego pupila. \u017buj\u0105c gryzak, pies naturalnie usuwa p\u0142ytk\u0119 bakteryjn\u0105 i\u00a0kamie\u0144 naz\u0119bny, co przyczynia si\u0119 do \u015bwie\u017cego oddechu i\u00a0zdrowych z\u0119b\u00f3w. Dodatkowo ROLLO doskonale zaspokaja naturaln\u0105 potrzeb\u0119 gryzienia i\u00a0\u017cucia pomagaj\u0105c redukowa\u0107 stres oraz\u00a0zapobiega\u0107 nudzie, co jest szczeg\u00f3lnie wa\u017cne dla ps\u00f3w, kt\u00f3re sp\u0119dzaj\u0105 czas same.<\/p>\n<h3>Sk\u0142ad i\u00a0analityka<\/h3>\n<p>Sk\u0142ad: 98% Sk\u00f3ra wo\u0142owa, 1% \u017cwacz wo\u0142owy, 1% burak czerwony<\/p>\n<p>Sk\u0142adniki analityczne: Bia\u0142ko surowe 86,3%, Oleje i\u00a0t\u0142uszcze surowe 2,7%, Popi\u00f3\u0142 surowy 1,5%, W\u0142\u00f3kno surowe 0,7%<\/p>\n<p><span style=\"font-size: 16px\">.<\/span><\/p>\n<h6>Istotne informacje:<\/h6>\n<p><strong>Przeznaczenie:\u00a0<\/strong>Przysmak dla ps\u00f3w doros\u0142ych.\u00a0<strong>Zalecenia dotycz\u0105ce stosowania:<\/strong>\u00a0Zaleca si\u0119 podawanie 1-2 gryzak\u00f3w dziennie mi\u0119dzy posi\u0142kami. Przysmak nale\u017cy podawa\u0107 psu wy\u0142\u0105cznie pod nadzorem opiekuna. Zapewnij psu sta\u0142y dost\u0119p do \u015bwie\u017cej wody.\u00a0<strong>Warunki przechowywania:\u00a0<\/strong>Produkt nale\u017cy przechowywa\u0107 w\u00a0suchym, ch\u0142odnym i\u00a0zaciemnionym miejscu, aby zachowa\u0107 jego jako\u015b\u0107 i\u00a0bezpiecze\u0144stwo.<\/p>\n<h6>Zgodnie z\u00a0wymogami Rozporz\u0105dzenia GPSR<\/h6>\n<p>Poni\u017csze informacje zosta\u0142y przygotowane w\u00a0celu zapewnienia pe\u0142nej zgodno\u015bci z\u00a0Rozporz\u0105dzeniem o\u00a0Og\u00f3lnym Bezpiecze\u0144stwie Produkt\u00f3w (GPSR), aby zagwarantowa\u0107 bezpiecze\u0144stwo i\u00a0komfort u\u017cytkowania produktu.<\/p>\n<p><strong>Bezpiecze\u0144stwo i\u00a0jako\u015b\u0107:<\/strong>\u00a0Produkt zosta\u0142 wyprodukowany na\u00a0terenie Unii Europejskiej zgodnie z\u00a0normami UE, gwarantuj\u0105c najwy\u017csz\u0105 jako\u015b\u0107 i\u00a0bezpiecze\u0144stwo. Produkt spe\u0142nia standardy jako\u015bci i\u00a0bezpiecze\u0144stwa zgodne z\u00a0wymogami UE.\u00a0<strong>Potencjalne ryzyka:<\/strong>\u00a0Aby zapewni\u0107 psu pe\u0142ne bezpiecze\u0144stwo podczas gryzienia, zaleca si\u0119 podawanie produktu pod nadzorem opiekuna. Warto monitorowa\u0107 jego zabaw\u0119 z\u00a0gryzakiem i\u00a0upewni\u0107 si\u0119, \u017ce\u00a0produkt jest odpowiedni do rozmiaru i\u00a0stylu \u017cucia psa. Zaleca si\u0119 przerwanie podawania produktu, je\u015bli pies usi\u0142uje po\u0142kn\u0105\u0107 zbyt du\u017cy kawa\u0142ek lub\u00a0wykazuje trudno\u015bci z\u00a0\u017cuciem. W przypadku, gdy pies \u017cuje gryzak po raz pierwszy, nale\u017cy dok\u0142adnie sprawdzi\u0107 sk\u0142ad i\u00a0upewni\u0107 si\u0119, \u017ce\u00a0nie zawiera on sk\u0142adnik\u00f3w, na\u00a0kt\u00f3re pies mo\u017ce by\u0107 uczulony. Je\u015bli zauwa\u017cysz jakiekolwiek oznaki nietolerancji lub\u00a0alergii, takie jak wymioty, biegunka lub\u00a0nadmierne drapanie, przerwij podawanie produktu i\u00a0skonsultuj si\u0119 z\u00a0lekarzem weterynarii.\u00a0<strong>Kraj pochodzenia produktu &#8211;<\/strong>\u00a0produkt zosta\u0142 wyprodukowany w\u00a0Polsce.\u00a0<strong>Informacje o\u00a0producencie:<\/strong>\u00a0PETAKO Jaros\u0142aw Pawluczuk.\u00a0Konopnica 93E,\u00a021-030 Motycz,\u00a0Tel: 607-777-652, biuro@petako.pl<\/p>\n<\/div>\n<\/div>\n<\/div>\n<\/div>\n<\/section>\n<\/section>\n<\/section>\n<\/section>\n<\/section>\n<\/section>\n","protected":false},"excerpt":{"rendered":"<h3>ROLLO WO\u0141OWE<\/h3>\n<p>Poznaj ROLLO Wo\u0142owe \u2013 wyj\u0105tkowy gryzak dla ps\u00f3w, kt\u00f3ry zachwyci ka\u017cdego pupila! Wykonany z\u00a0mielonej sk\u00f3ry wo\u0142owej z\u00a0dodatkiem \u017cwacza wo\u0142owego oraz\u00a0czerwonego buraczka.<\/p>\n<p>ROLLO to zdrowa i\u00a0naturalna przek\u0105ska, kt\u00f3ra nie tylko sprawia rado\u015b\u0107, ale\u00a0tak\u017ce dba o\u00a0higien\u0119 jamy ustnej Twojego czworonoga oraz\u00a0zaspokoi naturaln\u0105 potrzeb\u0119 gryzienia i\u00a0\u017cucia.<\/p>\n","protected":false},"featured_media":19043,"template":"","meta":{"site-sidebar-layout":"default","site-content-layout":"","ast-site-content-layout":"default","site-content-style":"default","site-sidebar-style":"default","ast-global-header-display":"","ast-banner-title-visibility":"","ast-main-header-display":"","ast-hfb-above-header-display":"","ast-hfb-below-header-display":"","ast-hfb-mobile-header-display":"","site-post-title":"","ast-breadcrumbs-content":"","ast-featured-img":"","footer-sml-layout":"","ast-disable-related-posts":"","theme-transparent-header-meta":"default","adv-header-id-meta":"","stick-header-meta":"","header-above-stick-meta":"","header-main-stick-meta":"","header-below-stick-meta":"","astra-migrate-meta-layouts":"set","ast-page-background-enabled":"default","ast-page-background-meta":{"desktop":{"background-color":"","background-image":"","background-repeat":"repeat","background-position":"center center","background-size":"auto","background-attachment":"scroll","background-type":"","background-media":"","overlay-type":"","overlay-color":"","overlay-opacity":"","overlay-gradient":""},"tablet":{"background-color":"","background-image":"","background-repeat":"repeat","background-position":"center center","background-size":"auto","background-attachment":"scroll","background-type":"","background-media":"","overlay-type":"","overlay-color":"","overlay-opacity":"","overlay-gradient":""},"mobile":{"background-color":"","background-image":"","background-repeat":"repeat","background-position":"center center","background-size":"auto","background-attachment":"scroll","background-type":"","background-media":"","overlay-type":"","overlay-color":"","overlay-opacity":"","overlay-gradient":""}},"ast-content-background-meta":{"desktop":{"background-color":"var(--ast-global-color-5)","background-image":"","background-repeat":"repeat","background-position":"center center","background-size":"auto","background-attachment":"scroll","background-type":"","background-media":"","overlay-type":"","overlay-color":"","overlay-opacity":"","overlay-gradient":""},"tablet":{"background-color":"var(--ast-global-color-5)","background-image":"","background-repeat":"repeat","background-position":"center center","background-size":"auto","background-attachment":"scroll","background-type":"","background-media":"","overlay-type":"","overlay-color":"","overlay-opacity":"","overlay-gradient":""},"mobile":{"background-color":"var(--ast-global-color-5)","background-image":"","background-repeat":"repeat","background-position":"center center","background-size":"auto","background-attachment":"scroll","background-type":"","background-media":"","overlay-type":"","overlay-color":"","overlay-opacity":"","overlay-gradient":""}}},"product_brand":[],"product_cat":[85,159,169],"product_tag":[],"class_list":{"0":"post-19042","1":"product","2":"type-product","3":"status-publish","4":"has-post-thumbnail","6":"product_cat-dlapsa","7":"product_cat-smakolyki","8":"product_cat-gryzaki","9":"desktop-align-left","10":"tablet-align-left","11":"mobile-align-left","13":"first","14":"instock","15":"taxable","16":"shipping-taxable","17":"purchasable","18":"product-type-simple"},"jetpack_sharing_enabled":true,"_links":{"self":[{"href":"https:\/\/mooncraft.com.pl\/index.php?rest_route=\/wp\/v2\/product\/19042","targetHints":{"allow":["GET"]}}],"collection":[{"href":"https:\/\/mooncraft.com.pl\/index.php?rest_route=\/wp\/v2\/product"}],"about":[{"href":"https:\/\/mooncraft.com.pl\/index.php?rest_route=\/wp\/v2\/types\/product"}],"wp:featuredmedia":[{"embeddable":true,"href":"https:\/\/mooncraft.com.pl\/index.php?rest_route=\/wp\/v2\/media\/19043"}],"wp:attachment":[{"href":"https:\/\/mooncraft.com.pl\/index.php?rest_route=%2Fwp%2Fv2%2Fmedia&parent=19042"}],"wp:term":[{"taxonomy":"product_brand","embeddable":true,"href":"https:\/\/mooncraft.com.pl\/index.php?rest_route=%2Fwp%2Fv2%2Fproduct_brand&post=19042"},{"taxonomy":"product_cat","embeddable":true,"href":"https:\/\/mooncraft.com.pl\/index.php?rest_route=%2Fwp%2Fv2%2Fproduct_cat&post=19042"},{"taxonomy":"product_tag","embeddable":true,"href":"https:\/\/mooncraft.com.pl\/index.php?rest_route=%2Fwp%2Fv2%2Fproduct_tag&post=19042"}],"curies":[{"name":"wp","href":"https:\/\/api.w.org\/{rel}","templated":true}]}}