{"id":19040,"date":"2025-02-28T18:20:57","date_gmt":"2025-02-28T18:20:57","guid":{"rendered":"https:\/\/mooncraft.com.pl\/?post_type=product&#038;p=19040"},"modified":"2026-01-03T13:34:57","modified_gmt":"2026-01-03T13:34:57","slug":"dogy-trojkat-stawowy-z-glukozamina-i-chondroityna-12cm-1szt","status":"publish","type":"product","link":"https:\/\/mooncraft.com.pl\/?product=dogy-trojkat-stawowy-z-glukozamina-i-chondroityna-12cm-1szt","title":{"rendered":"DOGY &#8211; Tr\u00f3jk\u0105t Stawowy z Glukozamin\u0105 i Chondroityn\u0105 12cm 1szt."},"content":{"rendered":"<section>\n<section>\n<section>\n<section>\n<section>\n<section id=\"opis-produktu\" class=\"section_product section_product--part_of_bar section_product--first_item_of_bar section_product--v1 section section_product--v1__desc section--padding-top-medium\">\n<div class=\"section_body\">\n<div class=\"productDesc productDesc--full container\">\n<div class=\"productDesc__left grow productDesc__left--no_params\">\n<div class=\"productDesc__desc typography\">\n<p><strong>Sk\u0142ad Najwy\u017cszej Jako\u015bci:<\/strong><\/p>\n<ul>\n<li>Sk\u00f3ra Wo\u0142owa (95,5%): G\u0142\u00f3wny sk\u0142adnik, sk\u00f3ra wo\u0142owa, dostarcza bia\u0142ka i\u00a0energii, a\u00a0jednocze\u015bnie stymuluje naturaln\u0105 potrzeb\u0119 \u017cucia u psa.<\/li>\n<li>\u017bwacz Wo\u0142owy (2%): \u017bwacz wo\u0142owy jest naturalnym \u017ar\u00f3d\u0142em kolagenu, kt\u00f3re wspomaga zdrowie staw\u00f3w, chrz\u0105stek i\u00a0wi\u0119zade\u0142 u psa. Regularne spo\u017cywanie \u017cwacza mo\u017ce pom\u00f3c w\u00a0utrzymaniu elastyczno\u015bci i\u00a0ruchomo\u015bci staw\u00f3w, szczeg\u00f3lnie u starszych ps\u00f3w oraz\u00a0ps\u00f3w podatnych na\u00a0problemy stawowe.<\/li>\n<li>Penis Wo\u0142owy (1%): Penis wo\u0142owy jest bogatym \u017ar\u00f3d\u0142em bia\u0142ka oraz\u00a0sk\u0142adnik\u00f3w od\u017cywczych, takich jak tauryna i\u00a0kolagen.<\/li>\n<li>Glukozamina (0,6%) i\u00a0Chondroityny (0,4%): Obecno\u015b\u0107 glukozaminy i\u00a0chondroityny pomaga w\u00a0utrzymaniu zdrowia staw\u00f3w, zapewniaj\u0105c elastyczno\u015b\u0107 i\u00a0ruchomo\u015b\u0107. Dla ps\u00f3w starszych lub\u00a0aktywnych, dodatkowa opieka nad stawami jest niezwykle istotna.<\/li>\n<li>Kurkuma (0,5%): Kurkuma, bogata w\u00a0kurkuminoidy, posiada w\u0142a\u015bciwo\u015bci przeciwzapalne, kt\u00f3re mog\u0105 pom\u00f3c w\u00a0\u0142agodzeniu b\u00f3lu staw\u00f3w i\u00a0redukcji stan\u00f3w zapalnych.<\/li>\n<\/ul>\n<p><strong>Analiza:<\/strong>\u00a0Bia\u0142ko surowe \u2013 93,9%, Oleje i\u00a0t\u0142uszcze surowe \u2013 3,5%, Popi\u00f3\u0142 surowy \u2013 1,9%, W\u0142\u00f3kno surowe: &lt;0,7%<\/p>\n<h3><strong>Korzy\u015bci Dla Psa:<\/strong><\/h3>\n<p><strong>Naturalny Sk\u0142ad:<\/strong>\u00a0Tr\u00f3jk\u0105t DOGY wyr\u00f3\u017cnia si\u0119 wysokiej jako\u015bci sk\u00f3r\u0105 wo\u0142owej. Dzi\u0119ki temu Tw\u00f3j pies dostaje nie tylko naturaln\u0105 ale\u00a0i\u00a0atrakcyjn\u0105 przek\u0105sk\u0119, pozbawion\u0105 sztucznych barwnik\u00f3w i\u00a0konserwant\u00f3w.<\/p>\n<p><strong>Wsparcie dla Staw\u00f3w i\u00a0Zdrowia Staw\u00f3w:<\/strong>\u00a0Obecno\u015b\u0107 glukozaminy i\u00a0chondroityny pomaga w\u00a0utrzymaniu zdrowia staw\u00f3w, zapewniaj\u0105c elastyczno\u015b\u0107 i\u00a0ruchomo\u015b\u0107. Dla ps\u00f3w starszych lub\u00a0aktywnych, dodatkowa opieka nad stawami jest niezwykle istotna.<\/p>\n<p><strong>W\u0142a\u015bciwo\u015bci Przeciwzapalne Kurkumy:<\/strong>\u00a0Kurkuma, bogata w\u00a0kurkuminoidy, posiada w\u0142a\u015bciwo\u015bci przeciwzapalne, kt\u00f3re mog\u0105 pom\u00f3c w\u00a0\u0142agodzeniu b\u00f3lu staw\u00f3w i\u00a0redukcji stan\u00f3w zapalnych.<\/p>\n<p><strong>Bogate \u0179r\u00f3d\u0142o Bia\u0142ka:<\/strong>\u00a0Sk\u00f3ra wo\u0142owa to doskona\u0142e \u017ar\u00f3d\u0142o bia\u0142ka, kt\u00f3re wspiera utrzymanie silnych mi\u0119\u015bni i\u00a0zdrowej tkanki.<\/p>\n<p><strong>Zdrowe Z\u0119by i\u00a0Dzi\u0105s\u0142a:<\/strong>\u00a0\u017bucie Tr\u00f3jk\u0105ta DOGY pomaga w\u00a0naturalnym mechanicznym oczyszczaniu z\u0119b\u00f3w i\u00a0dzi\u0105se\u0142, wspomagaj\u0105c zdrowie jamy ustnej Twojego psa oraz\u00a0redukuj\u0105c nieprzyjemny oddech.<\/p>\n<p><strong>Doskona\u0142a Rozrywka:<\/strong>\u00a0Nie tylko smakowity, ale\u00a0tak\u017ce d\u0142ugotrwa\u0142y. Tr\u00f3jk\u0105t\u00a0DOGY jest gryzakiem &#8222;na d\u0142u\u017cej&#8221; dzi\u0119ki czemu zapewnia Twojemu psu d\u0142ugotrwa\u0142\u0105 rozrywk\u0119.<\/p>\n<p><strong>Bezpiecze\u0144stwo:<\/strong>\u00a0Produkty Dogy s\u0105 wolne od cukru, glutenu, konserwant\u00f3w i\u00a0substancji chemicznych. Wype\u0142nienie gryzak\u00f3w jest bezpieczne i\u00a0nie zawiera ostrych element\u00f3w, kt\u00f3re mog\u0142yby zrani\u0107 psa.<\/p>\n<h6>Istotne informacje:<\/h6>\n<p><strong>Przeznaczenie:\u00a0<\/strong>Przysmak dla ps\u00f3w doros\u0142ych.\u00a0<strong>Zalecenia dotycz\u0105ce stosowania:<\/strong>\u00a0Zaleca si\u0119 podawanie 1-2 gryzak\u00f3w dziennie mi\u0119dzy posi\u0142kami. Przysmak nale\u017cy podawa\u0107 psu wy\u0142\u0105cznie pod nadzorem opiekuna. Zapewnij psu sta\u0142y dost\u0119p do \u015bwie\u017cej wody.\u00a0<strong>Warunki przechowywania:\u00a0<\/strong>Produkt nale\u017cy przechowywa\u0107 w\u00a0suchym, ch\u0142odnym i\u00a0zaciemnionym miejscu, aby zachowa\u0107 jego jako\u015b\u0107 i\u00a0bezpiecze\u0144stwo.<\/p>\n<h6>Zgodnie z\u00a0wymogami Rozporz\u0105dzenia GPSR<\/h6>\n<p>Poni\u017csze informacje zosta\u0142y przygotowane w\u00a0celu zapewnienia pe\u0142nej zgodno\u015bci z\u00a0Rozporz\u0105dzeniem o\u00a0Og\u00f3lnym Bezpiecze\u0144stwie Produkt\u00f3w (GPSR), aby zagwarantowa\u0107 bezpiecze\u0144stwo i\u00a0komfort u\u017cytkowania produktu.<\/p>\n<p><strong>Bezpiecze\u0144stwo i\u00a0jako\u015b\u0107:<\/strong>\u00a0Produkt zosta\u0142 wyprodukowany na\u00a0terenie Unii Europejskiej zgodnie z\u00a0normami UE, gwarantuj\u0105c najwy\u017csz\u0105 jako\u015b\u0107 i\u00a0bezpiecze\u0144stwo. Produkt spe\u0142nia standardy jako\u015bci i\u00a0bezpiecze\u0144stwa zgodne z\u00a0wymogami UE.\u00a0<strong>Potencjalne ryzyka:<\/strong>\u00a0Aby zapewni\u0107 psu pe\u0142ne bezpiecze\u0144stwo podczas gryzienia, zaleca si\u0119 podawanie produktu pod nadzorem opiekuna. Warto monitorowa\u0107 jego zabaw\u0119 z\u00a0gryzakiem i\u00a0upewni\u0107 si\u0119, \u017ce\u00a0produkt jest odpowiedni do rozmiaru i\u00a0stylu \u017cucia psa. Zaleca si\u0119 przerwanie podawania produktu, je\u015bli pies usi\u0142uje po\u0142kn\u0105\u0107 zbyt du\u017cy kawa\u0142ek lub\u00a0wykazuje trudno\u015bci z\u00a0\u017cuciem. W przypadku, gdy pies \u017cuje gryzak po raz pierwszy, nale\u017cy dok\u0142adnie sprawdzi\u0107 sk\u0142ad i\u00a0upewni\u0107 si\u0119, \u017ce\u00a0nie zawiera on sk\u0142adnik\u00f3w, na\u00a0kt\u00f3re pies mo\u017ce by\u0107 uczulony. Je\u015bli zauwa\u017cysz jakiekolwiek oznaki nietolerancji lub\u00a0alergii, takie jak wymioty, biegunka lub\u00a0nadmierne drapanie, przerwij podawanie produktu i\u00a0skonsultuj si\u0119 z\u00a0lekarzem weterynarii.\u00a0<strong>Kraj pochodzenia produktu &#8211;<\/strong>\u00a0produkt zosta\u0142 wyprodukowany w\u00a0Polsce.\u00a0<strong>Informacje o\u00a0producencie:<\/strong>\u00a0PETAKO Jaros\u0142aw Pawluczuk.\u00a0Konopnica 93E,\u00a021-030 Motycz,\u00a0Tel: 607-777-652, biuro@petako.pl<\/p>\n<\/div>\n<\/div>\n<\/div>\n<\/div>\n<\/section>\n<\/section>\n<\/section>\n<\/section>\n<\/section>\n<\/section>\n","protected":false},"excerpt":{"rendered":"<p>Tr\u00f3jk\u0105t DOGY wykonany ze sk\u00f3ry wo\u0142owej z\u00a0dodatkiem chondroityny i\u00a0glukozaminy wspomagaj\u0105cych zdrowie staw\u00f3w u Twojego pupila.<\/p>\n","protected":false},"featured_media":19041,"template":"","meta":{"site-sidebar-layout":"default","site-content-layout":"","ast-site-content-layout":"default","site-content-style":"default","site-sidebar-style":"default","ast-global-header-display":"","ast-banner-title-visibility":"","ast-main-header-display":"","ast-hfb-above-header-display":"","ast-hfb-below-header-display":"","ast-hfb-mobile-header-display":"","site-post-title":"","ast-breadcrumbs-content":"","ast-featured-img":"","footer-sml-layout":"","ast-disable-related-posts":"","theme-transparent-header-meta":"default","adv-header-id-meta":"","stick-header-meta":"","header-above-stick-meta":"","header-main-stick-meta":"","header-below-stick-meta":"","astra-migrate-meta-layouts":"set","ast-page-background-enabled":"default","ast-page-background-meta":{"desktop":{"background-color":"","background-image":"","background-repeat":"repeat","background-position":"center center","background-size":"auto","background-attachment":"scroll","background-type":"","background-media":"","overlay-type":"","overlay-color":"","overlay-opacity":"","overlay-gradient":""},"tablet":{"background-color":"","background-image":"","background-repeat":"repeat","background-position":"center center","background-size":"auto","background-attachment":"scroll","background-type":"","background-media":"","overlay-type":"","overlay-color":"","overlay-opacity":"","overlay-gradient":""},"mobile":{"background-color":"","background-image":"","background-repeat":"repeat","background-position":"center center","background-size":"auto","background-attachment":"scroll","background-type":"","background-media":"","overlay-type":"","overlay-color":"","overlay-opacity":"","overlay-gradient":""}},"ast-content-background-meta":{"desktop":{"background-color":"var(--ast-global-color-5)","background-image":"","background-repeat":"repeat","background-position":"center center","background-size":"auto","background-attachment":"scroll","background-type":"","background-media":"","overlay-type":"","overlay-color":"","overlay-opacity":"","overlay-gradient":""},"tablet":{"background-color":"var(--ast-global-color-5)","background-image":"","background-repeat":"repeat","background-position":"center center","background-size":"auto","background-attachment":"scroll","background-type":"","background-media":"","overlay-type":"","overlay-color":"","overlay-opacity":"","overlay-gradient":""},"mobile":{"background-color":"var(--ast-global-color-5)","background-image":"","background-repeat":"repeat","background-position":"center center","background-size":"auto","background-attachment":"scroll","background-type":"","background-media":"","overlay-type":"","overlay-color":"","overlay-opacity":"","overlay-gradient":""}}},"product_brand":[],"product_cat":[85,159,169],"product_tag":[],"class_list":{"0":"post-19040","1":"product","2":"type-product","3":"status-publish","4":"has-post-thumbnail","6":"product_cat-dlapsa","7":"product_cat-smakolyki","8":"product_cat-gryzaki","9":"desktop-align-left","10":"tablet-align-left","11":"mobile-align-left","13":"first","14":"instock","15":"taxable","16":"shipping-taxable","17":"purchasable","18":"product-type-simple"},"jetpack_sharing_enabled":true,"_links":{"self":[{"href":"https:\/\/mooncraft.com.pl\/index.php?rest_route=\/wp\/v2\/product\/19040","targetHints":{"allow":["GET"]}}],"collection":[{"href":"https:\/\/mooncraft.com.pl\/index.php?rest_route=\/wp\/v2\/product"}],"about":[{"href":"https:\/\/mooncraft.com.pl\/index.php?rest_route=\/wp\/v2\/types\/product"}],"wp:featuredmedia":[{"embeddable":true,"href":"https:\/\/mooncraft.com.pl\/index.php?rest_route=\/wp\/v2\/media\/19041"}],"wp:attachment":[{"href":"https:\/\/mooncraft.com.pl\/index.php?rest_route=%2Fwp%2Fv2%2Fmedia&parent=19040"}],"wp:term":[{"taxonomy":"product_brand","embeddable":true,"href":"https:\/\/mooncraft.com.pl\/index.php?rest_route=%2Fwp%2Fv2%2Fproduct_brand&post=19040"},{"taxonomy":"product_cat","embeddable":true,"href":"https:\/\/mooncraft.com.pl\/index.php?rest_route=%2Fwp%2Fv2%2Fproduct_cat&post=19040"},{"taxonomy":"product_tag","embeddable":true,"href":"https:\/\/mooncraft.com.pl\/index.php?rest_route=%2Fwp%2Fv2%2Fproduct_tag&post=19040"}],"curies":[{"name":"wp","href":"https:\/\/api.w.org\/{rel}","templated":true}]}}