{"id":18979,"date":"2025-02-23T17:47:20","date_gmt":"2025-02-23T17:47:20","guid":{"rendered":"https:\/\/mooncraft.com.pl\/?post_type=product&#038;p=18979"},"modified":"2025-02-23T17:48:43","modified_gmt":"2025-02-23T17:48:43","slug":"portfel-eclipse-mietowe-kotki","status":"publish","type":"product","link":"https:\/\/mooncraft.com.pl\/?product=portfel-eclipse-mietowe-kotki","title":{"rendered":"Portfel Eclipse Mi\u0119towe Kotki"},"content":{"rendered":"<div class=\"o9v6fnle cxmmr5t8 oygrvhab hcukyx3x c1et5uql\">\n<p>WYMIARY:<\/p>\n<ul>\n<li>wysoko\u015b\u0107: 9,5 cm<\/li>\n<li>szeroko\u015b\u0107: 14 cm<\/li>\n<\/ul>\n<div class=\"o9v6fnle cxmmr5t8 oygrvhab hcukyx3x c1et5uql\">\n<p>FUNKCJE:<\/p>\n<ul>\n<li>z przodu ma\u0142a wsuwana kiesze\u0144<\/li>\n<li>z ty\u0142u dwie kieszonki na karty<\/li>\n<li>du\u017ca kiesze\u0144 na zamek<\/li>\n<\/ul>\n<p>Materia\u0142 zewn\u0119trzny poliester wodoodporny<\/p>\n<p>Podszewka z materia\u0142u wodoodpornego<\/p>\n<p>Portfel jest usztywniony<\/p>\n<\/div>\n<\/div>\n","protected":false},"excerpt":{"rendered":"<h5>Porfel Eclipse<\/h5>\n<p>Ten wyj\u0105tkowy portfel pomie\u015bci wszystko, czego potrzebujesz w codziennym \u017cyciu. Z \u0142atwo\u015bci\u0105 zmie\u015bcisz w nim dokumenty, karty kredytowe oraz drobne monety. Idealnie komponuje si\u0119 z reszt\u0105 akcesori\u00f3w w tym samym wzorze.<\/p>\n<div class=\"ni8dbmo4 stjgntxs nred35xi ii04i59q\" data-testid=\"messenger_incoming_text_row\"><\/div>\n<div class=\"ni8dbmo4 stjgntxs nred35xi ii04i59q\" data-testid=\"messenger_incoming_text_row\">Produkt na zam\u00f3wienie: wysy\u0142ka do 14 dni roboczych od zaksi\u0119gowania wp\u0142aty.<\/div>\n<div dir=\"auto\"><\/div>\n","protected":false},"featured_media":18966,"template":"","meta":{"site-sidebar-layout":"default","site-content-layout":"","ast-site-content-layout":"default","site-content-style":"default","site-sidebar-style":"default","ast-global-header-display":"","ast-banner-title-visibility":"","ast-main-header-display":"","ast-hfb-above-header-display":"","ast-hfb-below-header-display":"","ast-hfb-mobile-header-display":"","site-post-title":"","ast-breadcrumbs-content":"","ast-featured-img":"","footer-sml-layout":"","ast-disable-related-posts":"","theme-transparent-header-meta":"default","adv-header-id-meta":"","stick-header-meta":"","header-above-stick-meta":"","header-main-stick-meta":"","header-below-stick-meta":"","astra-migrate-meta-layouts":"set","ast-page-background-enabled":"default","ast-page-background-meta":{"desktop":{"background-color":"","background-image":"","background-repeat":"repeat","background-position":"center center","background-size":"auto","background-attachment":"scroll","background-type":"","background-media":"","overlay-type":"","overlay-color":"","overlay-opacity":"","overlay-gradient":""},"tablet":{"background-color":"","background-image":"","background-repeat":"repeat","background-position":"center center","background-size":"auto","background-attachment":"scroll","background-type":"","background-media":"","overlay-type":"","overlay-color":"","overlay-opacity":"","overlay-gradient":""},"mobile":{"background-color":"","background-image":"","background-repeat":"repeat","background-position":"center center","background-size":"auto","background-attachment":"scroll","background-type":"","background-media":"","overlay-type":"","overlay-color":"","overlay-opacity":"","overlay-gradient":""}},"ast-content-background-meta":{"desktop":{"background-color":"var(--ast-global-color-5)","background-image":"","background-repeat":"repeat","background-position":"center center","background-size":"auto","background-attachment":"scroll","background-type":"","background-media":"","overlay-type":"","overlay-color":"","overlay-opacity":"","overlay-gradient":""},"tablet":{"background-color":"var(--ast-global-color-5)","background-image":"","background-repeat":"repeat","background-position":"center center","background-size":"auto","background-attachment":"scroll","background-type":"","background-media":"","overlay-type":"","overlay-color":"","overlay-opacity":"","overlay-gradient":""},"mobile":{"background-color":"var(--ast-global-color-5)","background-image":"","background-repeat":"repeat","background-position":"center center","background-size":"auto","background-attachment":"scroll","background-type":"","background-media":"","overlay-type":"","overlay-color":"","overlay-opacity":"","overlay-gradient":""}}},"product_brand":[],"product_cat":[172,82],"product_tag":[],"class_list":{"0":"post-18979","1":"product","2":"type-product","3":"status-publish","4":"has-post-thumbnail","6":"product_cat-portfele","7":"product_cat-dlaciebie","8":"desktop-align-left","9":"tablet-align-left","10":"mobile-align-left","12":"first","13":"onbackorder","14":"featured","15":"taxable","16":"shipping-taxable","17":"purchasable","18":"product-type-simple"},"jetpack_sharing_enabled":true,"_links":{"self":[{"href":"https:\/\/mooncraft.com.pl\/index.php?rest_route=\/wp\/v2\/product\/18979","targetHints":{"allow":["GET"]}}],"collection":[{"href":"https:\/\/mooncraft.com.pl\/index.php?rest_route=\/wp\/v2\/product"}],"about":[{"href":"https:\/\/mooncraft.com.pl\/index.php?rest_route=\/wp\/v2\/types\/product"}],"wp:featuredmedia":[{"embeddable":true,"href":"https:\/\/mooncraft.com.pl\/index.php?rest_route=\/wp\/v2\/media\/18966"}],"wp:attachment":[{"href":"https:\/\/mooncraft.com.pl\/index.php?rest_route=%2Fwp%2Fv2%2Fmedia&parent=18979"}],"wp:term":[{"taxonomy":"product_brand","embeddable":true,"href":"https:\/\/mooncraft.com.pl\/index.php?rest_route=%2Fwp%2Fv2%2Fproduct_brand&post=18979"},{"taxonomy":"product_cat","embeddable":true,"href":"https:\/\/mooncraft.com.pl\/index.php?rest_route=%2Fwp%2Fv2%2Fproduct_cat&post=18979"},{"taxonomy":"product_tag","embeddable":true,"href":"https:\/\/mooncraft.com.pl\/index.php?rest_route=%2Fwp%2Fv2%2Fproduct_tag&post=18979"}],"curies":[{"name":"wp","href":"https:\/\/api.w.org\/{rel}","templated":true}]}}