{"id":18802,"date":"2025-02-09T14:37:21","date_gmt":"2025-02-09T14:37:21","guid":{"rendered":"https:\/\/mooncraft.com.pl\/?post_type=product&#038;p=18802"},"modified":"2025-03-03T17:59:01","modified_gmt":"2025-03-03T17:59:01","slug":"nerka-na-karton-mleka-czarny-bez","status":"publish","type":"product","link":"https:\/\/mooncraft.com.pl\/?product=nerka-na-karton-mleka-czarny-bez","title":{"rendered":"Nerka na karton mleka Czarny Bez"},"content":{"rendered":"<div class=\"o9v6fnle cxmmr5t8 oygrvhab hcukyx3x c1et5uql\">\n<div class=\"o9v6fnle cxmmr5t8 oygrvhab hcukyx3x c1et5uql\">WYMIARY:<\/div>\n<div>22cm (szeroko\u015b\u0107) x 12cm (wysoko\u015b\u0107)\u00a0 x 9cm (g\u0142\u0119boko\u015b\u0107)<\/div>\n<div>z przodu ma\u0142a kieszonka na zamek<\/div>\n<div>oraz du\u017ca g\u0142\u00f3wna komora na zamek<\/div>\n<div>pasek bawe\u0142niany zapinany na klamerk\u0119<\/div>\n<div>W \u015brodku idealnie mie\u015bci klasyczny litrowy karton mleka, z przestrzeni\u0105 dooko\u0142a \ud83d\ude09<\/div>\n<div><\/div>\n<div><\/div>\n<div><\/div>\n<div class=\"o9v6fnle cxmmr5t8 oygrvhab hcukyx3x c1et5uql\">Regulacja obwodu od 77cm do 108cm (mierz\u0119 faktyczny obw\u00f3d ju\u017c razem z nerk\u0105) &#8211; je\u015bli potrzebujesz innego zakresu regulacji, napisz w uwagach, nie ma problemu \ud83d\ude42<\/div>\n<\/div>\n","protected":false},"excerpt":{"rendered":"<h5>Nerka na spacery to praktyczne i stylowe rozwi\u0105zanie dla aktywnych w\u0142a\u015bcicieli czworonog\u00f3w. Pomimo swojego kompaktowego rozmiaru, por\u00f3wnywalnego do kartonu mleka, oferuje wygodn\u0105 komor\u0119 na smycze, przysmaki i worki na odchody, oraz zewn\u0119trzn\u0105 kiesze\u0144 na drobiazgi.<\/h5>\n<p>Materia\u0142 wodoodporny poliester, w \u015brodku podszewka wodoodporna<\/p>\n<h5 data-testid=\"messenger_incoming_text_row\"><\/h5>\n<p>METKA br\u0105zowa<\/p>\n<p>Produkt dost\u0119pny od r\u0119ki: wysy\u0142ka 1-3dni roboczych od zaksi\u0119gowania wp\u0142aty.<\/p>\n<div class=\"ni8dbmo4 stjgntxs nred35xi ii04i59q\" data-testid=\"messenger_incoming_text_row\">Produkt na zam\u00f3wienie: wysy\u0142ka do 14 dni roboczych od zaksi\u0119gowania wp\u0142aty.<\/div>\n<div data-testid=\"messenger_incoming_text_row\"><\/div>\n<div data-testid=\"messenger_incoming_text_row\">jest to r\u0119kodzie\u0142o, dlatego u\u0142o\u017cenie wzoru mo\u017ce si\u0119 r\u00f3\u017cni\u0107 na ka\u017cdej sztuce &#8211; bardzo si\u0119 staramy aby ka\u017cda by\u0142a r\u00f3wnie pi\u0119kna ?<\/div>\n<div dir=\"auto\"><\/div>\n","protected":false},"featured_media":18767,"template":"","meta":{"site-sidebar-layout":"default","site-content-layout":"default","ast-site-content-layout":"default","site-content-style":"default","site-sidebar-style":"default","ast-global-header-display":"","ast-banner-title-visibility":"","ast-main-header-display":"","ast-hfb-above-header-display":"","ast-hfb-below-header-display":"","ast-hfb-mobile-header-display":"","site-post-title":"","ast-breadcrumbs-content":"","ast-featured-img":"","footer-sml-layout":"","ast-disable-related-posts":"","theme-transparent-header-meta":"default","adv-header-id-meta":"","stick-header-meta":"","header-above-stick-meta":"","header-main-stick-meta":"","header-below-stick-meta":"","astra-migrate-meta-layouts":"set","ast-page-background-enabled":"default","ast-page-background-meta":{"desktop":{"background-color":"","background-image":"","background-repeat":"repeat","background-position":"center center","background-size":"auto","background-attachment":"scroll","background-type":"","background-media":"","overlay-type":"","overlay-color":"","overlay-opacity":"","overlay-gradient":""},"tablet":{"background-color":"","background-image":"","background-repeat":"repeat","background-position":"center center","background-size":"auto","background-attachment":"scroll","background-type":"","background-media":"","overlay-type":"","overlay-color":"","overlay-opacity":"","overlay-gradient":""},"mobile":{"background-color":"","background-image":"","background-repeat":"repeat","background-position":"center center","background-size":"auto","background-attachment":"scroll","background-type":"","background-media":"","overlay-type":"","overlay-color":"","overlay-opacity":"","overlay-gradient":""}},"ast-content-background-meta":{"desktop":{"background-color":"var(--ast-global-color-5)","background-image":"","background-repeat":"repeat","background-position":"center center","background-size":"auto","background-attachment":"scroll","background-type":"","background-media":"","overlay-type":"","overlay-color":"","overlay-opacity":"","overlay-gradient":""},"tablet":{"background-color":"var(--ast-global-color-5)","background-image":"","background-repeat":"repeat","background-position":"center center","background-size":"auto","background-attachment":"scroll","background-type":"","background-media":"","overlay-type":"","overlay-color":"","overlay-opacity":"","overlay-gradient":""},"mobile":{"background-color":"var(--ast-global-color-5)","background-image":"","background-repeat":"repeat","background-position":"center center","background-size":"auto","background-attachment":"scroll","background-type":"","background-media":"","overlay-type":"","overlay-color":"","overlay-opacity":"","overlay-gradient":""}}},"product_brand":[],"product_cat":[82,108,122],"product_tag":[],"class_list":{"0":"post-18802","1":"product","2":"type-product","3":"status-publish","4":"has-post-thumbnail","6":"product_cat-dlaciebie","7":"product_cat-nerki","8":"product_cat-na-karton-mleka","9":"desktop-align-left","10":"tablet-align-left","11":"mobile-align-left","13":"first","14":"outofstock","15":"sale","16":"featured","17":"taxable","18":"shipping-taxable","19":"purchasable","20":"product-type-simple"},"jetpack_sharing_enabled":true,"_links":{"self":[{"href":"https:\/\/mooncraft.com.pl\/index.php?rest_route=\/wp\/v2\/product\/18802","targetHints":{"allow":["GET"]}}],"collection":[{"href":"https:\/\/mooncraft.com.pl\/index.php?rest_route=\/wp\/v2\/product"}],"about":[{"href":"https:\/\/mooncraft.com.pl\/index.php?rest_route=\/wp\/v2\/types\/product"}],"wp:featuredmedia":[{"embeddable":true,"href":"https:\/\/mooncraft.com.pl\/index.php?rest_route=\/wp\/v2\/media\/18767"}],"wp:attachment":[{"href":"https:\/\/mooncraft.com.pl\/index.php?rest_route=%2Fwp%2Fv2%2Fmedia&parent=18802"}],"wp:term":[{"taxonomy":"product_brand","embeddable":true,"href":"https:\/\/mooncraft.com.pl\/index.php?rest_route=%2Fwp%2Fv2%2Fproduct_brand&post=18802"},{"taxonomy":"product_cat","embeddable":true,"href":"https:\/\/mooncraft.com.pl\/index.php?rest_route=%2Fwp%2Fv2%2Fproduct_cat&post=18802"},{"taxonomy":"product_tag","embeddable":true,"href":"https:\/\/mooncraft.com.pl\/index.php?rest_route=%2Fwp%2Fv2%2Fproduct_tag&post=18802"}],"curies":[{"name":"wp","href":"https:\/\/api.w.org\/{rel}","templated":true}]}}