{"id":18722,"date":"2025-02-07T18:21:06","date_gmt":"2025-02-07T18:21:06","guid":{"rendered":"https:\/\/mooncraft.com.pl\/?post_type=product&#038;p=18722"},"modified":"2025-08-11T08:52:03","modified_gmt":"2025-08-11T08:52:03","slug":"torebka-ksiezycowa-bezova","status":"publish","type":"product","link":"https:\/\/mooncraft.com.pl\/?product=torebka-ksiezycowa-bezova","title":{"rendered":"Torebka ksi\u0119\u017cycowa &#8211; BEZOVA"},"content":{"rendered":"<p>WYMIARY:<span class=\"text_exposed_show\"><br \/>\n<\/span><\/p>\n<p>wysoko\u015b\u0107 ok. 21cm<\/p>\n<p>szeroko\u015b\u0107 ok. 23cm<\/p>\n<p>g\u0142\u0119boko\u015b\u0107 (mierzona klapka)\u00a0 &#8211; oko\u0142o 9cm<\/p>\n<p>Torebka jest usztywniana, zachowuje swoj\u0105 form\u0119 nawet z samym portfelem w \u015brodku \ud83d\ude09<\/p>\n<p><span style=\"font-size: 16px\">Pasek regulowany z ta\u015bmy bawe\u0142nianej (mi\u0119kka przyjemna w dotyku).<\/span><\/p>\n<p><span style=\"font-size: 16px\">Pasek jest odpinany &#8211; mo\u017cna nosi\u0107 przez rami\u0119 na skos, mo\u017cna skr\u00f3ci\u0107 i mie\u0107 torebk\u0119 pod r\u0119k\u0105 <\/span><span class=\"_47e3 _5mfr\" style=\"font-size: 16px\" title=\"Emotikon smile\"><img decoding=\"async\" class=\"img\" role=\"presentation\" src=\"https:\/\/static.xx.fbcdn.net\/images\/emoji.php\/v9\/t4c\/1\/16\/1f642.png\" alt=\"1f642\" width=\"16\" height=\"16\" title=\"Torebka ksi\u0119\u017cycowa - BEZOVA\"><\/span><\/p>\n<p>Zamek szaro srebrny, suwad\u0142a srebrne<\/p>\n<p>ta\u015bma be\u017cowa<\/p>\n<p>&nbsp;<\/p>\n<p>regulacja samego paska: 66cm- 124cm<\/p>\n<div class=\"text_exposed_show\">\n<p>materia\u0142 zewn\u0119trzny &#8211; poliester wodoodporny<\/p>\n<p>Podszewka w \u015brodku z materia\u0142u wodoodpornego<\/p>\n<p>W \u015brodku kieszonka na zamek<\/p>\n<\/div>\n","protected":false},"excerpt":{"rendered":"<h5>Idealna alternatywa dla nerki. Wygodna torebka niewielkich rozmiar\u00f3w.<\/h5>\n<p>Mo\u017cna j\u0105 nosi\u0107 przez rami\u0119 lub skr\u00f3ci\u0107 pasek i nosi\u0107 na ramieniu.<\/p>\n<p>metka br\u0105zowa<\/p>\n<p class=\"ni8dbmo4 stjgntxs nred35xi ii04i59q\" data-testid=\"messenger_incoming_text_row\">Produkt w magazynie: wysy\u0142ka 1-3dni roboczych od zaksi\u0119gowania wp\u0142aty.<br \/>\nProdukt na zam\u00f3wienie: wysy\u0142ka do 14 dni roboczych od zaksi\u0119gowania wp\u0142aty.<\/p>\n<p>uwaga: jest to r\u0119kodzie\u0142o &#8211; u\u0142o\u017cenie wzoru na zam\u00f3wionej torebce mo\u017ce r\u00f3\u017cni\u0107 si\u0119 od zdj\u0119cia. Ale bez obaw ! Staramy si\u0119 aby ka\u017cdy uszyty model wygl\u0105da\u0142 pi\u0119knie \ud83d\ude42<\/p>\n","protected":false},"featured_media":18696,"template":"","meta":{"site-sidebar-layout":"default","site-content-layout":"default","ast-site-content-layout":"default","site-content-style":"default","site-sidebar-style":"default","ast-global-header-display":"","ast-banner-title-visibility":"","ast-main-header-display":"","ast-hfb-above-header-display":"","ast-hfb-below-header-display":"","ast-hfb-mobile-header-display":"","site-post-title":"","ast-breadcrumbs-content":"","ast-featured-img":"","footer-sml-layout":"","ast-disable-related-posts":"","theme-transparent-header-meta":"default","adv-header-id-meta":"","stick-header-meta":"","header-above-stick-meta":"","header-main-stick-meta":"","header-below-stick-meta":"","astra-migrate-meta-layouts":"set","ast-page-background-enabled":"default","ast-page-background-meta":{"desktop":{"background-color":"","background-image":"","background-repeat":"repeat","background-position":"center center","background-size":"auto","background-attachment":"scroll","background-type":"","background-media":"","overlay-type":"","overlay-color":"","overlay-opacity":"","overlay-gradient":""},"tablet":{"background-color":"","background-image":"","background-repeat":"repeat","background-position":"center center","background-size":"auto","background-attachment":"scroll","background-type":"","background-media":"","overlay-type":"","overlay-color":"","overlay-opacity":"","overlay-gradient":""},"mobile":{"background-color":"","background-image":"","background-repeat":"repeat","background-position":"center center","background-size":"auto","background-attachment":"scroll","background-type":"","background-media":"","overlay-type":"","overlay-color":"","overlay-opacity":"","overlay-gradient":""}},"ast-content-background-meta":{"desktop":{"background-color":"var(--ast-global-color-5)","background-image":"","background-repeat":"repeat","background-position":"center center","background-size":"auto","background-attachment":"scroll","background-type":"","background-media":"","overlay-type":"","overlay-color":"","overlay-opacity":"","overlay-gradient":""},"tablet":{"background-color":"var(--ast-global-color-5)","background-image":"","background-repeat":"repeat","background-position":"center center","background-size":"auto","background-attachment":"scroll","background-type":"","background-media":"","overlay-type":"","overlay-color":"","overlay-opacity":"","overlay-gradient":""},"mobile":{"background-color":"var(--ast-global-color-5)","background-image":"","background-repeat":"repeat","background-position":"center center","background-size":"auto","background-attachment":"scroll","background-type":"","background-media":"","overlay-type":"","overlay-color":"","overlay-opacity":"","overlay-gradient":""}}},"product_brand":[],"product_cat":[82,110,123],"product_tag":[],"class_list":{"0":"post-18722","1":"product","2":"type-product","3":"status-publish","4":"has-post-thumbnail","6":"product_cat-dlaciebie","7":"product_cat-torby","8":"product_cat-ksiezycowa","9":"desktop-align-left","10":"tablet-align-left","11":"mobile-align-left","13":"first","14":"onbackorder","15":"featured","16":"taxable","17":"shipping-taxable","18":"purchasable","19":"product-type-simple"},"jetpack_sharing_enabled":true,"_links":{"self":[{"href":"https:\/\/mooncraft.com.pl\/index.php?rest_route=\/wp\/v2\/product\/18722","targetHints":{"allow":["GET"]}}],"collection":[{"href":"https:\/\/mooncraft.com.pl\/index.php?rest_route=\/wp\/v2\/product"}],"about":[{"href":"https:\/\/mooncraft.com.pl\/index.php?rest_route=\/wp\/v2\/types\/product"}],"wp:featuredmedia":[{"embeddable":true,"href":"https:\/\/mooncraft.com.pl\/index.php?rest_route=\/wp\/v2\/media\/18696"}],"wp:attachment":[{"href":"https:\/\/mooncraft.com.pl\/index.php?rest_route=%2Fwp%2Fv2%2Fmedia&parent=18722"}],"wp:term":[{"taxonomy":"product_brand","embeddable":true,"href":"https:\/\/mooncraft.com.pl\/index.php?rest_route=%2Fwp%2Fv2%2Fproduct_brand&post=18722"},{"taxonomy":"product_cat","embeddable":true,"href":"https:\/\/mooncraft.com.pl\/index.php?rest_route=%2Fwp%2Fv2%2Fproduct_cat&post=18722"},{"taxonomy":"product_tag","embeddable":true,"href":"https:\/\/mooncraft.com.pl\/index.php?rest_route=%2Fwp%2Fv2%2Fproduct_tag&post=18722"}],"curies":[{"name":"wp","href":"https:\/\/api.w.org\/{rel}","templated":true}]}}