{"id":18586,"date":"2025-01-08T18:23:33","date_gmt":"2025-01-08T18:23:33","guid":{"rendered":"https:\/\/mooncraft.com.pl\/?post_type=product&#038;p=18586"},"modified":"2025-06-02T20:44:45","modified_gmt":"2025-06-02T20:44:45","slug":"dogy-trawieniec-wolowy-100g","status":"publish","type":"product","link":"https:\/\/mooncraft.com.pl\/?product=dogy-trawieniec-wolowy-100g","title":{"rendered":"DOGY &#8211; Trawieniec Wo\u0142owy 100g"},"content":{"rendered":"<section>\n<section>\n<section>\n<section>\n<section>\n<section id=\"opis-produktu\" class=\"section_product section_product--part_of_bar section_product--first_item_of_bar section_product--v1 section section_product--v1__desc section--padding-top-medium\">\n<div class=\"section_body\">\n<div class=\"productDesc productDesc--full container\">\n<div class=\"productDesc__left grow productDesc__left--no_params\">\n<div class=\"productDesc__desc typography\">\n<p><strong>Sk\u0142ad:<\/strong>\u00a0Trawieniec Wo\u0142owy 100%<\/p>\n<p><strong>Sk\u0142ad analityczny:\u00a0<\/strong>Bia\u0142ko \u2013 39%, T\u0142uszcz \u2013 50,8%, Wilgotno\u015b\u0107 &#8211; 4,1%<\/p>\n<h3>Zalety:<\/h3>\n<ul>\n<li>Wspomaganie trawienia i\u00a0perystaltyki jelit: Trawieniec Wo\u0142owy to przysmak bogaty w\u00a0naturalne sk\u0142adniki od\u017cywcze, kt\u00f3re pomagaj\u0105 w\u00a0utrzymaniu zdrowego trawienia i\u00a0regularnej perystaltyki jelit. Dzi\u0119ki temu przysmakowi Tw\u00f3j pies mo\u017ce cieszy\u0107 si\u0119 dobrze funkcjonuj\u0105cym uk\u0142adem pokarmowym.<\/li>\n<li>Poprawa apetytu: Smakowite kawa\u0142ki Trawiencu Wo\u0142owego zach\u0119caj\u0105 Twojego psa do jedzenia, co jest istotne szczeg\u00f3lnie dla ps\u00f3w o\u00a0zmniejszonym apetycie lub\u00a0wybrednych jedz\u0105cych.<\/li>\n<li>Naturalne sk\u0142adniki: DOGY Trawieniec Wo\u0142owy jest wykonany z\u00a0naturalnych sk\u0142adnik\u00f3w, bez dodatk\u00f3w sztucznych barwnik\u00f3w czy\u00a0konserwant\u00f3w, co czyni go bezpiecznym i\u00a0zdrowym przysmakiem dla Twojego psa.<\/li>\n<li>Wysoka przyswajalno\u015b\u0107: Sk\u0142adniki Trawiencu Wo\u0142owego s\u0105 \u0142atwo przyswajalne przez organizm psa, co pozwala mu czerpa\u0107 maksymalne korzy\u015bci z\u00a0tego pysznego przysmaku.<\/li>\n<\/ul>\n<h3>Znaczenie Trawie\u0144ca Wo\u0142owego w\u00a0Diecie Psa:<\/h3>\n<p>Trawieniec Wo\u0142owy to nie tylko smaczna przek\u0105ska, ale\u00a0r\u00f3wnie\u017c warto\u015bciowy dodatek do diety Twojego psa. Bogactwo naturalnych sk\u0142adnik\u00f3w od\u017cywczych wspiera zdrowie uk\u0142adu pokarmowego oraz\u00a0og\u00f3ln\u0105 kondycj\u0119 Twojego pupila. Dzi\u0119ki regularnemu spo\u017cywaniu Trawie\u0144ca Wo\u0142owego mo\u017cesz pom\u00f3c utrzyma\u0107 prawid\u0142owe trawienie oraz\u00a0zapewni\u0107 psu apetyczne i\u00a0zbilansowane posi\u0142ki.<\/p>\n<p>Daj swojemu psu to, co najlepsze &#8211; DOGY Trawieniec Wo\u0142owy. Nie tylko zadowoli on jego kubki smakowe, ale\u00a0tak\u017ce wspomo\u017ce jego trawienie i\u00a0zach\u0119ci do zdrowego jedzenia!<\/p>\n<\/div>\n<\/div>\n<\/div>\n<\/div>\n<\/section>\n<\/section>\n<\/section>\n<\/section>\n<\/section>\n<\/section>\n","protected":false},"excerpt":{"rendered":"<p>Nasz Trawieniec Wo\u0142owy to doskona\u0142a propozycja dla Twojego psa, wspieraj\u0105ca zdrowie jelit i\u00a0poprawiaj\u0105ca apetyt.<\/p>\n","protected":false},"featured_media":18590,"template":"","meta":{"site-sidebar-layout":"default","site-content-layout":"","ast-site-content-layout":"default","site-content-style":"default","site-sidebar-style":"default","ast-global-header-display":"","ast-banner-title-visibility":"","ast-main-header-display":"","ast-hfb-above-header-display":"","ast-hfb-below-header-display":"","ast-hfb-mobile-header-display":"","site-post-title":"","ast-breadcrumbs-content":"","ast-featured-img":"","footer-sml-layout":"","ast-disable-related-posts":"","theme-transparent-header-meta":"default","adv-header-id-meta":"","stick-header-meta":"","header-above-stick-meta":"","header-main-stick-meta":"","header-below-stick-meta":"","astra-migrate-meta-layouts":"set","ast-page-background-enabled":"default","ast-page-background-meta":{"desktop":{"background-color":"","background-image":"","background-repeat":"repeat","background-position":"center center","background-size":"auto","background-attachment":"scroll","background-type":"","background-media":"","overlay-type":"","overlay-color":"","overlay-opacity":"","overlay-gradient":""},"tablet":{"background-color":"","background-image":"","background-repeat":"repeat","background-position":"center center","background-size":"auto","background-attachment":"scroll","background-type":"","background-media":"","overlay-type":"","overlay-color":"","overlay-opacity":"","overlay-gradient":""},"mobile":{"background-color":"","background-image":"","background-repeat":"repeat","background-position":"center center","background-size":"auto","background-attachment":"scroll","background-type":"","background-media":"","overlay-type":"","overlay-color":"","overlay-opacity":"","overlay-gradient":""}},"ast-content-background-meta":{"desktop":{"background-color":"var(--ast-global-color-5)","background-image":"","background-repeat":"repeat","background-position":"center center","background-size":"auto","background-attachment":"scroll","background-type":"","background-media":"","overlay-type":"","overlay-color":"","overlay-opacity":"","overlay-gradient":""},"tablet":{"background-color":"var(--ast-global-color-5)","background-image":"","background-repeat":"repeat","background-position":"center center","background-size":"auto","background-attachment":"scroll","background-type":"","background-media":"","overlay-type":"","overlay-color":"","overlay-opacity":"","overlay-gradient":""},"mobile":{"background-color":"var(--ast-global-color-5)","background-image":"","background-repeat":"repeat","background-position":"center center","background-size":"auto","background-attachment":"scroll","background-type":"","background-media":"","overlay-type":"","overlay-color":"","overlay-opacity":"","overlay-gradient":""}}},"product_brand":[],"product_cat":[85,159,170],"product_tag":[],"class_list":{"0":"post-18586","1":"product","2":"type-product","3":"status-publish","4":"has-post-thumbnail","6":"product_cat-dlapsa","7":"product_cat-smakolyki","8":"product_cat-przysmaki","9":"desktop-align-left","10":"tablet-align-left","11":"mobile-align-left","13":"first","14":"instock","15":"taxable","16":"shipping-taxable","17":"purchasable","18":"product-type-simple"},"jetpack_sharing_enabled":true,"_links":{"self":[{"href":"https:\/\/mooncraft.com.pl\/index.php?rest_route=\/wp\/v2\/product\/18586","targetHints":{"allow":["GET"]}}],"collection":[{"href":"https:\/\/mooncraft.com.pl\/index.php?rest_route=\/wp\/v2\/product"}],"about":[{"href":"https:\/\/mooncraft.com.pl\/index.php?rest_route=\/wp\/v2\/types\/product"}],"wp:featuredmedia":[{"embeddable":true,"href":"https:\/\/mooncraft.com.pl\/index.php?rest_route=\/wp\/v2\/media\/18590"}],"wp:attachment":[{"href":"https:\/\/mooncraft.com.pl\/index.php?rest_route=%2Fwp%2Fv2%2Fmedia&parent=18586"}],"wp:term":[{"taxonomy":"product_brand","embeddable":true,"href":"https:\/\/mooncraft.com.pl\/index.php?rest_route=%2Fwp%2Fv2%2Fproduct_brand&post=18586"},{"taxonomy":"product_cat","embeddable":true,"href":"https:\/\/mooncraft.com.pl\/index.php?rest_route=%2Fwp%2Fv2%2Fproduct_cat&post=18586"},{"taxonomy":"product_tag","embeddable":true,"href":"https:\/\/mooncraft.com.pl\/index.php?rest_route=%2Fwp%2Fv2%2Fproduct_tag&post=18586"}],"curies":[{"name":"wp","href":"https:\/\/api.w.org\/{rel}","templated":true}]}}