{"id":18583,"date":"2025-01-08T18:22:25","date_gmt":"2025-01-08T18:22:25","guid":{"rendered":"https:\/\/mooncraft.com.pl\/?post_type=product&#038;p=18583"},"modified":"2025-08-25T13:40:22","modified_gmt":"2025-08-25T13:40:22","slug":"dogy-batonik-wolowo-owocowy-12cm-1szt","status":"publish","type":"product","link":"https:\/\/mooncraft.com.pl\/?product=dogy-batonik-wolowo-owocowy-12cm-1szt","title":{"rendered":"DOGY &#8211; Batonik wo\u0142owo &#8211; owocowy 12cm 1szt"},"content":{"rendered":"<section>\n<section>\n<section>\n<section>\n<section>\n<section id=\"opis-produktu\" class=\"section_product section_product--part_of_bar section_product--first_item_of_bar section_product--v1 section section_product--v1__desc section--padding-top-medium\">\n<div class=\"section_body\">\n<div class=\"productDesc productDesc--full container\">\n<div class=\"productDesc__left grow productDesc__left--no_params\">\n<div class=\"productDesc__desc typography\">\n<p><strong>Sk\u0142ad Najwy\u017cszej Jako\u015bci:<\/strong><\/p>\n<ul>\n<li>Sk\u00f3ra Wo\u0142owa (95,5%): G\u0142\u00f3wny sk\u0142adnik, sk\u00f3ra wo\u0142owa, dostarcza bia\u0142ka i\u00a0energii, a\u00a0jednocze\u015bnie stymuluje naturaln\u0105 potrzeb\u0119 \u017cucia u psa.<\/li>\n<li>\u017bwacz Wo\u0142owy (2%): \u017bwacz wo\u0142owy jest naturalnym \u017ar\u00f3d\u0142em kolagenu, kt\u00f3re wspomaga zdrowie staw\u00f3w, chrz\u0105stek i\u00a0wi\u0119zade\u0142 u psa. Regularne spo\u017cywanie \u017cwacza mo\u017ce pom\u00f3c w\u00a0utrzymaniu elastyczno\u015bci i\u00a0ruchomo\u015bci staw\u00f3w, szczeg\u00f3lnie u starszych ps\u00f3w oraz\u00a0ps\u00f3w podatnych na\u00a0problemy stawowe.<\/li>\n<li>Penis Wo\u0142owy (1%): Penis wo\u0142owy jest bogatym \u017ar\u00f3d\u0142em bia\u0142ka oraz\u00a0sk\u0142adnik\u00f3w od\u017cywczych, takich jak tauryna i\u00a0kolagen.<\/li>\n<li>Owoce Le\u015bne (malina 0,5%, \u017curawina 0,5%, bor\u00f3wka 0,5%): Dodatek malin, \u017curawiny i\u00a0bor\u00f3wki nie tylko wzbogaca smak przek\u0105ski, ale\u00a0tak\u017ce dostarcza psu cennych witamin, minera\u0142\u00f3w i\u00a0przeciwutleniaczy, wspieraj\u0105c jego og\u00f3lne zdrowie i\u00a0odporno\u015b\u0107.<\/li>\n<\/ul>\n<p><strong>Analiza:<\/strong>\u00a0Bia\u0142ko surowe \u2013 92,7%, Oleje i\u00a0t\u0142uszcze surowe \u2013 1,9%, Popi\u00f3\u0142 surowy \u2013 1,2%, W\u0142\u00f3kno surowe: &lt;0,3%<\/p>\n<h3><strong>Korzy\u015bci Dla Psa:<\/strong><\/h3>\n<p><strong>Naturalny Sk\u0142ad:<\/strong>\u00a0Batonik DOGY wyr\u00f3\u017cnia si\u0119 wysokiej jako\u015bci sk\u00f3r\u0105 wo\u0142owej. Dzi\u0119ki temu Tw\u00f3j pies dostaje nie tylko naturaln\u0105 ale\u00a0i\u00a0atrakcyjn\u0105 przek\u0105sk\u0119, pozbawion\u0105 sztucznych barwnik\u00f3w i\u00a0konserwant\u00f3w.<\/p>\n<p><strong>Bogate \u0179r\u00f3d\u0142o Bia\u0142ka:<\/strong>\u00a0Sk\u00f3ra wo\u0142owa to doskona\u0142e \u017ar\u00f3d\u0142o bia\u0142ka, kt\u00f3re wspiera utrzymanie silnych mi\u0119\u015bni i\u00a0zdrowej tkanki.<\/p>\n<p><strong>Zdrowe Z\u0119by i\u00a0Dzi\u0105s\u0142a:<\/strong>\u00a0ucie batonika DOGY pomaga w\u00a0naturalnym mechanicznym oczyszczaniu z\u0119b\u00f3w i\u00a0dzi\u0105se\u0142, wspomagaj\u0105c zdrowie jamy ustnej Twojego psa oraz\u00a0redukuj\u0105c nieprzyjemny oddech.<\/p>\n<p><strong>Doskona\u0142a Rozrywka:<\/strong>\u00a0Nie tylko smakowity, ale\u00a0tak\u017ce d\u0142ugotrwa\u0142y. Batonik DOGY jest gryzakiem &#8222;na d\u0142u\u017cej&#8221; dzi\u0119ki czemu zapewnia Twojemu psu d\u0142ugotrwa\u0142\u0105 rozrywk\u0119.<\/p>\n<p><strong>Bezpiecze\u0144stwo:<\/strong>\u00a0Produkty Dogy s\u0105 wolne od cukru, glutenu, konserwant\u00f3w i\u00a0substancji chemicznych. Wype\u0142nienie gryzak\u00f3w jest bezpieczne i\u00a0nie zawiera ostrych element\u00f3w, kt\u00f3re mog\u0142yby zrani\u0107 psa.<\/p>\n<\/div>\n<\/div>\n<\/div>\n<\/div>\n<\/section>\n<\/section>\n<\/section>\n<\/section>\n<\/section>\n<\/section>\n","protected":false},"excerpt":{"rendered":"<h6>Batonik DOGY wykonany z\u00a0najwy\u017cszej jako\u015bci sk\u00f3ry wo\u0142owej oraz\u00a0wyselekcjonowanych owoc\u00f3w le\u015bnych, takich jak maliny, \u017curawina i\u00a0bor\u00f3wka. To nie tylko pyszna przek\u0105ska, ale\u00a0tak\u017ce pe\u0142nowarto\u015bciowy dodatek do codziennej diety Twojego pupila.<\/h6>\n","protected":false},"featured_media":18592,"template":"","meta":{"site-sidebar-layout":"default","site-content-layout":"","ast-site-content-layout":"default","site-content-style":"default","site-sidebar-style":"default","ast-global-header-display":"","ast-banner-title-visibility":"","ast-main-header-display":"","ast-hfb-above-header-display":"","ast-hfb-below-header-display":"","ast-hfb-mobile-header-display":"","site-post-title":"","ast-breadcrumbs-content":"","ast-featured-img":"","footer-sml-layout":"","ast-disable-related-posts":"","theme-transparent-header-meta":"default","adv-header-id-meta":"","stick-header-meta":"","header-above-stick-meta":"","header-main-stick-meta":"","header-below-stick-meta":"","astra-migrate-meta-layouts":"set","ast-page-background-enabled":"default","ast-page-background-meta":{"desktop":{"background-color":"","background-image":"","background-repeat":"repeat","background-position":"center center","background-size":"auto","background-attachment":"scroll","background-type":"","background-media":"","overlay-type":"","overlay-color":"","overlay-opacity":"","overlay-gradient":""},"tablet":{"background-color":"","background-image":"","background-repeat":"repeat","background-position":"center center","background-size":"auto","background-attachment":"scroll","background-type":"","background-media":"","overlay-type":"","overlay-color":"","overlay-opacity":"","overlay-gradient":""},"mobile":{"background-color":"","background-image":"","background-repeat":"repeat","background-position":"center center","background-size":"auto","background-attachment":"scroll","background-type":"","background-media":"","overlay-type":"","overlay-color":"","overlay-opacity":"","overlay-gradient":""}},"ast-content-background-meta":{"desktop":{"background-color":"var(--ast-global-color-5)","background-image":"","background-repeat":"repeat","background-position":"center center","background-size":"auto","background-attachment":"scroll","background-type":"","background-media":"","overlay-type":"","overlay-color":"","overlay-opacity":"","overlay-gradient":""},"tablet":{"background-color":"var(--ast-global-color-5)","background-image":"","background-repeat":"repeat","background-position":"center center","background-size":"auto","background-attachment":"scroll","background-type":"","background-media":"","overlay-type":"","overlay-color":"","overlay-opacity":"","overlay-gradient":""},"mobile":{"background-color":"var(--ast-global-color-5)","background-image":"","background-repeat":"repeat","background-position":"center center","background-size":"auto","background-attachment":"scroll","background-type":"","background-media":"","overlay-type":"","overlay-color":"","overlay-opacity":"","overlay-gradient":""}}},"product_brand":[],"product_cat":[85,159,169],"product_tag":[],"class_list":{"0":"post-18583","1":"product","2":"type-product","3":"status-publish","4":"has-post-thumbnail","6":"product_cat-dlapsa","7":"product_cat-smakolyki","8":"product_cat-gryzaki","9":"desktop-align-left","10":"tablet-align-left","11":"mobile-align-left","13":"first","14":"instock","15":"taxable","16":"shipping-taxable","17":"purchasable","18":"product-type-simple"},"jetpack_sharing_enabled":true,"_links":{"self":[{"href":"https:\/\/mooncraft.com.pl\/index.php?rest_route=\/wp\/v2\/product\/18583","targetHints":{"allow":["GET"]}}],"collection":[{"href":"https:\/\/mooncraft.com.pl\/index.php?rest_route=\/wp\/v2\/product"}],"about":[{"href":"https:\/\/mooncraft.com.pl\/index.php?rest_route=\/wp\/v2\/types\/product"}],"wp:featuredmedia":[{"embeddable":true,"href":"https:\/\/mooncraft.com.pl\/index.php?rest_route=\/wp\/v2\/media\/18592"}],"wp:attachment":[{"href":"https:\/\/mooncraft.com.pl\/index.php?rest_route=%2Fwp%2Fv2%2Fmedia&parent=18583"}],"wp:term":[{"taxonomy":"product_brand","embeddable":true,"href":"https:\/\/mooncraft.com.pl\/index.php?rest_route=%2Fwp%2Fv2%2Fproduct_brand&post=18583"},{"taxonomy":"product_cat","embeddable":true,"href":"https:\/\/mooncraft.com.pl\/index.php?rest_route=%2Fwp%2Fv2%2Fproduct_cat&post=18583"},{"taxonomy":"product_tag","embeddable":true,"href":"https:\/\/mooncraft.com.pl\/index.php?rest_route=%2Fwp%2Fv2%2Fproduct_tag&post=18583"}],"curies":[{"name":"wp","href":"https:\/\/api.w.org\/{rel}","templated":true}]}}