{"id":18579,"date":"2025-01-07T17:41:12","date_gmt":"2025-01-07T17:41:12","guid":{"rendered":"https:\/\/mooncraft.com.pl\/?post_type=product&#038;p=18579"},"modified":"2025-11-14T15:01:18","modified_gmt":"2025-11-14T15:01:18","slug":"woolf-chunkies-100g-duck-kaczka-2","status":"publish","type":"product","link":"https:\/\/mooncraft.com.pl\/?product=woolf-chunkies-100g-duck-kaczka-2","title":{"rendered":"WOOLF &#8211;  Chunkies 100g &#8211; Beef  \u2013 wo\u0142owina"},"content":{"rendered":"<p>Przysmak dla ps\u00f3w wszystkich ras.<\/p>\n<p>Przysmaki przygotowane s\u0105 w 100% z wysokiej jako\u015bci \u017ar\u00f3de\u0142 bia\u0142ka aby zapewni\u0107 najwy\u017csz\u0105 jako\u015b\u0107 i najlepsze spo\u017cycie przez zwierz\u0119. Produkty raz przygotowane s\u0105 od razu pakowane bez dodatk\u00f3w chemicznych, barwnik\u00f3w i konserwant\u00f3w. Aby zapewni\u0107 najlepsz\u0105 ochron\u0119 w opakowaniu znajduje si\u0119 poch\u0142aniacz wilgoci<\/p>\n<p style=\"margin-top: 0px;margin-bottom: 10px;font-family: Oswald, Arial, Helvetica, sans-serif;font-size: 14px;font-style: normal;font-weight: 400;letter-spacing: normal;text-align: start;text-indent: 0px;text-transform: none;text-decoration: none\"><strong style=\"font-weight: bolder\">Sk\u0142ad:<\/strong><span class=\"Apple-converted-space\">&nbsp;<\/span>wo\u0142owina 85%, gliceryna 3%<\/p>\n<p style=\"margin-top: 0px;margin-bottom: 10px;font-family: Oswald, Arial, Helvetica, sans-serif;font-size: 14px;font-style: normal;font-weight: 400;letter-spacing: normal;text-align: start;text-indent: 0px;text-transform: none;text-decoration: none\"><strong style=\"font-weight: bolder\">Analiza:<\/strong><span class=\"Apple-converted-space\">&nbsp;<\/span>bia\u0142ko surowe 30%, t\u0142uszcz surowy 4%, w\u0142\u00f3kno surowe 1%, popi\u00f3\u0142 surowy 2,5%, wilgotno\u015b\u0107 22%.<\/p>\n<p><strong>Opakowanie 100g<\/strong>&nbsp;W woreczku do wielokrotnego zamykania<\/p>\n<p>Podawa\u0107 jako przysmak lub nagrod\u0119.<\/p>\n","protected":false},"excerpt":{"rendered":"<p>Wyj\u0105tkowe mi\u0119kkie smaczki ma\u0142ego rozmiaru, idealne do treningu dla ka\u017cdej wielko\u015bci psiaka.<\/p>\n<p>&nbsp;<\/p>\n","protected":false},"featured_media":18574,"template":"","meta":{"site-sidebar-layout":"default","site-content-layout":"","ast-site-content-layout":"default","site-content-style":"default","site-sidebar-style":"default","ast-global-header-display":"","ast-banner-title-visibility":"","ast-main-header-display":"","ast-hfb-above-header-display":"","ast-hfb-below-header-display":"","ast-hfb-mobile-header-display":"","site-post-title":"","ast-breadcrumbs-content":"","ast-featured-img":"","footer-sml-layout":"","ast-disable-related-posts":"","theme-transparent-header-meta":"default","adv-header-id-meta":"","stick-header-meta":"","header-above-stick-meta":"","header-main-stick-meta":"","header-below-stick-meta":"","astra-migrate-meta-layouts":"set","ast-page-background-enabled":"default","ast-page-background-meta":{"desktop":{"background-color":"","background-image":"","background-repeat":"repeat","background-position":"center center","background-size":"auto","background-attachment":"scroll","background-type":"","background-media":"","overlay-type":"","overlay-color":"","overlay-opacity":"","overlay-gradient":""},"tablet":{"background-color":"","background-image":"","background-repeat":"repeat","background-position":"center center","background-size":"auto","background-attachment":"scroll","background-type":"","background-media":"","overlay-type":"","overlay-color":"","overlay-opacity":"","overlay-gradient":""},"mobile":{"background-color":"","background-image":"","background-repeat":"repeat","background-position":"center center","background-size":"auto","background-attachment":"scroll","background-type":"","background-media":"","overlay-type":"","overlay-color":"","overlay-opacity":"","overlay-gradient":""}},"ast-content-background-meta":{"desktop":{"background-color":"var(--ast-global-color-5)","background-image":"","background-repeat":"repeat","background-position":"center center","background-size":"auto","background-attachment":"scroll","background-type":"","background-media":"","overlay-type":"","overlay-color":"","overlay-opacity":"","overlay-gradient":""},"tablet":{"background-color":"var(--ast-global-color-5)","background-image":"","background-repeat":"repeat","background-position":"center center","background-size":"auto","background-attachment":"scroll","background-type":"","background-media":"","overlay-type":"","overlay-color":"","overlay-opacity":"","overlay-gradient":""},"mobile":{"background-color":"var(--ast-global-color-5)","background-image":"","background-repeat":"repeat","background-position":"center center","background-size":"auto","background-attachment":"scroll","background-type":"","background-media":"","overlay-type":"","overlay-color":"","overlay-opacity":"","overlay-gradient":""}}},"product_brand":[],"product_cat":[85,159,170],"product_tag":[],"class_list":{"0":"post-18579","1":"product","2":"type-product","3":"status-publish","4":"has-post-thumbnail","6":"product_cat-dlapsa","7":"product_cat-smakolyki","8":"product_cat-przysmaki","9":"desktop-align-left","10":"tablet-align-left","11":"mobile-align-left","13":"first","14":"instock","15":"taxable","16":"shipping-taxable","17":"purchasable","18":"product-type-simple"},"jetpack_sharing_enabled":true,"_links":{"self":[{"href":"https:\/\/mooncraft.com.pl\/index.php?rest_route=\/wp\/v2\/product\/18579","targetHints":{"allow":["GET"]}}],"collection":[{"href":"https:\/\/mooncraft.com.pl\/index.php?rest_route=\/wp\/v2\/product"}],"about":[{"href":"https:\/\/mooncraft.com.pl\/index.php?rest_route=\/wp\/v2\/types\/product"}],"wp:featuredmedia":[{"embeddable":true,"href":"https:\/\/mooncraft.com.pl\/index.php?rest_route=\/wp\/v2\/media\/18574"}],"wp:attachment":[{"href":"https:\/\/mooncraft.com.pl\/index.php?rest_route=%2Fwp%2Fv2%2Fmedia&parent=18579"}],"wp:term":[{"taxonomy":"product_brand","embeddable":true,"href":"https:\/\/mooncraft.com.pl\/index.php?rest_route=%2Fwp%2Fv2%2Fproduct_brand&post=18579"},{"taxonomy":"product_cat","embeddable":true,"href":"https:\/\/mooncraft.com.pl\/index.php?rest_route=%2Fwp%2Fv2%2Fproduct_cat&post=18579"},{"taxonomy":"product_tag","embeddable":true,"href":"https:\/\/mooncraft.com.pl\/index.php?rest_route=%2Fwp%2Fv2%2Fproduct_tag&post=18579"}],"curies":[{"name":"wp","href":"https:\/\/api.w.org\/{rel}","templated":true}]}}