{"id":18443,"date":"2024-12-27T15:46:15","date_gmt":"2024-12-27T15:46:15","guid":{"rendered":"https:\/\/mooncraft.com.pl\/?post_type=product&#038;p=18443"},"modified":"2025-07-03T17:36:24","modified_gmt":"2025-07-03T17:36:24","slug":"szelki-bezuciskowe-zwierzatka-lesne","status":"publish","type":"product","link":"https:\/\/mooncraft.com.pl\/?product=szelki-bezuciskowe-zwierzatka-lesne","title":{"rendered":"Szelki Bezuciskowe &#8211; Zwierz\u0105tka Le\u015bne"},"content":{"rendered":"<p>Dobierz najbardziej zbli\u017cony rozmiar szelek oraz podaj wymiary<\/p>\n<p>Szelki zostan\u0105 uszyte na wymiar psiaka<\/p>\n<p>Zam\u00f3wienia Personalizowane nie podlegaj\u0105 zwrotowi wi\u0119c prosz\u0119 o dok\u0142\u0105dne pomiary a w razie problem\u00f3w kontakt w wiadomo\u015bci prywatnej &#8211; ch\u0119tnie pomog\u0119.<\/p>\n<p>&nbsp;<\/p>\n<p>Szelki w standardzie posiadaj\u0105:<\/p>\n<ul>\n<li>dwa metalowe p\u00f3\u0142kola zgrzewane na grzbiecie<\/li>\n<li>Podszycie pianka neoprenowa<\/li>\n<li>dwie klamry duraflex dedykowane dla psiak\u00f3w na tylnej obr\u0119czy ( szelki zak\u0142adane s\u0105 przez g\u0142ow\u0119)<\/li>\n<\/ul>\n<p>&nbsp;<\/p>\n<p>Okucia zgrzewane , niklowane srebrne, antyczny mosi\u0105dz lub czarne (czarne i antyczne okucia z czasem mog\u0105 si\u0119 \u015bciera\u0107, nie podlega to gwarancji, warto mie\u0107 to na uwadze chocia\u017c uwielbiam ten efekt kolorystyczny)<\/p>\n<p>Pra\u0107 r\u0119cznie<\/p>\n<p>&nbsp;<\/p>\n","protected":false},"excerpt":{"rendered":"<p><strong>Ju\u017c czas ! Szelki bezuciskowe dopasowane do Twojego psiaka &lt;3<\/strong><\/p>\n<p>&nbsp;<\/p>\n<p>&nbsp;<\/p>\n<p>Realizacja zam\u00f3wie\u0144 do 14 dni roboczych od zaksi\u0119gowania wp\u0142aty<\/p>\n","protected":false},"featured_media":17645,"template":"","meta":{"site-sidebar-layout":"default","site-content-layout":"","ast-site-content-layout":"default","site-content-style":"default","site-sidebar-style":"default","ast-global-header-display":"","ast-banner-title-visibility":"","ast-main-header-display":"","ast-hfb-above-header-display":"","ast-hfb-below-header-display":"","ast-hfb-mobile-header-display":"","site-post-title":"","ast-breadcrumbs-content":"","ast-featured-img":"","footer-sml-layout":"","ast-disable-related-posts":"","theme-transparent-header-meta":"default","adv-header-id-meta":"","stick-header-meta":"","header-above-stick-meta":"","header-main-stick-meta":"","header-below-stick-meta":"","astra-migrate-meta-layouts":"set","ast-page-background-enabled":"default","ast-page-background-meta":{"desktop":{"background-color":"","background-image":"","background-repeat":"repeat","background-position":"center center","background-size":"auto","background-attachment":"scroll","background-type":"","background-media":"","overlay-type":"","overlay-color":"","overlay-opacity":"","overlay-gradient":""},"tablet":{"background-color":"","background-image":"","background-repeat":"repeat","background-position":"center center","background-size":"auto","background-attachment":"scroll","background-type":"","background-media":"","overlay-type":"","overlay-color":"","overlay-opacity":"","overlay-gradient":""},"mobile":{"background-color":"","background-image":"","background-repeat":"repeat","background-position":"center center","background-size":"auto","background-attachment":"scroll","background-type":"","background-media":"","overlay-type":"","overlay-color":"","overlay-opacity":"","overlay-gradient":""}},"ast-content-background-meta":{"desktop":{"background-color":"var(--ast-global-color-5)","background-image":"","background-repeat":"repeat","background-position":"center center","background-size":"auto","background-attachment":"scroll","background-type":"","background-media":"","overlay-type":"","overlay-color":"","overlay-opacity":"","overlay-gradient":""},"tablet":{"background-color":"var(--ast-global-color-5)","background-image":"","background-repeat":"repeat","background-position":"center center","background-size":"auto","background-attachment":"scroll","background-type":"","background-media":"","overlay-type":"","overlay-color":"","overlay-opacity":"","overlay-gradient":""},"mobile":{"background-color":"var(--ast-global-color-5)","background-image":"","background-repeat":"repeat","background-position":"center center","background-size":"auto","background-attachment":"scroll","background-type":"","background-media":"","overlay-type":"","overlay-color":"","overlay-opacity":"","overlay-gradient":""}}},"product_brand":[],"product_cat":[171,85],"product_tag":[],"class_list":{"0":"post-18443","1":"product","2":"type-product","3":"status-publish","4":"has-post-thumbnail","6":"product_cat-szelki-bezuciskowe","7":"product_cat-dlapsa","8":"product_shipping_class-male-paczki","9":"desktop-align-left","10":"tablet-align-left","11":"mobile-align-left","13":"first","14":"onbackorder","15":"featured","16":"taxable","17":"shipping-taxable","18":"purchasable","19":"product-type-variable"},"jetpack_sharing_enabled":true,"_links":{"self":[{"href":"https:\/\/mooncraft.com.pl\/index.php?rest_route=\/wp\/v2\/product\/18443","targetHints":{"allow":["GET"]}}],"collection":[{"href":"https:\/\/mooncraft.com.pl\/index.php?rest_route=\/wp\/v2\/product"}],"about":[{"href":"https:\/\/mooncraft.com.pl\/index.php?rest_route=\/wp\/v2\/types\/product"}],"wp:featuredmedia":[{"embeddable":true,"href":"https:\/\/mooncraft.com.pl\/index.php?rest_route=\/wp\/v2\/media\/17645"}],"wp:attachment":[{"href":"https:\/\/mooncraft.com.pl\/index.php?rest_route=%2Fwp%2Fv2%2Fmedia&parent=18443"}],"wp:term":[{"taxonomy":"product_brand","embeddable":true,"href":"https:\/\/mooncraft.com.pl\/index.php?rest_route=%2Fwp%2Fv2%2Fproduct_brand&post=18443"},{"taxonomy":"product_cat","embeddable":true,"href":"https:\/\/mooncraft.com.pl\/index.php?rest_route=%2Fwp%2Fv2%2Fproduct_cat&post=18443"},{"taxonomy":"product_tag","embeddable":true,"href":"https:\/\/mooncraft.com.pl\/index.php?rest_route=%2Fwp%2Fv2%2Fproduct_tag&post=18443"}],"curies":[{"name":"wp","href":"https:\/\/api.w.org\/{rel}","templated":true}]}}