{"id":18171,"date":"2024-11-22T13:10:28","date_gmt":"2024-11-22T13:10:28","guid":{"rendered":"https:\/\/mooncraft.com.pl\/?post_type=product&#038;p=18171"},"modified":"2026-03-19T09:47:52","modified_gmt":"2026-03-19T09:47:52","slug":"obroza-niespodzianka-oferta-limitowana","status":"publish","type":"product","link":"https:\/\/mooncraft.com.pl\/?product=obroza-niespodzianka-oferta-limitowana","title":{"rendered":"OBRO\u017bA NIESPODZIANKA &#8211; Oferta Limitowana"},"content":{"rendered":"<p>Podaj faktyczny obw\u00f3d szyi swojego psiaka, obro\u017ca zostanie uszyta z zapasem do regulacji<\/p>\n<p>&nbsp;<\/p>\n<p>Metalowe p\u00f3\u0142kola zgrzewane,<\/p>\n<p>Podszycie pianka nurek lub wysokiej jako\u015bci, mi\u0142y w dotyku welur<\/p>\n<p>W \u015brodku ta\u015bma no\u015bna<\/p>\n<p>Pra\u0107 r\u0119cznie<\/p>\n","protected":false},"excerpt":{"rendered":"<p><strong>Lubisz niespodzianki ? To si\u0119 idealnie sk\u0142ada !<\/strong><\/p>\n<p>Wybierz parametry obro\u017cy jakie Ci\u0119 interesuj\u0105 a my uszyjemy dla Ciebie pi\u0119kn\u0105 obro\u017c\u0119 !<\/p>\n<p>Wszystko szyjemy z najwi\u0119ksz\u0105 staranno\u015bci\u0105 i postaramy si\u0119 mi\u0142o Ci\u0119 zaskoczy\u0107 &lt;3<\/p>\n<p>Oferta dzia\u0142a do wyczerpania puli<\/p>\n<p>&nbsp;<\/p>\n","protected":false},"featured_media":18449,"template":"","meta":{"site-sidebar-layout":"default","site-content-layout":"","ast-site-content-layout":"default","site-content-style":"default","site-sidebar-style":"default","ast-global-header-display":"","ast-banner-title-visibility":"","ast-main-header-display":"","ast-hfb-above-header-display":"","ast-hfb-below-header-display":"","ast-hfb-mobile-header-display":"","site-post-title":"","ast-breadcrumbs-content":"","ast-featured-img":"","footer-sml-layout":"","ast-disable-related-posts":"","theme-transparent-header-meta":"default","adv-header-id-meta":"","stick-header-meta":"","header-above-stick-meta":"","header-main-stick-meta":"","header-below-stick-meta":"","astra-migrate-meta-layouts":"set","ast-page-background-enabled":"default","ast-page-background-meta":{"desktop":{"background-color":"","background-image":"","background-repeat":"repeat","background-position":"center center","background-size":"auto","background-attachment":"scroll","background-type":"","background-media":"","overlay-type":"","overlay-color":"","overlay-opacity":"","overlay-gradient":""},"tablet":{"background-color":"","background-image":"","background-repeat":"repeat","background-position":"center center","background-size":"auto","background-attachment":"scroll","background-type":"","background-media":"","overlay-type":"","overlay-color":"","overlay-opacity":"","overlay-gradient":""},"mobile":{"background-color":"","background-image":"","background-repeat":"repeat","background-position":"center center","background-size":"auto","background-attachment":"scroll","background-type":"","background-media":"","overlay-type":"","overlay-color":"","overlay-opacity":"","overlay-gradient":""}},"ast-content-background-meta":{"desktop":{"background-color":"var(--ast-global-color-5)","background-image":"","background-repeat":"repeat","background-position":"center center","background-size":"auto","background-attachment":"scroll","background-type":"","background-media":"","overlay-type":"","overlay-color":"","overlay-opacity":"","overlay-gradient":""},"tablet":{"background-color":"var(--ast-global-color-5)","background-image":"","background-repeat":"repeat","background-position":"center center","background-size":"auto","background-attachment":"scroll","background-type":"","background-media":"","overlay-type":"","overlay-color":"","overlay-opacity":"","overlay-gradient":""},"mobile":{"background-color":"var(--ast-global-color-5)","background-image":"","background-repeat":"repeat","background-position":"center center","background-size":"auto","background-attachment":"scroll","background-type":"","background-media":"","overlay-type":"","overlay-color":"","overlay-opacity":"","overlay-gradient":""}}},"product_brand":[],"product_cat":[85,94],"product_tag":[],"class_list":{"0":"post-18171","1":"product","2":"type-product","3":"status-publish","4":"has-post-thumbnail","6":"product_cat-dlapsa","7":"product_cat-obroze","8":"product_shipping_class-male-paczki","9":"desktop-align-left","10":"tablet-align-left","11":"mobile-align-left","13":"first","14":"instock","15":"featured","16":"taxable","17":"shipping-taxable","18":"purchasable","19":"product-type-variable"},"jetpack_sharing_enabled":true,"_links":{"self":[{"href":"https:\/\/mooncraft.com.pl\/index.php?rest_route=\/wp\/v2\/product\/18171","targetHints":{"allow":["GET"]}}],"collection":[{"href":"https:\/\/mooncraft.com.pl\/index.php?rest_route=\/wp\/v2\/product"}],"about":[{"href":"https:\/\/mooncraft.com.pl\/index.php?rest_route=\/wp\/v2\/types\/product"}],"wp:featuredmedia":[{"embeddable":true,"href":"https:\/\/mooncraft.com.pl\/index.php?rest_route=\/wp\/v2\/media\/18449"}],"wp:attachment":[{"href":"https:\/\/mooncraft.com.pl\/index.php?rest_route=%2Fwp%2Fv2%2Fmedia&parent=18171"}],"wp:term":[{"taxonomy":"product_brand","embeddable":true,"href":"https:\/\/mooncraft.com.pl\/index.php?rest_route=%2Fwp%2Fv2%2Fproduct_brand&post=18171"},{"taxonomy":"product_cat","embeddable":true,"href":"https:\/\/mooncraft.com.pl\/index.php?rest_route=%2Fwp%2Fv2%2Fproduct_cat&post=18171"},{"taxonomy":"product_tag","embeddable":true,"href":"https:\/\/mooncraft.com.pl\/index.php?rest_route=%2Fwp%2Fv2%2Fproduct_tag&post=18171"}],"curies":[{"name":"wp","href":"https:\/\/api.w.org\/{rel}","templated":true}]}}