{"id":18138,"date":"2024-11-21T19:36:16","date_gmt":"2024-11-21T19:36:16","guid":{"rendered":"https:\/\/mooncraft.com.pl\/?post_type=product&#038;p=18138"},"modified":"2025-11-19T15:08:13","modified_gmt":"2025-11-19T15:08:13","slug":"fiboone-big-puppy","status":"publish","type":"product","link":"https:\/\/mooncraft.com.pl\/?product=fiboone-big-puppy","title":{"rendered":"Fiboone big puppy"},"content":{"rendered":"<div class=\"wpb_column vc_column_container vc_col-sm-6\">\n<div class=\"vc_column-inner\">\n<div class=\"wpb_wrapper\">\n<div class=\"wpb_column vc_column_container vc_col-sm-6\">\n<div class=\"vc_column-inner\">\n<div class=\"wpb_wrapper\">\n<div class=\"wpb_column vc_column_container vc_col-sm-6\">\n<div class=\"vc_column-inner\">\n<div class=\"wpb_wrapper\">\n<div class=\"wpb_column vc_column_container vc_col-sm-6\">\n<div class=\"vc_column-inner\">\n<div class=\"wpb_wrapper\">\n<h2 class=\"vc_custom_heading vc_custom_1701246061281\">PRODUKT ZAWIERA TWORZYWO<br \/>\nPOCHODZ\u0104CE Z RECYKLINGU<\/h2>\n<div class=\"wpb_text_column wpb_content_element\">\n<div class=\"wpb_wrapper\">\n<picture><source srcset=\"https:\/\/fiboo.pl\/wp-content\/webp-express\/webp-images\/uploads\/2020\/02\/correct-2.png.webp\" type=\"image\/webp\" \/><img decoding=\"async\" class=\"alignnone wp-image-7725 webpexpress-processed\" src=\"https:\/\/fiboo.pl\/wp-content\/uploads\/2020\/02\/correct-2.png\" alt=\"Correct 2\" width=\"16\" height=\"16\" title=\"Fiboone big puppy\"><\/picture>\u00a0rozmiar 14cm (dost\u0119pna r\u00f3wnie\u017c w wersji mini)<\/p>\n<picture><source srcset=\"https:\/\/fiboo.pl\/wp-content\/webp-express\/webp-images\/uploads\/2020\/02\/correct-2.png.webp\" type=\"image\/webp\" \/><img decoding=\"async\" class=\"alignnone wp-image-7725 webpexpress-processed\" src=\"https:\/\/fiboo.pl\/wp-content\/uploads\/2020\/02\/correct-2.png\" alt=\"Correct 2\" width=\"16\" height=\"16\" title=\"Fiboone big puppy\"><\/picture>\u00a0ko\u015b\u0107 do \u017cucia dla szczeni\u0105t<\/p>\n<picture><source srcset=\"https:\/\/fiboo.pl\/wp-content\/webp-express\/webp-images\/uploads\/2020\/02\/correct-2.png.webp\" type=\"image\/webp\" \/><img decoding=\"async\" class=\"alignnone wp-image-7725 webpexpress-processed\" src=\"https:\/\/fiboo.pl\/wp-content\/uploads\/2020\/02\/correct-2.png\" alt=\"Correct 2\" width=\"16\" height=\"16\" title=\"Fiboone big puppy\"><\/picture>\u00a0\u0142agodzi b\u00f3l podczas z\u0105bkowania<\/p>\n<picture><source srcset=\"https:\/\/fiboo.pl\/wp-content\/webp-express\/webp-images\/uploads\/2020\/02\/correct-2.png.webp\" type=\"image\/webp\" \/><img decoding=\"async\" class=\"alignnone wp-image-7725 webpexpress-processed\" src=\"https:\/\/fiboo.pl\/wp-content\/uploads\/2020\/02\/correct-2.png\" alt=\"Correct 2\" width=\"16\" height=\"16\" title=\"Fiboone big puppy\"><\/picture>\u00a0delikatna dla dzi\u0105se\u0142<\/p>\n<picture><source srcset=\"https:\/\/fiboo.pl\/wp-content\/webp-express\/webp-images\/uploads\/2020\/02\/correct-2.png.webp\" type=\"image\/webp\" \/><img decoding=\"async\" class=\"alignnone wp-image-7725 webpexpress-processed\" src=\"https:\/\/fiboo.pl\/wp-content\/uploads\/2020\/02\/correct-2.png\" alt=\"Correct 2\" width=\"16\" height=\"16\" title=\"Fiboone big puppy\"><\/picture>\u00a0zapobiega destrukcyjnemu gryzieniu<\/p>\n<picture><source srcset=\"https:\/\/fiboo.pl\/wp-content\/webp-express\/webp-images\/uploads\/2020\/02\/correct-2.png.webp\" type=\"image\/webp\" \/><img decoding=\"async\" class=\"alignnone wp-image-7725 webpexpress-processed\" src=\"https:\/\/fiboo.pl\/wp-content\/uploads\/2020\/02\/correct-2.png\" alt=\"Correct 2\" width=\"16\" height=\"16\" title=\"Fiboone big puppy\"><\/picture>\u00a0idealny rozmiar gryzaka dla szczeni\u0105t wi\u0119kszych ras<\/p>\n<picture><source srcset=\"https:\/\/fiboo.pl\/wp-content\/webp-express\/webp-images\/uploads\/2020\/02\/correct-2.png.webp\" type=\"image\/webp\" \/><img decoding=\"async\" class=\"alignnone wp-image-7725 webpexpress-processed\" src=\"https:\/\/fiboo.pl\/wp-content\/uploads\/2020\/02\/correct-2.png\" alt=\"Correct 2\" width=\"16\" height=\"16\" title=\"Fiboone big puppy\"><\/picture>\u00a0wytrzyma\u0142y<\/p>\n<picture><source srcset=\"https:\/\/fiboo.pl\/wp-content\/webp-express\/webp-images\/uploads\/2020\/02\/correct-2.png.webp\" type=\"image\/webp\" \/><img decoding=\"async\" class=\"alignnone wp-image-7725 webpexpress-processed\" src=\"https:\/\/fiboo.pl\/wp-content\/uploads\/2020\/02\/correct-2.png\" alt=\"Correct 2\" width=\"16\" height=\"16\" title=\"Fiboone big puppy\"><\/picture>\u00a0unosi si\u0119 na wodzie<\/p>\n<picture><source srcset=\"https:\/\/fiboo.pl\/wp-content\/webp-express\/webp-images\/uploads\/2020\/02\/correct-2.png.webp\" type=\"image\/webp\" \/><img decoding=\"async\" class=\"alignnone wp-image-7725 webpexpress-processed\" src=\"https:\/\/fiboo.pl\/wp-content\/uploads\/2020\/02\/correct-2.png\" alt=\"Correct 2\" width=\"16\" height=\"16\" title=\"Fiboone big puppy\"><\/picture>\u00a0nie zawiera toksycznych substancji<\/p>\n<\/div>\n<\/div>\n<pre class=\"vc_custom_heading vc_custom_1701247326158\">W 100% NADAJE SI\u0118 DO PONOWENGO PRZETWORZENIA\r\n\r\n\r\n\r\n\r\n\r\nOSTRZE\u017bENIA I INFORMACJE DOTYCZ\u0104CE BEZPIECZE\u0143STWA\r\nProdukt wy\u0142\u0105cznie do u\u017cytku przez zwierz\u0119ta. Nie pozostawiaj zwierz\u0119cia bez opieki podczas korzystania z produktu. Przed pierwszym u\u017cyciem nale\u017cy dok\u0142adnie umy\u0107 produkt. Producent sugeruje mycie r\u0119czne. Zu\u017cyty lub uszkodzony produkt niezw\u0142ocznie wyrzu\u0107. Je\u017celi podejrzewasz po\u0142kni\u0119cie kawa\u0142ka produktu, skonsultuj si\u0119 z weterynarzem. Miski s\u0105 do u\u017cytku domowego, nie wystawiaj ich na s\u0142o\u0144ce.\r\n\r\nProducent: PLASTEMA Sp. z o. o.\r\nul. Obornicka 1B 62-090, Bytkowo\r\nNIP: 7773261798, REGON: 364271381\r\noffice@fiboo.pl<\/pre>\n<\/div>\n<\/div>\n<\/div>\n<\/div>\n<\/div>\n<\/div>\n<\/div>\n<\/div>\n<\/div>\n<\/div>\n<\/div>\n<\/div>\n","protected":false},"excerpt":{"rendered":"<p>\u0141agodzi b\u00f3l przy z\u0105bkowaniu i destrukcyjne gryzienie.<br \/>\nIdealna dla szczeni\u0105t wi\u0119kszych ras.<\/p>\n<p>&nbsp;<\/p>\n<p>14,5cm<\/p>\n","protected":false},"featured_media":18135,"template":"","meta":{"site-sidebar-layout":"default","site-content-layout":"","ast-site-content-layout":"default","site-content-style":"default","site-sidebar-style":"default","ast-global-header-display":"","ast-banner-title-visibility":"","ast-main-header-display":"","ast-hfb-above-header-display":"","ast-hfb-below-header-display":"","ast-hfb-mobile-header-display":"","site-post-title":"","ast-breadcrumbs-content":"","ast-featured-img":"","footer-sml-layout":"","ast-disable-related-posts":"","theme-transparent-header-meta":"default","adv-header-id-meta":"","stick-header-meta":"","header-above-stick-meta":"","header-main-stick-meta":"","header-below-stick-meta":"","astra-migrate-meta-layouts":"set","ast-page-background-enabled":"default","ast-page-background-meta":{"desktop":{"background-color":"","background-image":"","background-repeat":"repeat","background-position":"center center","background-size":"auto","background-attachment":"scroll","background-type":"","background-media":"","overlay-type":"","overlay-color":"","overlay-opacity":"","overlay-gradient":""},"tablet":{"background-color":"","background-image":"","background-repeat":"repeat","background-position":"center center","background-size":"auto","background-attachment":"scroll","background-type":"","background-media":"","overlay-type":"","overlay-color":"","overlay-opacity":"","overlay-gradient":""},"mobile":{"background-color":"","background-image":"","background-repeat":"repeat","background-position":"center center","background-size":"auto","background-attachment":"scroll","background-type":"","background-media":"","overlay-type":"","overlay-color":"","overlay-opacity":"","overlay-gradient":""}},"ast-content-background-meta":{"desktop":{"background-color":"var(--ast-global-color-5)","background-image":"","background-repeat":"repeat","background-position":"center center","background-size":"auto","background-attachment":"scroll","background-type":"","background-media":"","overlay-type":"","overlay-color":"","overlay-opacity":"","overlay-gradient":""},"tablet":{"background-color":"var(--ast-global-color-5)","background-image":"","background-repeat":"repeat","background-position":"center center","background-size":"auto","background-attachment":"scroll","background-type":"","background-media":"","overlay-type":"","overlay-color":"","overlay-opacity":"","overlay-gradient":""},"mobile":{"background-color":"var(--ast-global-color-5)","background-image":"","background-repeat":"repeat","background-position":"center center","background-size":"auto","background-attachment":"scroll","background-type":"","background-media":"","overlay-type":"","overlay-color":"","overlay-opacity":"","overlay-gradient":""}}},"product_brand":[],"product_cat":[85,166],"product_tag":[],"class_list":{"0":"post-18138","1":"product","2":"type-product","3":"status-publish","4":"has-post-thumbnail","6":"product_cat-dlapsa","7":"product_cat-zabawki","8":"desktop-align-left","9":"tablet-align-left","10":"mobile-align-left","12":"first","13":"instock","14":"taxable","15":"shipping-taxable","16":"purchasable","17":"product-type-variable"},"jetpack_sharing_enabled":true,"_links":{"self":[{"href":"https:\/\/mooncraft.com.pl\/index.php?rest_route=\/wp\/v2\/product\/18138","targetHints":{"allow":["GET"]}}],"collection":[{"href":"https:\/\/mooncraft.com.pl\/index.php?rest_route=\/wp\/v2\/product"}],"about":[{"href":"https:\/\/mooncraft.com.pl\/index.php?rest_route=\/wp\/v2\/types\/product"}],"wp:featuredmedia":[{"embeddable":true,"href":"https:\/\/mooncraft.com.pl\/index.php?rest_route=\/wp\/v2\/media\/18135"}],"wp:attachment":[{"href":"https:\/\/mooncraft.com.pl\/index.php?rest_route=%2Fwp%2Fv2%2Fmedia&parent=18138"}],"wp:term":[{"taxonomy":"product_brand","embeddable":true,"href":"https:\/\/mooncraft.com.pl\/index.php?rest_route=%2Fwp%2Fv2%2Fproduct_brand&post=18138"},{"taxonomy":"product_cat","embeddable":true,"href":"https:\/\/mooncraft.com.pl\/index.php?rest_route=%2Fwp%2Fv2%2Fproduct_cat&post=18138"},{"taxonomy":"product_tag","embeddable":true,"href":"https:\/\/mooncraft.com.pl\/index.php?rest_route=%2Fwp%2Fv2%2Fproduct_tag&post=18138"}],"curies":[{"name":"wp","href":"https:\/\/api.w.org\/{rel}","templated":true}]}}