{"id":17883,"date":"2024-11-08T17:26:19","date_gmt":"2024-11-08T17:26:19","guid":{"rendered":"https:\/\/mooncraft.com.pl\/?post_type=product&#038;p=17883"},"modified":"2025-12-21T15:50:12","modified_gmt":"2025-12-21T15:50:12","slug":"dogy-trojkat-uspokajajacy-12cm-1szt","status":"publish","type":"product","link":"https:\/\/mooncraft.com.pl\/?product=dogy-trojkat-uspokajajacy-12cm-1szt","title":{"rendered":"DOGY Calm Tr\u00f3jk\u0105t Wyciszaj\u0105cy 12cm 1szt"},"content":{"rendered":"<section>\n<section>\n<section>\n<section>\n<section>\n<section id=\"opis-produktu\" class=\"section_product section_product--part_of_bar section_product--first_item_of_bar section_product--v1 section section_product--v1__desc section--padding-top-medium\">\n<div class=\"section_body\">\n<div class=\"productDesc productDesc--full container\">\n<div class=\"productDesc__left grow productDesc__left--no_params\">\n<div class=\"productDesc__desc typography\">\n<h6>Funkcje gryzaka:<\/h6>\n<p><strong>&#8211; Spos\u00f3b na\u00a0roz\u0142adowanie energii:<\/strong>\u00a0Gryzienie to naturalna potrzeba psa, kt\u00f3ra pomaga mu w\u00a0roz\u0142adowaniu nadmiaru energii, szczeg\u00f3lnie po aktywno\u015bci fizycznej lub\u00a0w sytuacjach, kt\u00f3re wywo\u0142uj\u0105 ekscytacj\u0119.<\/p>\n<p><strong>&#8211; Zapobieganie nudzie:<\/strong>\u00a0Tr\u00f3jk\u0105t wyciszaj\u0105cy to idealne zaj\u0119cie, kt\u00f3re skutecznie zapobiega nudzie, co jest szczeg\u00f3lnie istotne podczas d\u0142ugich chwil sp\u0119dzonych w\u00a0domu. Brak zaj\u0119cia mo\u017ce prowadzi\u0107 do niepo\u017c\u0105danych zachowa\u0144, takich jak gryzienie mebli czy\u00a0nadmierne szczekanie \u2013 przysmak pomaga tego unikn\u0105\u0107.<\/p>\n<p><strong>&#8211; Stymulacja umys\u0142owa:\u00a0<\/strong>Gryzak dostarcza psu wyzwa\u0144, kt\u00f3re anga\u017cuj\u0105 jego umys\u0142. Taka aktywno\u015b\u0107 sprzyja poprawie koncentracji oraz\u00a0og\u00f3lnego samopoczucia psa, zw\u0142aszcza w\u00a0momentach, gdy potrzebuje mentalnego zaj\u0119cia.<\/p>\n<p><strong>&#8211; Uspokojenie emocji:<\/strong>\u00a0Dzi\u0119ki zawarto\u015bci naturalnych zi\u00f3\u0142 o\u00a0dzia\u0142aniu relaksacyjnym, tr\u00f3jk\u0105t wyciszaj\u0105cy wspomaga redukcj\u0119 stresu i\u00a0napi\u0119cia emocjonalnego, pomagaj\u0105c psu odnale\u017a\u0107 spok\u00f3j w\u00a0trudnych sytuacjach.<\/p>\n<h6>Sk\u0142ad:<\/h6>\n<p><strong>Sk\u00f3ra wo\u0142owa (94%)\u00a0<\/strong>\u2013 naturalne \u017ar\u00f3d\u0142o bia\u0142ka, kt\u00f3re wspiera zdrowie z\u0119b\u00f3w i\u00a0dzi\u0105se\u0142 oraz\u00a0zaspokaja potrzeb\u0119 gryzienia.\u00a0<strong>Nieaktywne p\u0142atki dro\u017cd\u017cowe (2%)<\/strong>\u00a0\u2013 bogate w\u00a0witaminy z\u00a0grupy B, wspieraj\u0105 uk\u0142ad nerwowy psa.\u00a0<strong>Tryming wo\u0142owy (1%)\u00a0<\/strong>\u2013 smakowity dodatek poprawiaj\u0105cy walory smakowe.\u00a0<strong>Melisa suszona (1%)<\/strong>\u00a0\u2013 dzia\u0142a wyciszaj\u0105co, redukuj\u0105c stres i\u00a0napi\u0119cie.\u00a0<strong>Rumianek kwiat suszony (1%)<\/strong>\u00a0\u2013 wspiera relaksacj\u0119 i\u00a0\u0142agodzi emocjonalne napi\u0119cie.\u00a0<strong>Spirulina (1%)<\/strong>\u00a0\u2013 bogata w\u00a0przeciwutleniacze, wspiera odporno\u015b\u0107 psa i\u00a0og\u00f3ln\u0105 kondycj\u0119.<\/p>\n<p>Sk\u0142ad analityczny: Bia\u0142ko surowe: 90,5% Oleje i\u00a0t\u0142uszcze surowe: 1,7% Popi\u00f3\u0142 surowy: 1,3% W\u0142\u00f3kno surowe: &lt;0,7%<\/p>\n<h6>Zastosowanie &#8211; Gryzak wspomaga redukcj\u0119 stresu i\u00a0zaspokaja naturalne potrzeby gryzienia w\u00a0r\u00f3\u017cnych sytuacjach, takich jak:<\/h6>\n<p>1.\u00a0<strong>Wizyta u weterynarza \u2013<\/strong>\u00a0pozwala psu uspokoi\u0107 si\u0119 po powrocie do domu, roz\u0142adowuj\u0105c stres zwi\u0105zany z\u00a0badaniami lub\u00a0szczepieniami.<\/p>\n<p>2.\u00a0<strong>Obecno\u015b\u0107 go\u015bci w\u00a0domu \u2013<\/strong>\u00a0zajmuje psa, pomagaj\u0105c mu wyciszy\u0107 emocje i\u00a0zmniejszy\u0107 napi\u0119cie zwi\u0105zane z\u00a0nowymi osobami.<\/p>\n<p>3.\u00a0<strong>Sylwester i\u00a0inne wydarzenia z\u00a0g\u0142o\u015bnymi d\u017awi\u0119kami \u2013<\/strong>\u00a0wspiera redukcj\u0119 strachu przed ha\u0142asem i\u00a0pomaga psu si\u0119 wyciszy\u0107.<\/p>\n<p>4.\u00a0<strong>Podr\u00f3\u017ce samochodem \u2013<\/strong>\u00a0zajmuje psa, co pomaga zmniejszy\u0107 stres podczas d\u0142u\u017cszej jazdy.<\/p>\n<p>5.\u00a0<strong>Samotne pozostawienie w\u00a0domu \u2013<\/strong>\u00a0pomaga unikn\u0105\u0107 nudy i\u00a0niepo\u017c\u0105danych zachowa\u0144, takich jak niszczenie mebli.<\/p>\n<p>6.<strong>\u00a0Po intensywnej aktywno\u015bci fizycznej \u2013<\/strong>\u00a0pozwala psu wyciszy\u0107 si\u0119 i\u00a0roz\u0142adowa\u0107 emocje po du\u017cym wysi\u0142ku.<\/p>\n<p>7.<strong>\u00a0Po przeprowadzce lub\u00a0zmianie otoczenia \u2013<\/strong>\u00a0pomaga psu zaadaptowa\u0107 si\u0119 do nowego miejsca, oferuj\u0105c znajome i\u00a0uspokajaj\u0105ce zaj\u0119cie.<\/p>\n<p>8.\u00a0<strong>Po wizycie groomera lub\u00a0innych zabiegach piel\u0119gnacyjnych \u2013<\/strong>\u00a0umo\u017cliwia psu wyciszenie emocji po stresuj\u0105cych sytuacjach.<\/p>\n<p>9.\u00a0<strong>Dla ps\u00f3w energicznych lub\u00a0m\u0142odych \u2013<\/strong>\u00a0pozwala bezpiecznie roz\u0142adowa\u0107 nadmiar energii i\u00a0zapobiega\u0107 frustracji.<\/p>\n<p>10.\u00a0<strong>Gdy pies czuje si\u0119 ignorowany (np. podczas pracy w\u0142a\u015bciciela w\u00a0domu) \u2013\u00a0<\/strong>zapewnia mu zaj\u0119cie, minimalizuj\u0105c frustracj\u0119 i\u00a0niepok\u00f3j.<\/p>\n<p>11.\u00a0<strong>W czasie choroby lub\u00a0rekonwalescencji \u2013<\/strong>\u00a0daje psu spokojne zaj\u0119cie w\u00a0momentach ograniczonej aktywno\u015bci fizycznej.<\/p>\n<h6>Gryzaki DOGY to zdrowie i\u00a0piel\u0119gnacja z\u0119b\u00f3w w\u00a0jednym<\/h6>\n<p>Sk\u00f3ra u\u017cyta do produkcji gryzaka jest w\u00a0100% naturalna. Spoiwem jest kolagen naturalnie wyst\u0119puj\u0105cy w\u00a0sk\u00f3rze. Chropowata struktura chlebka wyciszaj\u0105cego korzystnie wp\u0142ywa na\u00a0zdrowie z\u0119b\u00f3w i\u00a0dzi\u0105se\u0142 zar\u00f3wno m\u0142odych, jak i\u00a0starszych ps\u00f3w.\u00a0Podczas \u017cucia, twarda struktura gryzaka skutecznie oczyszcza z\u0119by z\u00a0resztek jedzenia oraz\u00a0zapobiega nawarstwianiu si\u0119 osadu naz\u0119bnego, kt\u00f3ry powoduje \u017c\u00f3\u0142kni\u0119cie z\u0119b\u00f3w. Warto podkre\u015bli\u0107, \u017ce\u00a0mimo nier\u00f3wnomiernej powierzchni, gryzak jest bezpieczny \u2013 nie rani dzi\u0105se\u0142 ani\u00a0wewn\u0119trznych cz\u0119\u015bci jamy ustnej psa, co czyni go doskona\u0142ym wyborem zar\u00f3wno dla codziennej piel\u0119gnacji, jak i\u00a0wsparcia zdrowia jamy ustnej.<\/p>\n<h6>Istotne informacje:<\/h6>\n<p><strong>Przeznaczenie:\u00a0<\/strong>Przysmak dla ps\u00f3w doros\u0142ych.\u00a0<strong>Zalecenia dotycz\u0105ce stosowania:<\/strong>\u00a0Zaleca si\u0119 podawanie 1-2 gryzak\u00f3w dziennie mi\u0119dzy posi\u0142kami. Przysmak nale\u017cy podawa\u0107 psu wy\u0142\u0105cznie pod nadzorem opiekuna. Zapewnij psu sta\u0142y dost\u0119p do \u015bwie\u017cej wody.\u00a0<strong>Warunki przechowywania:\u00a0<\/strong>Produkt nale\u017cy przechowywa\u0107 w\u00a0suchym, ch\u0142odnym i\u00a0zaciemnionym miejscu, aby zachowa\u0107 jego jako\u015b\u0107 i\u00a0bezpiecze\u0144stwo.<\/p>\n<h6>Zgodnie z\u00a0wymogami Rozporz\u0105dzenia GPSR<\/h6>\n<p>Poni\u017csze informacje zosta\u0142y przygotowane w\u00a0celu zapewnienia pe\u0142nej zgodno\u015bci z\u00a0Rozporz\u0105dzeniem o\u00a0Og\u00f3lnym Bezpiecze\u0144stwie Produkt\u00f3w (GPSR), aby zagwarantowa\u0107 bezpiecze\u0144stwo i\u00a0komfort u\u017cytkowania produktu.<\/p>\n<p><strong>Bezpiecze\u0144stwo i\u00a0jako\u015b\u0107:<\/strong>\u00a0Produkt zosta\u0142 wyprodukowany na\u00a0terenie Unii Europejskiej zgodnie z\u00a0normami UE, gwarantuj\u0105c najwy\u017csz\u0105 jako\u015b\u0107 i\u00a0bezpiecze\u0144stwo. Produkt spe\u0142nia standardy jako\u015bci i\u00a0bezpiecze\u0144stwa zgodne z\u00a0wymogami UE.\u00a0<strong>Potencjalne ryzyka:<\/strong>\u00a0Aby zapewni\u0107 psu pe\u0142ne bezpiecze\u0144stwo podczas gryzienia, zaleca si\u0119 podawanie produktu pod nadzorem opiekuna. Warto monitorowa\u0107 jego zabaw\u0119 z\u00a0gryzakiem i\u00a0upewni\u0107 si\u0119, \u017ce\u00a0produkt jest odpowiedni do rozmiaru i\u00a0stylu \u017cucia psa. Zaleca si\u0119 przerwanie podawania produktu, je\u015bli pies usi\u0142uje po\u0142kn\u0105\u0107 zbyt du\u017cy kawa\u0142ek lub\u00a0wykazuje trudno\u015bci z\u00a0\u017cuciem. W przypadku, gdy pies \u017cuje gryzak po raz pierwszy, nale\u017cy dok\u0142adnie sprawdzi\u0107 sk\u0142ad i\u00a0upewni\u0107 si\u0119, \u017ce\u00a0nie zawiera on sk\u0142adnik\u00f3w, na\u00a0kt\u00f3re pies mo\u017ce by\u0107 uczulony. Je\u015bli zauwa\u017cysz jakiekolwiek oznaki nietolerancji lub\u00a0alergii, takie jak wymioty, biegunka lub\u00a0nadmierne drapanie, przerwij podawanie produktu i\u00a0skonsultuj si\u0119 z\u00a0lekarzem weterynarii.\u00a0<strong>Kraj pochodzenia produktu &#8211;<\/strong>\u00a0produkt zosta\u0142 wyprodukowany w\u00a0Polsce.\u00a0<strong>Informacje o\u00a0producencie:<\/strong>\u00a0PETAKO Jaros\u0142aw Pawluczuk.\u00a0Konopnica 93E,\u00a021-030 Motycz,\u00a0Tel: 607-777-652, biuro@petako.pl<\/p>\n<\/div>\n<\/div>\n<\/div>\n<\/div>\n<\/section>\n<\/section>\n<\/section>\n<\/section>\n<\/section>\n<\/section>\n","protected":false},"excerpt":{"rendered":"<h6><strong>Tr\u00f3jk\u0105t Wyciszaj\u0105cy DOGY CALM<\/strong><\/h6>\n<p>Gryzak stworzony z\u00a0my\u015bl\u0105 o\u00a0naturalnych potrzebach Twojego psa. Wzbogacony melis\u0105 i\u00a0rumiankiem, nie tylko relaksuje i\u00a0wycisza, ale\u00a0tak\u017ce wspiera zdrowie jamy ustnej i\u00a0dostarcza smacznej rozrywki. Idealny wyb\u00f3r dla ps\u00f3w w\u00a0ka\u017cdej sytuacji wymagaj\u0105cej chwili spokoju i\u00a0odpr\u0119\u017cenia.<\/p>\n<h6>Unikalna konstrukcja dla ciekawskich psiak\u00f3w<\/h6>\n<p>Gryzak w\u00a0kszta\u0142cie Tr\u00f3jk\u0105ta DOGY Calm to \u015bwietny wyb\u00f3r dla ps\u00f3w, kt\u00f3re lubi\u0105 eksplorowa\u0107 r\u00f3\u017cne formy i\u00a0struktury. Tr\u00f3jk\u0105tna budowa gryzaka zapewnia interesuj\u0105ce wyzwanie podczas \u017cucia, anga\u017cuj\u0105c psa i\u00a0wyd\u0142u\u017caj\u0105c czas gryzienia. Dzi\u0119ki solidnej, a\u00a0jednocze\u015bnie przemy\u015blanej konstrukcji, gryzak jest wygodny do chwytania w\u00a0pysku i\u00a0dostosowany do r\u00f3\u017cnych styl\u00f3w gryzienia. Wzbogacony melis\u0105 i\u00a0rumiankiem, wspiera wyciszenie i\u00a0relaks, pomagaj\u0105c Twojemu psu odnale\u017a\u0107 spok\u00f3j w\u00a0naturalny spos\u00f3b.<\/p>\n","protected":false},"featured_media":19037,"template":"","meta":{"site-sidebar-layout":"default","site-content-layout":"","ast-site-content-layout":"default","site-content-style":"default","site-sidebar-style":"default","ast-global-header-display":"","ast-banner-title-visibility":"","ast-main-header-display":"","ast-hfb-above-header-display":"","ast-hfb-below-header-display":"","ast-hfb-mobile-header-display":"","site-post-title":"","ast-breadcrumbs-content":"","ast-featured-img":"","footer-sml-layout":"","ast-disable-related-posts":"","theme-transparent-header-meta":"default","adv-header-id-meta":"","stick-header-meta":"","header-above-stick-meta":"","header-main-stick-meta":"","header-below-stick-meta":"","astra-migrate-meta-layouts":"set","ast-page-background-enabled":"default","ast-page-background-meta":{"desktop":{"background-color":"","background-image":"","background-repeat":"repeat","background-position":"center center","background-size":"auto","background-attachment":"scroll","background-type":"","background-media":"","overlay-type":"","overlay-color":"","overlay-opacity":"","overlay-gradient":""},"tablet":{"background-color":"","background-image":"","background-repeat":"repeat","background-position":"center center","background-size":"auto","background-attachment":"scroll","background-type":"","background-media":"","overlay-type":"","overlay-color":"","overlay-opacity":"","overlay-gradient":""},"mobile":{"background-color":"","background-image":"","background-repeat":"repeat","background-position":"center center","background-size":"auto","background-attachment":"scroll","background-type":"","background-media":"","overlay-type":"","overlay-color":"","overlay-opacity":"","overlay-gradient":""}},"ast-content-background-meta":{"desktop":{"background-color":"var(--ast-global-color-5)","background-image":"","background-repeat":"repeat","background-position":"center center","background-size":"auto","background-attachment":"scroll","background-type":"","background-media":"","overlay-type":"","overlay-color":"","overlay-opacity":"","overlay-gradient":""},"tablet":{"background-color":"var(--ast-global-color-5)","background-image":"","background-repeat":"repeat","background-position":"center center","background-size":"auto","background-attachment":"scroll","background-type":"","background-media":"","overlay-type":"","overlay-color":"","overlay-opacity":"","overlay-gradient":""},"mobile":{"background-color":"var(--ast-global-color-5)","background-image":"","background-repeat":"repeat","background-position":"center center","background-size":"auto","background-attachment":"scroll","background-type":"","background-media":"","overlay-type":"","overlay-color":"","overlay-opacity":"","overlay-gradient":""}}},"product_brand":[],"product_cat":[85,159,169],"product_tag":[],"class_list":{"0":"post-17883","1":"product","2":"type-product","3":"status-publish","4":"has-post-thumbnail","6":"product_cat-dlapsa","7":"product_cat-smakolyki","8":"product_cat-gryzaki","9":"desktop-align-left","10":"tablet-align-left","11":"mobile-align-left","13":"first","14":"instock","15":"taxable","16":"shipping-taxable","17":"purchasable","18":"product-type-simple"},"jetpack_sharing_enabled":true,"_links":{"self":[{"href":"https:\/\/mooncraft.com.pl\/index.php?rest_route=\/wp\/v2\/product\/17883","targetHints":{"allow":["GET"]}}],"collection":[{"href":"https:\/\/mooncraft.com.pl\/index.php?rest_route=\/wp\/v2\/product"}],"about":[{"href":"https:\/\/mooncraft.com.pl\/index.php?rest_route=\/wp\/v2\/types\/product"}],"wp:featuredmedia":[{"embeddable":true,"href":"https:\/\/mooncraft.com.pl\/index.php?rest_route=\/wp\/v2\/media\/19037"}],"wp:attachment":[{"href":"https:\/\/mooncraft.com.pl\/index.php?rest_route=%2Fwp%2Fv2%2Fmedia&parent=17883"}],"wp:term":[{"taxonomy":"product_brand","embeddable":true,"href":"https:\/\/mooncraft.com.pl\/index.php?rest_route=%2Fwp%2Fv2%2Fproduct_brand&post=17883"},{"taxonomy":"product_cat","embeddable":true,"href":"https:\/\/mooncraft.com.pl\/index.php?rest_route=%2Fwp%2Fv2%2Fproduct_cat&post=17883"},{"taxonomy":"product_tag","embeddable":true,"href":"https:\/\/mooncraft.com.pl\/index.php?rest_route=%2Fwp%2Fv2%2Fproduct_tag&post=17883"}],"curies":[{"name":"wp","href":"https:\/\/api.w.org\/{rel}","templated":true}]}}