{"id":17784,"date":"2024-10-21T16:44:12","date_gmt":"2024-10-21T16:44:12","guid":{"rendered":"https:\/\/mooncraft.com.pl\/?post_type=product&#038;p=17784"},"modified":"2024-12-27T16:12:51","modified_gmt":"2024-12-27T16:12:51","slug":"dogy-kaski-z-poledwicy-wieprzowej-100g-human-grade","status":"publish","type":"product","link":"https:\/\/mooncraft.com.pl\/?product=dogy-kaski-z-poledwicy-wieprzowej-100g-human-grade","title":{"rendered":"DOGY &#8211; K\u0105ski z pol\u0119dwicy wieprzowej 100g &#8211; HUMAN GRADE!"},"content":{"rendered":"<section>\n<section>\n<section>\n<section>\n<section>\n<section id=\"opis-produktu\" class=\"section_product section_product--part_of_bar section_product--first_item_of_bar section_product--v1 section section_product--v1__desc section--padding-top-medium\">\n<div class=\"section_body\">\n<div class=\"productDesc productDesc--full container\">\n<div class=\"productDesc__left grow productDesc__left--no_params\">\n<div class=\"productDesc__desc typography\">\n<p><strong>Sk\u0142ad:<\/strong>\u00a0pol\u0119dwica wieprzowa &#8211; 100%.<\/p>\n<p><strong>Sk\u0142ad analityczny:<\/strong>\u00a0Bia\u0142ko \u2013 67,2%, T\u0142uszcz \u2013 12%, Wilgotno\u015b\u0107 &#8211; 12,7%<\/p>\n<h3>Zalety Pol\u0119dwicy Wieprzowej dla Twojego Psa:<\/h3>\n<ul>\n<li>Doskona\u0142y smak: Pol\u0119dwica wieprzowa jest ceniona przez psy za jej intensywny smak i\u00a0aromat, co sprawia, \u017ce\u00a0DOGY K\u0105ski s\u0105 nieodpartywalnym przysmakiem dla Twojego pupila.<\/li>\n<li>Bogate \u017ar\u00f3d\u0142o bia\u0142ka: Pol\u0119dwica wieprzowa dostarcza psu wysokiej jako\u015bci bia\u0142ka, co wspomaga rozw\u00f3j i\u00a0utrzymanie zdrowej masy mi\u0119\u015bniowej.<\/li>\n<li>Naturalne sk\u0142adniki: DOGY K\u0105ski s\u0105 w\u00a0100% naturalnym produktem, nie zawieraj\u0105cym sztucznych dodatk\u00f3w, barwnik\u00f3w czy\u00a0konserwant\u00f3w, co sprawia, \u017ce\u00a0s\u0105 bezpiecznym i\u00a0zdrowym przysmakiem dla Twojego psa.<\/li>\n<li>Bogactwo sk\u0142adnik\u00f3w od\u017cywczych: Pol\u0119dwica wieprzowa jest bogatym \u017ar\u00f3d\u0142em witamin z\u00a0grupy B, \u017celaza, cynku i\u00a0innych sk\u0142adnik\u00f3w mineralnych, kt\u00f3re wspieraj\u0105 zdrowie i\u00a0og\u00f3ln\u0105 kondycj\u0119 Twojego psa.<\/li>\n<\/ul>\n<h3>Znaczenie Pol\u0119dwicy Wieprzowej w\u00a0Diecie Psa:<\/h3>\n<p>Pol\u0119dwica wieprzowa to nie tylko smaczny przysmak, ale\u00a0tak\u017ce warto\u015bciowy sk\u0142adnik diety psa. Opr\u00f3cz wysokiej zawarto\u015bci bia\u0142ka, pol\u0119dwica wieprzowa dostarcza psu r\u00f3wnie\u017c niezb\u0119dnych sk\u0142adnik\u00f3w od\u017cywczych, takich jak witaminy z\u00a0grupy B oraz\u00a0minera\u0142y, kt\u00f3re wspieraj\u0105 zdrowie uk\u0142adu nerwowego, uk\u0142adu odporno\u015bciowego oraz\u00a0proces\u00f3w metabolicznych.<\/p>\n<\/div>\n<\/div>\n<\/div>\n<\/div>\n<\/section>\n<\/section>\n<\/section>\n<\/section>\n<\/section>\n<\/section>\n","protected":false},"excerpt":{"rendered":"<p>K\u0105ski z\u00a0pol\u0119dwicy wieprzowej to przysmak stworzony z\u00a0najwy\u017cszej jako\u015bci mi\u0119sa HUMAN GRADE, co oznacza, \u017ce\u00a0wykorzystana pol\u0119dwica spe\u0142nia standardy \u017cywno\u015bci przeznaczonej dla ludzi. Gwarantuje to wyj\u0105tkow\u0105 \u015bwie\u017co\u015b\u0107 i\u00a0naturalny smak, kt\u00f3ry zachwyci ka\u017cdego psa!<\/p>\n","protected":false},"featured_media":17785,"template":"","meta":{"site-sidebar-layout":"default","site-content-layout":"","ast-site-content-layout":"default","site-content-style":"default","site-sidebar-style":"default","ast-global-header-display":"","ast-banner-title-visibility":"","ast-main-header-display":"","ast-hfb-above-header-display":"","ast-hfb-below-header-display":"","ast-hfb-mobile-header-display":"","site-post-title":"","ast-breadcrumbs-content":"","ast-featured-img":"","footer-sml-layout":"","ast-disable-related-posts":"","theme-transparent-header-meta":"default","adv-header-id-meta":"","stick-header-meta":"","header-above-stick-meta":"","header-main-stick-meta":"","header-below-stick-meta":"","astra-migrate-meta-layouts":"set","ast-page-background-enabled":"default","ast-page-background-meta":{"desktop":{"background-color":"","background-image":"","background-repeat":"repeat","background-position":"center center","background-size":"auto","background-attachment":"scroll","background-type":"","background-media":"","overlay-type":"","overlay-color":"","overlay-opacity":"","overlay-gradient":""},"tablet":{"background-color":"","background-image":"","background-repeat":"repeat","background-position":"center center","background-size":"auto","background-attachment":"scroll","background-type":"","background-media":"","overlay-type":"","overlay-color":"","overlay-opacity":"","overlay-gradient":""},"mobile":{"background-color":"","background-image":"","background-repeat":"repeat","background-position":"center center","background-size":"auto","background-attachment":"scroll","background-type":"","background-media":"","overlay-type":"","overlay-color":"","overlay-opacity":"","overlay-gradient":""}},"ast-content-background-meta":{"desktop":{"background-color":"var(--ast-global-color-5)","background-image":"","background-repeat":"repeat","background-position":"center center","background-size":"auto","background-attachment":"scroll","background-type":"","background-media":"","overlay-type":"","overlay-color":"","overlay-opacity":"","overlay-gradient":""},"tablet":{"background-color":"var(--ast-global-color-5)","background-image":"","background-repeat":"repeat","background-position":"center center","background-size":"auto","background-attachment":"scroll","background-type":"","background-media":"","overlay-type":"","overlay-color":"","overlay-opacity":"","overlay-gradient":""},"mobile":{"background-color":"var(--ast-global-color-5)","background-image":"","background-repeat":"repeat","background-position":"center center","background-size":"auto","background-attachment":"scroll","background-type":"","background-media":"","overlay-type":"","overlay-color":"","overlay-opacity":"","overlay-gradient":""}}},"product_brand":[],"product_cat":[85,159,170],"product_tag":[],"class_list":{"0":"post-17784","1":"product","2":"type-product","3":"status-publish","4":"has-post-thumbnail","6":"product_cat-dlapsa","7":"product_cat-smakolyki","8":"product_cat-przysmaki","9":"desktop-align-left","10":"tablet-align-left","11":"mobile-align-left","13":"first","14":"instock","15":"taxable","16":"shipping-taxable","17":"purchasable","18":"product-type-simple"},"jetpack_sharing_enabled":true,"_links":{"self":[{"href":"https:\/\/mooncraft.com.pl\/index.php?rest_route=\/wp\/v2\/product\/17784","targetHints":{"allow":["GET"]}}],"collection":[{"href":"https:\/\/mooncraft.com.pl\/index.php?rest_route=\/wp\/v2\/product"}],"about":[{"href":"https:\/\/mooncraft.com.pl\/index.php?rest_route=\/wp\/v2\/types\/product"}],"wp:featuredmedia":[{"embeddable":true,"href":"https:\/\/mooncraft.com.pl\/index.php?rest_route=\/wp\/v2\/media\/17785"}],"wp:attachment":[{"href":"https:\/\/mooncraft.com.pl\/index.php?rest_route=%2Fwp%2Fv2%2Fmedia&parent=17784"}],"wp:term":[{"taxonomy":"product_brand","embeddable":true,"href":"https:\/\/mooncraft.com.pl\/index.php?rest_route=%2Fwp%2Fv2%2Fproduct_brand&post=17784"},{"taxonomy":"product_cat","embeddable":true,"href":"https:\/\/mooncraft.com.pl\/index.php?rest_route=%2Fwp%2Fv2%2Fproduct_cat&post=17784"},{"taxonomy":"product_tag","embeddable":true,"href":"https:\/\/mooncraft.com.pl\/index.php?rest_route=%2Fwp%2Fv2%2Fproduct_tag&post=17784"}],"curies":[{"name":"wp","href":"https:\/\/api.w.org\/{rel}","templated":true}]}}