{"id":17762,"date":"2024-10-17T18:04:47","date_gmt":"2024-10-17T18:04:47","guid":{"rendered":"https:\/\/mooncraft.com.pl\/?post_type=product&#038;p=17762"},"modified":"2025-12-17T08:03:56","modified_gmt":"2025-12-17T08:03:56","slug":"swieca-sojowa-101-buldogow-psiampan","status":"publish","type":"product","link":"https:\/\/mooncraft.com.pl\/?product=swieca-sojowa-101-buldogow-psiampan","title":{"rendered":"\u015awieca Sojowa 101 Buldog\u00f3w &#8222;Psiampan&#8221;"},"content":{"rendered":"<p>120ml, oko\u0142o 25h palenia<\/p>\n<p>Zapach r\u00f3\u017cowego prossecco<\/p>\n<p><span style=\"font-size: 16px\">DREWNIANY, NATURALNY KNOT<\/span><\/p>\n<p>SOJOWY WOSK<\/p>\n<p>UROCZE SZKLANE S\u0141OICZKI Z POKRYWK\u0104<\/p>\n<p>INSTRUKCJA U\u017bYTKOWANIA aby Twoja \u015bwieca cieszy\u0142a Ci\u0119 jak najd\u0142u\u017cej:<\/p>\n<p>\u015awiec\u0119 pali\u0107 na jednej sesji maksymalnie 2h ( do up\u0142ynnienia tarczy) Nast\u0119pnie gasimy, wosk nadal wydziela pi\u0119knu zapach w\u00a0 mieszkaniu. Przed kolejnym zapaleniem delikatnie przycinamy knot.<\/p>\n<p><strong>Uwaga:<\/strong> \u015awiece nale\u017cy pali\u0107 i przechowywa\u0107 w miejscu niedost\u0119pnym dla dzieci i zwierz\u0105t. Nie pozostawia\u0107 bez nadzoru.<\/p>\n<p>&nbsp;<\/p>\n<p>Stworzone r\u0119kami i \u0142apkami marki 101 Buldog\u00f3w &lt;3<\/p>\n","protected":false},"excerpt":{"rendered":"<p>Odrobina b\u0105belkowego szale\u0144stwa &lt;3<\/p>\n<p>Super pomys\u0142 na upominek dla kogo\u015b lub dla siebie<\/p>\n<p>&nbsp;<\/p>\n","protected":false},"featured_media":17768,"template":"","meta":{"site-sidebar-layout":"default","site-content-layout":"default","ast-site-content-layout":"default","site-content-style":"default","site-sidebar-style":"default","ast-global-header-display":"","ast-banner-title-visibility":"","ast-main-header-display":"","ast-hfb-above-header-display":"","ast-hfb-below-header-display":"","ast-hfb-mobile-header-display":"","site-post-title":"","ast-breadcrumbs-content":"","ast-featured-img":"","footer-sml-layout":"","ast-disable-related-posts":"","theme-transparent-header-meta":"default","adv-header-id-meta":"","stick-header-meta":"","header-above-stick-meta":"","header-main-stick-meta":"","header-below-stick-meta":"","astra-migrate-meta-layouts":"set","ast-page-background-enabled":"default","ast-page-background-meta":{"desktop":{"background-color":"","background-image":"","background-repeat":"repeat","background-position":"center center","background-size":"auto","background-attachment":"scroll","background-type":"","background-media":"","overlay-type":"","overlay-color":"","overlay-opacity":"","overlay-gradient":""},"tablet":{"background-color":"","background-image":"","background-repeat":"repeat","background-position":"center center","background-size":"auto","background-attachment":"scroll","background-type":"","background-media":"","overlay-type":"","overlay-color":"","overlay-opacity":"","overlay-gradient":""},"mobile":{"background-color":"","background-image":"","background-repeat":"repeat","background-position":"center center","background-size":"auto","background-attachment":"scroll","background-type":"","background-media":"","overlay-type":"","overlay-color":"","overlay-opacity":"","overlay-gradient":""}},"ast-content-background-meta":{"desktop":{"background-color":"var(--ast-global-color-5)","background-image":"","background-repeat":"repeat","background-position":"center center","background-size":"auto","background-attachment":"scroll","background-type":"","background-media":"","overlay-type":"","overlay-color":"","overlay-opacity":"","overlay-gradient":""},"tablet":{"background-color":"var(--ast-global-color-5)","background-image":"","background-repeat":"repeat","background-position":"center center","background-size":"auto","background-attachment":"scroll","background-type":"","background-media":"","overlay-type":"","overlay-color":"","overlay-opacity":"","overlay-gradient":""},"mobile":{"background-color":"var(--ast-global-color-5)","background-image":"","background-repeat":"repeat","background-position":"center center","background-size":"auto","background-attachment":"scroll","background-type":"","background-media":"","overlay-type":"","overlay-color":"","overlay-opacity":"","overlay-gradient":""}}},"product_brand":[],"product_cat":[82,158,129],"product_tag":[],"class_list":{"0":"post-17762","1":"product","2":"type-product","3":"status-publish","4":"has-post-thumbnail","6":"product_cat-dlaciebie","7":"product_cat-dostepne-od-reki","8":"product_cat-swiece-sojowe","9":"desktop-align-left","10":"tablet-align-left","11":"mobile-align-left","13":"first","14":"instock","15":"taxable","16":"shipping-taxable","17":"purchasable","18":"product-type-simple"},"jetpack_sharing_enabled":true,"_links":{"self":[{"href":"https:\/\/mooncraft.com.pl\/index.php?rest_route=\/wp\/v2\/product\/17762","targetHints":{"allow":["GET"]}}],"collection":[{"href":"https:\/\/mooncraft.com.pl\/index.php?rest_route=\/wp\/v2\/product"}],"about":[{"href":"https:\/\/mooncraft.com.pl\/index.php?rest_route=\/wp\/v2\/types\/product"}],"wp:featuredmedia":[{"embeddable":true,"href":"https:\/\/mooncraft.com.pl\/index.php?rest_route=\/wp\/v2\/media\/17768"}],"wp:attachment":[{"href":"https:\/\/mooncraft.com.pl\/index.php?rest_route=%2Fwp%2Fv2%2Fmedia&parent=17762"}],"wp:term":[{"taxonomy":"product_brand","embeddable":true,"href":"https:\/\/mooncraft.com.pl\/index.php?rest_route=%2Fwp%2Fv2%2Fproduct_brand&post=17762"},{"taxonomy":"product_cat","embeddable":true,"href":"https:\/\/mooncraft.com.pl\/index.php?rest_route=%2Fwp%2Fv2%2Fproduct_cat&post=17762"},{"taxonomy":"product_tag","embeddable":true,"href":"https:\/\/mooncraft.com.pl\/index.php?rest_route=%2Fwp%2Fv2%2Fproduct_tag&post=17762"}],"curies":[{"name":"wp","href":"https:\/\/api.w.org\/{rel}","templated":true}]}}