{"id":17663,"date":"2024-10-06T13:09:11","date_gmt":"2024-10-06T13:09:11","guid":{"rendered":"https:\/\/mooncraft.com.pl\/?post_type=product&#038;p=17663"},"modified":"2024-12-01T17:19:07","modified_gmt":"2024-12-01T17:19:07","slug":"nerka-model-wielki-woz-brush","status":"publish","type":"product","link":"https:\/\/mooncraft.com.pl\/?product=nerka-model-wielki-woz-brush","title":{"rendered":"nerka model WIELKI W\u00d3Z &#8211; Brush"},"content":{"rendered":"<div class=\"o9v6fnle cxmmr5t8 oygrvhab hcukyx3x c1et5uql\">\n<p>WYMIARY:<\/p>\n<ul>\n<li>wysoko\u015b\u0107: 21 cm<\/li>\n<li>szeroko\u015b\u0107: 42 cm<\/li>\n<li>g\u0142\u0119boko\u015b\u0107: 12.5 cm<\/li>\n<li>regulacja paska (obw\u00f3d mierzony ju\u017c razem z nerk\u0105) 108cm-158cm<\/li>\n<\/ul>\n<p>Materia\u0142 poliester wodoodporny<\/p>\n<p>Podszewka r\u00f3wnie\u017c z materia\u0142u wodoodpornego<\/p>\n<p>Nerka jest usztywniona, zachowuje sw\u00f3j kszta\u0142t, nie jest flaczkowata<\/p>\n<\/div>\n<div>zamek z\u0142oto be\u017cowy, z\u0142ote suwad\u0142a<\/div>\n<div class=\"o9v6fnle cxmmr5t8 oygrvhab hcukyx3x c1et5uql\">W \u015brodku otwarta przegroda z gumk\u0105,\u00a0 tworz\u0105ca dwie komory<\/div>\n<div>na zewn\u0105trz od ty\u0142u kiesze\u0144 na zamek<\/div>\n<div><\/div>\n<div>Pasek bawe\u0142niany , mi\u0142y w dotyku<\/div>\n<div><\/div>\n<div>Jest mo\u017cliwo\u015b\u0107 uszycia tego modelu na dowolnym wzorze wybranym z wzornika &#8211; wtedy zapraszam do wiadomo\u015bci prywatnej na facebooku lub mail &#8211; cena bez zmian \ud83d\ude42<\/div>\n<div><\/div>\n<div>Projekt Ardente Design<\/div>\n","protected":false},"excerpt":{"rendered":"<h5>Gigantyczna nerka &#8211; prawie torba<\/h5>\n<p>Idealna do noszenia przez rami\u0119, pomie\u015bci naprawd\u0119 sporo !<\/p>\n<p>METKA BR\u0104ZOWA<\/p>\n<div class=\"ni8dbmo4 stjgntxs nred35xi ii04i59q\" data-testid=\"messenger_incoming_text_row\">Produkt na zam\u00f3wienie: wysy\u0142ka do 14 dni roboczych od zaksi\u0119gowania wp\u0142aty.<\/div>\n<div dir=\"auto\"><\/div>\n","protected":false},"featured_media":17634,"template":"","meta":{"site-sidebar-layout":"default","site-content-layout":"default","ast-site-content-layout":"default","site-content-style":"default","site-sidebar-style":"default","ast-global-header-display":"","ast-banner-title-visibility":"","ast-main-header-display":"","ast-hfb-above-header-display":"","ast-hfb-below-header-display":"","ast-hfb-mobile-header-display":"","site-post-title":"","ast-breadcrumbs-content":"","ast-featured-img":"","footer-sml-layout":"","ast-disable-related-posts":"","theme-transparent-header-meta":"default","adv-header-id-meta":"","stick-header-meta":"","header-above-stick-meta":"","header-main-stick-meta":"","header-below-stick-meta":"","astra-migrate-meta-layouts":"set","ast-page-background-enabled":"default","ast-page-background-meta":{"desktop":{"background-color":"","background-image":"","background-repeat":"repeat","background-position":"center center","background-size":"auto","background-attachment":"scroll","background-type":"","background-media":"","overlay-type":"","overlay-color":"","overlay-opacity":"","overlay-gradient":""},"tablet":{"background-color":"","background-image":"","background-repeat":"repeat","background-position":"center center","background-size":"auto","background-attachment":"scroll","background-type":"","background-media":"","overlay-type":"","overlay-color":"","overlay-opacity":"","overlay-gradient":""},"mobile":{"background-color":"","background-image":"","background-repeat":"repeat","background-position":"center center","background-size":"auto","background-attachment":"scroll","background-type":"","background-media":"","overlay-type":"","overlay-color":"","overlay-opacity":"","overlay-gradient":""}},"ast-content-background-meta":{"desktop":{"background-color":"var(--ast-global-color-5)","background-image":"","background-repeat":"repeat","background-position":"center center","background-size":"auto","background-attachment":"scroll","background-type":"","background-media":"","overlay-type":"","overlay-color":"","overlay-opacity":"","overlay-gradient":""},"tablet":{"background-color":"var(--ast-global-color-5)","background-image":"","background-repeat":"repeat","background-position":"center center","background-size":"auto","background-attachment":"scroll","background-type":"","background-media":"","overlay-type":"","overlay-color":"","overlay-opacity":"","overlay-gradient":""},"mobile":{"background-color":"var(--ast-global-color-5)","background-image":"","background-repeat":"repeat","background-position":"center center","background-size":"auto","background-attachment":"scroll","background-type":"","background-media":"","overlay-type":"","overlay-color":"","overlay-opacity":"","overlay-gradient":""}}},"product_brand":[],"product_cat":[82,108,131],"product_tag":[],"class_list":{"0":"post-17663","1":"product","2":"type-product","3":"status-publish","4":"has-post-thumbnail","6":"product_cat-dlaciebie","7":"product_cat-nerki","8":"product_cat-wielki-woz","9":"desktop-align-left","10":"tablet-align-left","11":"mobile-align-left","13":"first","14":"onbackorder","15":"featured","16":"taxable","17":"shipping-taxable","18":"purchasable","19":"product-type-simple"},"jetpack_sharing_enabled":true,"_links":{"self":[{"href":"https:\/\/mooncraft.com.pl\/index.php?rest_route=\/wp\/v2\/product\/17663","targetHints":{"allow":["GET"]}}],"collection":[{"href":"https:\/\/mooncraft.com.pl\/index.php?rest_route=\/wp\/v2\/product"}],"about":[{"href":"https:\/\/mooncraft.com.pl\/index.php?rest_route=\/wp\/v2\/types\/product"}],"wp:featuredmedia":[{"embeddable":true,"href":"https:\/\/mooncraft.com.pl\/index.php?rest_route=\/wp\/v2\/media\/17634"}],"wp:attachment":[{"href":"https:\/\/mooncraft.com.pl\/index.php?rest_route=%2Fwp%2Fv2%2Fmedia&parent=17663"}],"wp:term":[{"taxonomy":"product_brand","embeddable":true,"href":"https:\/\/mooncraft.com.pl\/index.php?rest_route=%2Fwp%2Fv2%2Fproduct_brand&post=17663"},{"taxonomy":"product_cat","embeddable":true,"href":"https:\/\/mooncraft.com.pl\/index.php?rest_route=%2Fwp%2Fv2%2Fproduct_cat&post=17663"},{"taxonomy":"product_tag","embeddable":true,"href":"https:\/\/mooncraft.com.pl\/index.php?rest_route=%2Fwp%2Fv2%2Fproduct_tag&post=17663"}],"curies":[{"name":"wp","href":"https:\/\/api.w.org\/{rel}","templated":true}]}}