{"id":17515,"date":"2024-09-16T17:13:55","date_gmt":"2024-09-16T17:13:55","guid":{"rendered":"https:\/\/mooncraft.com.pl\/?post_type=product&#038;p=17515"},"modified":"2025-05-04T17:02:01","modified_gmt":"2025-05-04T17:02:01","slug":"nerka-spacerowa-nebula-gatsby","status":"publish","type":"product","link":"https:\/\/mooncraft.com.pl\/?product=nerka-spacerowa-nebula-gatsby","title":{"rendered":"Nerka spacerowa Nebula Gatsby"},"content":{"rendered":"<div class=\"o9v6fnle cxmmr5t8 oygrvhab hcukyx3x c1et5uql\">\n<p>WYMIARY:<\/p>\n<div>25cm (szeroko\u015b\u0107) x 15cm (wysoko\u015b\u0107)\u00a0 x 8cm (g\u0142\u0119boko\u015b\u0107)<\/div>\n<div><\/div>\n<p>WERSJA STANDARDOWA:<\/p>\n<ul>\n<li>Z przodu kieszonka na zamek oraz du\u017ca g\u0142\u00f3wna komora na zamek,<\/li>\n<li>W g\u0142\u00f3wnej komorze kiesze\u0144 wsuwana, dodatkowo wyj\u015bcie na woreczki<\/li>\n<li>K\u00f3\u0142ko do zaczepiania gad\u017cet\u00f3w\/woreczk\u00f3w na smaczki<\/li>\n<li>Mocny pasek o szeroko\u015bci 40mm<\/li>\n<\/ul>\n<p>WERSJA 2.0<\/p>\n<ul>\n<li>Kiesze\u0144 z wyci\u0105ganym pokrowcem na butelk\u0119<\/li>\n<li>Z zewn\u0105trz ma\u0142a wsuwana kiesze\u0144 na drobne przedmioty<\/li>\n<\/ul>\n<p>Dodatkowo mo\u017cna dokupi\u0107 dwa wk\u0142ady na smaczki zapinane na napa<\/p>\n<div class=\"o9v6fnle cxmmr5t8 oygrvhab hcukyx3x c1et5uql\">Regulacja obwodu od 90cm do 120cm (mierz\u0119 faktyczny obw\u00f3d ju\u017c razem z nerk\u0105)<\/div>\n<div><\/div>\n<\/div>\n","protected":false},"excerpt":{"rendered":"<p>Nebula \u2013 Kosmiczna Ewolucja Wygody!<\/p>\n<p>Jeszcze lepsza, jeszcze bardziej funkcjonalna \u2013 Nebula to nerka, kt\u00f3ra dotrzyma Ci kroku na ka\u017cdym spacerze! Zaprojektowana dla psiarzy i aktywnych os\u00f3b, pomie\u015bci wszystkie niezb\u0119dne gad\u017cety, a nowe udogodnienia sprawi\u0105, \u017ce ka\u017cda przygoda b\u0119dzie jeszcze wygodniejsza.<\/p>\n<ul>\n<li>\u00a0Wytrzyma\u0142y i wodoodporny materia\u0142<\/li>\n<li>\u00a0Wodoodporna podszewka chroni\u0105ca zawarto\u015b\u0107<\/li>\n<li>\u00a0Przemy\u015blane kieszenie na przysmaki, woreczki i telefon<\/li>\n<li>\u00a0Regulowany, wygodny pasek<\/li>\n<li>\u00a0Stylowy, nowoczesny design<\/li>\n<\/ul>\n<p><span class=\"html-span xexx8yu x4uap5 x18d9i69 xkhd6sd x1hl2dhg x16tdsg8 x1vvkbs x3nfvp2 x1j61x8r x1fcty0u xdj266r xat24cr xgzva0m xhhsvwb xxymvpz xlup9mm x1kky2od\"><img decoding=\"async\" class=\"xz74otr x168nmei x13lgxp2 x5pf9jr xo71vjh\" src=\"https:\/\/static.xx.fbcdn.net\/images\/emoji.php\/v9\/tf4\/1\/16\/2728.png\" alt=\"\u2728\" width=\"16\" height=\"16\" \/><\/span> NOWO\u015aCI W WERSJI 2.0:<\/p>\n<ul>\n<li>Kiesze\u0144 z wyci\u0105ganym pokrowcem na butelk\u0119 \u2013 zawsze pod r\u0119k\u0105, bez obawy o rozlanie!<\/li>\n<li>Mo\u017cliwo\u015b\u0107 dokupienia saszetek na smaczki i zapi\u0119cia ich na nap\u0119 \u2013 dostosuj nerk\u0119 do swoich potrzeb.<\/li>\n<li>Nowa, ma\u0142a wsuwana kiesze\u0144 na drobne przedmioty \u2013 idealna na klucze, bilety czy got\u00f3wk\u0119.<\/li>\n<\/ul>\n<p>Gotowy na jeszcze lepsze spacery? Nebula czeka na Ciebie!<\/p>\n<div class=\"ni8dbmo4 stjgntxs nred35xi ii04i59q\" aria-owns=\"jsc_c_5f\" data-testid=\"messenger_incoming_text_row\">Produkt dost\u0119pny od r\u0119ki: wysy\u0142ka 1-3dni roboczych od zaksi\u0119gowania wp\u0142aty.<\/div>\n<div class=\"ni8dbmo4 stjgntxs nred35xi ii04i59q\" aria-owns=\"jsc_c_5f\" data-testid=\"messenger_incoming_text_row\">Produkt na zam\u00f3wienie: wysy\u0142ka do 14 dni roboczych od zaksi\u0119gowania wp\u0142aty.<\/div>\n<div aria-owns=\"jsc_c_5f\" data-testid=\"messenger_incoming_text_row\"><\/div>\n<div dir=\"auto\"><\/div>\n","protected":false},"featured_media":17523,"template":"","meta":{"site-sidebar-layout":"default","site-content-layout":"default","ast-site-content-layout":"default","site-content-style":"default","site-sidebar-style":"default","ast-global-header-display":"","ast-banner-title-visibility":"","ast-main-header-display":"","ast-hfb-above-header-display":"","ast-hfb-below-header-display":"","ast-hfb-mobile-header-display":"","site-post-title":"","ast-breadcrumbs-content":"","ast-featured-img":"","footer-sml-layout":"","ast-disable-related-posts":"","theme-transparent-header-meta":"default","adv-header-id-meta":"","stick-header-meta":"","header-above-stick-meta":"","header-main-stick-meta":"","header-below-stick-meta":"","astra-migrate-meta-layouts":"set","ast-page-background-enabled":"default","ast-page-background-meta":{"desktop":{"background-color":"","background-image":"","background-repeat":"repeat","background-position":"center center","background-size":"auto","background-attachment":"scroll","background-type":"","background-media":"","overlay-type":"","overlay-color":"","overlay-opacity":"","overlay-gradient":""},"tablet":{"background-color":"","background-image":"","background-repeat":"repeat","background-position":"center center","background-size":"auto","background-attachment":"scroll","background-type":"","background-media":"","overlay-type":"","overlay-color":"","overlay-opacity":"","overlay-gradient":""},"mobile":{"background-color":"","background-image":"","background-repeat":"repeat","background-position":"center center","background-size":"auto","background-attachment":"scroll","background-type":"","background-media":"","overlay-type":"","overlay-color":"","overlay-opacity":"","overlay-gradient":""}},"ast-content-background-meta":{"desktop":{"background-color":"var(--ast-global-color-5)","background-image":"","background-repeat":"repeat","background-position":"center center","background-size":"auto","background-attachment":"scroll","background-type":"","background-media":"","overlay-type":"","overlay-color":"","overlay-opacity":"","overlay-gradient":""},"tablet":{"background-color":"var(--ast-global-color-5)","background-image":"","background-repeat":"repeat","background-position":"center center","background-size":"auto","background-attachment":"scroll","background-type":"","background-media":"","overlay-type":"","overlay-color":"","overlay-opacity":"","overlay-gradient":""},"mobile":{"background-color":"var(--ast-global-color-5)","background-image":"","background-repeat":"repeat","background-position":"center center","background-size":"auto","background-attachment":"scroll","background-type":"","background-media":"","overlay-type":"","overlay-color":"","overlay-opacity":"","overlay-gradient":""}}},"product_brand":[],"product_cat":[82,108,161],"product_tag":[],"class_list":{"0":"post-17515","1":"product","2":"type-product","3":"status-publish","4":"has-post-thumbnail","6":"product_cat-dlaciebie","7":"product_cat-nerki","8":"product_cat-nerka-astro","9":"desktop-align-left","10":"tablet-align-left","11":"mobile-align-left","13":"first","14":"onbackorder","15":"featured","16":"taxable","17":"shipping-taxable","18":"purchasable","19":"product-type-variable"},"jetpack_sharing_enabled":true,"_links":{"self":[{"href":"https:\/\/mooncraft.com.pl\/index.php?rest_route=\/wp\/v2\/product\/17515","targetHints":{"allow":["GET"]}}],"collection":[{"href":"https:\/\/mooncraft.com.pl\/index.php?rest_route=\/wp\/v2\/product"}],"about":[{"href":"https:\/\/mooncraft.com.pl\/index.php?rest_route=\/wp\/v2\/types\/product"}],"wp:featuredmedia":[{"embeddable":true,"href":"https:\/\/mooncraft.com.pl\/index.php?rest_route=\/wp\/v2\/media\/17523"}],"wp:attachment":[{"href":"https:\/\/mooncraft.com.pl\/index.php?rest_route=%2Fwp%2Fv2%2Fmedia&parent=17515"}],"wp:term":[{"taxonomy":"product_brand","embeddable":true,"href":"https:\/\/mooncraft.com.pl\/index.php?rest_route=%2Fwp%2Fv2%2Fproduct_brand&post=17515"},{"taxonomy":"product_cat","embeddable":true,"href":"https:\/\/mooncraft.com.pl\/index.php?rest_route=%2Fwp%2Fv2%2Fproduct_cat&post=17515"},{"taxonomy":"product_tag","embeddable":true,"href":"https:\/\/mooncraft.com.pl\/index.php?rest_route=%2Fwp%2Fv2%2Fproduct_tag&post=17515"}],"curies":[{"name":"wp","href":"https:\/\/api.w.org\/{rel}","templated":true}]}}