{"id":17500,"date":"2024-09-16T16:49:23","date_gmt":"2024-09-16T16:49:23","guid":{"rendered":"https:\/\/mooncraft.com.pl\/?post_type=product&#038;p=17500"},"modified":"2026-01-03T13:52:30","modified_gmt":"2026-01-03T13:52:30","slug":"dogy-rollo-z-jelenia-15cm","status":"publish","type":"product","link":"https:\/\/mooncraft.com.pl\/?product=dogy-rollo-z-jelenia-15cm","title":{"rendered":"DOGY &#8211; ROLLO z Jelenia 15cm"},"content":{"rendered":"<section>\n<section>\n<section>\n<section>\n<section>\n<section id=\"opis-produktu\" class=\"section_product section_product--part_of_bar section_product--first_item_of_bar section_product--v1 section section_product--v1__desc section--padding-top-medium\">\n<div class=\"section_body\">\n<div class=\"productDesc productDesc--full container\">\n<div class=\"productDesc__left grow productDesc__left--no_params\">\n<div class=\"productDesc__desc typography\">\n<h3>Pusty w\u00a0\u015arodku &#8211; Podaj go na\u00a0milion r\u00f3\u017cnych sposob\u00f3w!<\/h3>\n<p>Cech\u0105 wyr\u00f3\u017cniaj\u0105c\u0105 ROLLO jest jego innowacyjna konstrukcja \u2013 puste wn\u0119trze. Dzi\u0119ki temu jest niezwykle funkcjonalny i\u00a0mo\u017cna go wykorzysta\u0107 na\u00a0wiele kreatywnych sposob\u00f3w. Wype\u0142nij go ulubionymi przysmakami swojego psa, takimi jak np.kie\u0142baski, par\u00f3wki DOGY, pasta czy\u00a0mokra karma, aby zapewni\u0107 mu dodatkow\u0105 frajd\u0119. Taka forma podania nie tylko przed\u0142u\u017ca zabaw\u0119, ale\u00a0tak\u017ce stymuluje umys\u0142 psa, zach\u0119caj\u0105c go do eksploracji i\u00a0poszukiwania smako\u0142yk\u00f3w ukrytych w\u00a0\u015brodku.<\/p>\n<h3>Od najmniejszego do najwi\u0119kszego<\/h3>\n<p>Gryzaki ROLLO dost\u0119pne s\u0105 w\u00a0rozmiarach 12cm, 15cm oraz\u00a0najwi\u0119kszy a\u017c 25cm!<\/p>\n<h3>W\u0142a\u015bciwo\u015bci<\/h3>\n<p>ROLLO z\u00a0Jelenia to nie tylko pyszna przek\u0105ska, ale\u00a0r\u00f3wnie\u017c doskona\u0142e narz\u0119dzie do dbania o\u00a0zdrowie z\u0119b\u00f3w i\u00a0dzi\u0105se\u0142 Twojego pupila. \u017buj\u0105c gryzak, pies naturalnie usuwa p\u0142ytk\u0119 bakteryjn\u0105 i\u00a0kamie\u0144 naz\u0119bny, co przyczynia si\u0119 do \u015bwie\u017cego oddechu i\u00a0zdrowych z\u0119b\u00f3w. Dodatkowo ROLLO doskonale zaspokaja naturaln\u0105 potrzeb\u0119 gryzienia i\u00a0\u017cucia pomagaj\u0105c redukowa\u0107 stres oraz\u00a0zapobiega\u0107 nudzie, co jest szczeg\u00f3lnie wa\u017cne dla ps\u00f3w, kt\u00f3re sp\u0119dzaj\u0105 czas same.<\/p>\n<h3>Gryzak idealny<\/h3>\n<p>Daj swojemu psu to, co najlepsze \u2013 ROLLO z\u00a0Jelenia to idealny wyb\u00f3r dla ka\u017cdego czworonoga, kt\u00f3ry uwielbia chrupi\u0105ce przysmaki, potrzebuje bezpiecznych rozwi\u0105za\u0144 dietetycznych i\u00a0czerpie rado\u015b\u0107 z\u00a0aktywnego \u017cucia!<\/p>\n<h3>Sk\u0142ad i\u00a0analityka<\/h3>\n<p>Sk\u0142ad: 100% Sk\u00f3ra z\u00a0Jelenia<\/p>\n<p>Sk\u0142adniki analityczne: Bia\u0142ko surowe 94,4%, Oleje i\u00a0t\u0142uszcze surowe 1,4%, Popi\u00f3\u0142 surowy 1,5%, W\u0142\u00f3kno surowe 1%<\/p>\n<\/div>\n<\/div>\n<\/div>\n<\/div>\n<\/section>\n<\/section>\n<\/section>\n<\/section>\n<\/section>\n<\/section>\n","protected":false},"excerpt":{"rendered":"<p>Przedstawiamy ROLLO z\u00a0Jelenia \u2013 wyj\u0105tkowy gryzak dla ps\u00f3w, kt\u00f3ry \u0142\u0105czy zdrowie, smak i\u00a0funkcjonalno\u015b\u0107. Wykonany w\u00a0100% z\u00a0mielonej sk\u00f3ry jelenia, jest doskona\u0142ym wyborem dla czworonog\u00f3w o\u00a0wra\u017cliwych \u017co\u0142\u0105dkach i\u00a0sk\u0142onno\u015bciach do alergii. Delikatne mi\u0119so z\u00a0jelenia jest mniej uczulaj\u0105ce, dzi\u0119ki czemu ROLLO z\u00a0Jelenia to idealna przek\u0105ska dla ps\u00f3w alergik\u00f3w.<\/p>\n<p>ROLLO to zdrowa i\u00a0naturalna przek\u0105ska, kt\u00f3ra nie tylko sprawia rado\u015b\u0107, ale\u00a0tak\u017ce dba o\u00a0higien\u0119 jamy ustnej Twojego czworonoga oraz\u00a0zaspokoi naturaln\u0105 potrzeb\u0119 gryzienia i\u00a0\u017cucia.<\/p>\n","protected":false},"featured_media":17501,"template":"","meta":{"site-sidebar-layout":"default","site-content-layout":"","ast-site-content-layout":"default","site-content-style":"default","site-sidebar-style":"default","ast-global-header-display":"","ast-banner-title-visibility":"","ast-main-header-display":"","ast-hfb-above-header-display":"","ast-hfb-below-header-display":"","ast-hfb-mobile-header-display":"","site-post-title":"","ast-breadcrumbs-content":"","ast-featured-img":"","footer-sml-layout":"","ast-disable-related-posts":"","theme-transparent-header-meta":"default","adv-header-id-meta":"","stick-header-meta":"","header-above-stick-meta":"","header-main-stick-meta":"","header-below-stick-meta":"","astra-migrate-meta-layouts":"set","ast-page-background-enabled":"default","ast-page-background-meta":{"desktop":{"background-color":"","background-image":"","background-repeat":"repeat","background-position":"center center","background-size":"auto","background-attachment":"scroll","background-type":"","background-media":"","overlay-type":"","overlay-color":"","overlay-opacity":"","overlay-gradient":""},"tablet":{"background-color":"","background-image":"","background-repeat":"repeat","background-position":"center center","background-size":"auto","background-attachment":"scroll","background-type":"","background-media":"","overlay-type":"","overlay-color":"","overlay-opacity":"","overlay-gradient":""},"mobile":{"background-color":"","background-image":"","background-repeat":"repeat","background-position":"center center","background-size":"auto","background-attachment":"scroll","background-type":"","background-media":"","overlay-type":"","overlay-color":"","overlay-opacity":"","overlay-gradient":""}},"ast-content-background-meta":{"desktop":{"background-color":"var(--ast-global-color-5)","background-image":"","background-repeat":"repeat","background-position":"center center","background-size":"auto","background-attachment":"scroll","background-type":"","background-media":"","overlay-type":"","overlay-color":"","overlay-opacity":"","overlay-gradient":""},"tablet":{"background-color":"var(--ast-global-color-5)","background-image":"","background-repeat":"repeat","background-position":"center center","background-size":"auto","background-attachment":"scroll","background-type":"","background-media":"","overlay-type":"","overlay-color":"","overlay-opacity":"","overlay-gradient":""},"mobile":{"background-color":"var(--ast-global-color-5)","background-image":"","background-repeat":"repeat","background-position":"center center","background-size":"auto","background-attachment":"scroll","background-type":"","background-media":"","overlay-type":"","overlay-color":"","overlay-opacity":"","overlay-gradient":""}}},"product_brand":[],"product_cat":[85,159,169],"product_tag":[],"class_list":{"0":"post-17500","1":"product","2":"type-product","3":"status-publish","4":"has-post-thumbnail","6":"product_cat-dlapsa","7":"product_cat-smakolyki","8":"product_cat-gryzaki","9":"desktop-align-left","10":"tablet-align-left","11":"mobile-align-left","13":"first","14":"instock","15":"taxable","16":"shipping-taxable","17":"purchasable","18":"product-type-simple"},"jetpack_sharing_enabled":true,"_links":{"self":[{"href":"https:\/\/mooncraft.com.pl\/index.php?rest_route=\/wp\/v2\/product\/17500","targetHints":{"allow":["GET"]}}],"collection":[{"href":"https:\/\/mooncraft.com.pl\/index.php?rest_route=\/wp\/v2\/product"}],"about":[{"href":"https:\/\/mooncraft.com.pl\/index.php?rest_route=\/wp\/v2\/types\/product"}],"wp:featuredmedia":[{"embeddable":true,"href":"https:\/\/mooncraft.com.pl\/index.php?rest_route=\/wp\/v2\/media\/17501"}],"wp:attachment":[{"href":"https:\/\/mooncraft.com.pl\/index.php?rest_route=%2Fwp%2Fv2%2Fmedia&parent=17500"}],"wp:term":[{"taxonomy":"product_brand","embeddable":true,"href":"https:\/\/mooncraft.com.pl\/index.php?rest_route=%2Fwp%2Fv2%2Fproduct_brand&post=17500"},{"taxonomy":"product_cat","embeddable":true,"href":"https:\/\/mooncraft.com.pl\/index.php?rest_route=%2Fwp%2Fv2%2Fproduct_cat&post=17500"},{"taxonomy":"product_tag","embeddable":true,"href":"https:\/\/mooncraft.com.pl\/index.php?rest_route=%2Fwp%2Fv2%2Fproduct_tag&post=17500"}],"curies":[{"name":"wp","href":"https:\/\/api.w.org\/{rel}","templated":true}]}}