{"id":17307,"date":"2024-08-20T17:09:32","date_gmt":"2024-08-20T17:09:32","guid":{"rendered":"https:\/\/mooncraft.com.pl\/?post_type=product&#038;p=17307"},"modified":"2025-11-29T10:59:16","modified_gmt":"2025-11-29T10:59:16","slug":"woolf-soft-cubes-100g-beef-wolowina","status":"publish","type":"product","link":"https:\/\/mooncraft.com.pl\/?product=woolf-soft-cubes-100g-beef-wolowina","title":{"rendered":"WOOLF &#8211;  Soft Cubes 100g &#8211; Beef \u2013 wo\u0142owina"},"content":{"rendered":"<p><strong>Co wyr\u00f3\u017cnia najnowsz\u0105 gam\u0119 smako\u0142yk\u00f3w Woolf Soft Cubes?<\/strong><\/p>\n<ul>\n<li><strong>Wyborna jako\u015b\u0107<\/strong>, kt\u00f3r\u0105 gwarantuje warto\u015bciowy, bezglutenowy, bezzbo\u017cowy i w znakomitej wi\u0119kszo\u015bci monoproteinowy sk\u0142ad smako\u0142yk\u00f3w wyprodukowanych z lokalnych surowc\u00f3w w Hiszpanii,<\/li>\n<li><strong>Apetyczny smak<\/strong>, zapewniony przez u\u017cycie \u015bwie\u017cego mi\u0119sa, co sprawia, \u017ce przysmaki trafiaj\u0105 w gusta wybrednych zwierz\u0105t lub o gorszym apetycie, spowodowanym schorzeniami lub starzeniem si\u0119 organizmu,<\/li>\n<li><strong>Wysoka warto\u015b\u0107 od\u017cywcza<\/strong>, zagwarantowana przez proces produkcji, opieraj\u0105cy si\u0119 na wolnym gotowaniu i t\u0142oczeniu na zimno, przez co substancje od\u017cywcze poszczeg\u00f3lnych sk\u0142adnik\u00f3w pozostaj\u0105 w pe\u0142ni zachowane,<\/li>\n<li><strong>Uniwersalno\u015b\u0107 wykorzystania<\/strong>, poniewa\u017c wszystkie smako\u0142yki mog\u0105 by\u0107 serwowane r\u00f3wnie\u017c szczeni\u0119tom, a mi\u0119kka faktura czyni z nich nie tylko znakomit\u0105 nagrod\u0119 podczas treningu, ale tak\u017ce pyszn\u0105 niespodziank\u0119 w trakcie zabawy,<\/li>\n<\/ul>\n<p><b>Sk\u0142ad:<\/b>\u00a0\u015bwie\u017ca wo\u0142owina (85%), hydrolizowana skrobia, gliceryna ro\u015blinna, naturalne antyoksydanty (tokoferole).<span class=\"Apple-converted-space\">\u00a0<\/span><\/p>\n<p><b>Sk\u0142adniki analityczne:<\/b>\u00a0bia\u0142ko surowe 28%, t\u0142uszcz surowy 10%, w\u0142\u00f3kno surowe 1%, popi\u00f3\u0142 surowy 7%, wilgotno\u015b\u0107 28%<span class=\"Apple-converted-space\">\u00a0<\/span><\/p>\n<p><b>Instrukcja dotycz\u0105ca karmienia:<\/b>\u00a0Podawa\u0107 jako nagrod\u0119.<span class=\"Apple-converted-space\">\u00a0\u00a0<\/span>Nale\u017cy zapewni\u0107 psu sta\u0142y dost\u0119p do miski \u015bwie\u017cej wody. Przechowywa\u0107 w suchym i ch\u0142odnym miejscu z dala od bezpo\u015bredniego dzia\u0142ania promieni s\u0142onecznych, po otwarciu ponownie zamkn\u0105\u0107. Zu\u017cy\u0107 w ci\u0105gu 7 dni od otwarcia opakowania. Nie po\u0142yka\u0107 poch\u0142aniacza tlenu umieszczonego w opakowaniu.<\/p>\n","protected":false},"excerpt":{"rendered":"<p>Wyj\u0105tkowe mi\u0119kkie, lekko wilgotne smaczki, idealne do treningu.<\/p>\n<p>&nbsp;<\/p>\n","protected":false},"featured_media":17308,"template":"","meta":{"site-sidebar-layout":"default","site-content-layout":"","ast-site-content-layout":"default","site-content-style":"default","site-sidebar-style":"default","ast-global-header-display":"","ast-banner-title-visibility":"","ast-main-header-display":"","ast-hfb-above-header-display":"","ast-hfb-below-header-display":"","ast-hfb-mobile-header-display":"","site-post-title":"","ast-breadcrumbs-content":"","ast-featured-img":"","footer-sml-layout":"","ast-disable-related-posts":"","theme-transparent-header-meta":"default","adv-header-id-meta":"","stick-header-meta":"","header-above-stick-meta":"","header-main-stick-meta":"","header-below-stick-meta":"","astra-migrate-meta-layouts":"set","ast-page-background-enabled":"default","ast-page-background-meta":{"desktop":{"background-color":"","background-image":"","background-repeat":"repeat","background-position":"center center","background-size":"auto","background-attachment":"scroll","background-type":"","background-media":"","overlay-type":"","overlay-color":"","overlay-opacity":"","overlay-gradient":""},"tablet":{"background-color":"","background-image":"","background-repeat":"repeat","background-position":"center center","background-size":"auto","background-attachment":"scroll","background-type":"","background-media":"","overlay-type":"","overlay-color":"","overlay-opacity":"","overlay-gradient":""},"mobile":{"background-color":"","background-image":"","background-repeat":"repeat","background-position":"center center","background-size":"auto","background-attachment":"scroll","background-type":"","background-media":"","overlay-type":"","overlay-color":"","overlay-opacity":"","overlay-gradient":""}},"ast-content-background-meta":{"desktop":{"background-color":"var(--ast-global-color-5)","background-image":"","background-repeat":"repeat","background-position":"center center","background-size":"auto","background-attachment":"scroll","background-type":"","background-media":"","overlay-type":"","overlay-color":"","overlay-opacity":"","overlay-gradient":""},"tablet":{"background-color":"var(--ast-global-color-5)","background-image":"","background-repeat":"repeat","background-position":"center center","background-size":"auto","background-attachment":"scroll","background-type":"","background-media":"","overlay-type":"","overlay-color":"","overlay-opacity":"","overlay-gradient":""},"mobile":{"background-color":"var(--ast-global-color-5)","background-image":"","background-repeat":"repeat","background-position":"center center","background-size":"auto","background-attachment":"scroll","background-type":"","background-media":"","overlay-type":"","overlay-color":"","overlay-opacity":"","overlay-gradient":""}}},"product_brand":[],"product_cat":[85,159,170],"product_tag":[],"class_list":{"0":"post-17307","1":"product","2":"type-product","3":"status-publish","4":"has-post-thumbnail","6":"product_cat-dlapsa","7":"product_cat-smakolyki","8":"product_cat-przysmaki","9":"desktop-align-left","10":"tablet-align-left","11":"mobile-align-left","13":"first","14":"instock","15":"taxable","16":"shipping-taxable","17":"purchasable","18":"product-type-simple"},"jetpack_sharing_enabled":true,"_links":{"self":[{"href":"https:\/\/mooncraft.com.pl\/index.php?rest_route=\/wp\/v2\/product\/17307","targetHints":{"allow":["GET"]}}],"collection":[{"href":"https:\/\/mooncraft.com.pl\/index.php?rest_route=\/wp\/v2\/product"}],"about":[{"href":"https:\/\/mooncraft.com.pl\/index.php?rest_route=\/wp\/v2\/types\/product"}],"wp:featuredmedia":[{"embeddable":true,"href":"https:\/\/mooncraft.com.pl\/index.php?rest_route=\/wp\/v2\/media\/17308"}],"wp:attachment":[{"href":"https:\/\/mooncraft.com.pl\/index.php?rest_route=%2Fwp%2Fv2%2Fmedia&parent=17307"}],"wp:term":[{"taxonomy":"product_brand","embeddable":true,"href":"https:\/\/mooncraft.com.pl\/index.php?rest_route=%2Fwp%2Fv2%2Fproduct_brand&post=17307"},{"taxonomy":"product_cat","embeddable":true,"href":"https:\/\/mooncraft.com.pl\/index.php?rest_route=%2Fwp%2Fv2%2Fproduct_cat&post=17307"},{"taxonomy":"product_tag","embeddable":true,"href":"https:\/\/mooncraft.com.pl\/index.php?rest_route=%2Fwp%2Fv2%2Fproduct_tag&post=17307"}],"curies":[{"name":"wp","href":"https:\/\/api.w.org\/{rel}","templated":true}]}}