{"id":17092,"date":"2024-07-29T13:34:02","date_gmt":"2024-07-29T13:34:02","guid":{"rendered":"https:\/\/mooncraft.com.pl\/?post_type=product&#038;p=17092"},"modified":"2025-01-26T17:40:03","modified_gmt":"2025-01-26T17:40:03","slug":"torebka-jupiter-welur-bloom","status":"publish","type":"product","link":"https:\/\/mooncraft.com.pl\/?product=torebka-jupiter-welur-bloom","title":{"rendered":"Torebka Jupiter &#8211; Welur + Bloom"},"content":{"rendered":"<p>Torebka z ca\u0142ym pakietem funkcjonalno\u015bci &#8211; mo\u017cesz spakowa\u0107 do niej pullery albo frisbee, ma osobne miejsce na telefon czy klucze.<\/p>\n<p>Opcja numer dwa &#8211; mo\u017cesz wsun\u0105\u0107 frisbee do otwartej zewn\u0119trznej kieszonki, a do \u015brodka zmie\u015bcisz ca\u0142\u0105 mas\u0119 przydasi\u00f3w spacerowych.<\/p>\n<p>Nie trenujesz z psiakiem? Nie szkodzi, ta torba \u015bwietnie sprawdzi si\u0119 te\u017c w codziennym u\u017cytkowaniu, jest bardzo pojemna i efektowna ! &lt;3<\/p>\n<p>&nbsp;<\/p>\n<p>WYMIARY:<span class=\"text_exposed_show\"><br \/>\n<\/span><\/p>\n<p>\u015arednica 28 cm (idealnie mie\u015bci Frisboo od Fiboo)<\/p>\n<p>G\u0142\u0119boko\u015b\u0107 &#8211; 9cm<\/p>\n<p>Torebka jest usztywniona, zachowuje swoj\u0105 form\u0119<\/p>\n<div class=\"text_exposed_show\">\n<p>Na froncie kiesze\u0144 otwarta wsuwana, z ty\u0142u mniejsza kieszonka na zamek<\/p>\n<p>Du\u017ca komora w \u015brodku plus mi\u0119kka, wsuwana kiesze\u0144<\/p>\n<\/div>\n<p><span style=\"font-size: 16px;\">Pasek regulowany z ta\u015bmy bawe\u0142nianej (mi\u0119kka przyjemna w dotyku).<\/span><\/p>\n<p><span style=\"font-size: 16px;\">Pasek jest odpinany i regulowany &#8211; torb\u0119 mo\u017cna nosi\u0107 przez rami\u0119 na skos, mo\u017cna skr\u00f3ci\u0107 i mie\u0107 j\u0105 pod r\u0119k\u0105 <\/span><span class=\"_47e3 _5mfr\" style=\"font-size: 16px;\" title=\"Emotikon smile\"><img decoding=\"async\" class=\"img\" role=\"presentation\" src=\"https:\/\/static.xx.fbcdn.net\/images\/emoji.php\/v9\/t4c\/1\/16\/1f642.png\" alt=\"1f642\" width=\"16\" height=\"16\" title=\"Torebka Jupiter - Welur + Bloom\"><\/span><\/p>\n<p>Zamek z\u0142oty , okucia z\u0142ote<\/p>\n<p>Ta\u015bma czarna<\/p>\n<p>&nbsp;<\/p>\n<p>Regulacja samego paska: 76 &#8211; 135cm<\/p>\n<div class=\"text_exposed_show\">\n<p>Materia\u0142 zewn\u0119trzny &#8211; welur tapicerski be\u017cowy i poliester wodoodporny<\/p>\n<p>Podszewka w \u015brodku z materia\u0142u wodoodpornego<\/p>\n<\/div>\n<p>&nbsp;<\/p>\n<p>Je\u015bli marzy Ci si\u0119 torba w innym wzorze ni\u017c zaproponowane na stronie &#8211; napisz na priv, mog\u0119 j\u0105 wyczarowa\u0107 w dowolnym wzorze z wzornika lub w welurowym drobnym pr\u0105\u017cku (jednokolorowe te\u017c b\u0119d\u0105 wygl\u0105da\u0107 ekstra!)<\/p>\n","protected":false},"excerpt":{"rendered":"<h5>Zaszalej i daj si\u0119 ponie\u015b\u0107 z now\u0105 kosmiczn\u0105 torebk\u0105!<\/h5>\n<p>&nbsp;<\/p>\n<p>Idealna do noszenia na co dzie\u0144, z funkcjonaln\u0105 opcj\u0105 wykorzystania jej na frisbee z psiakiem !<\/p>\n<p class=\"ni8dbmo4 stjgntxs nred35xi ii04i59q\" data-testid=\"messenger_incoming_text_row\">Produkt szyty na zam\u00f3wienie: wysy\u0142ka do 14 dni roboczych od zaksi\u0119gowania wp\u0142aty.<\/p>\n<p>Uwaga: jest to r\u0119kodzie\u0142o &#8211; u\u0142o\u017cenie wzoru na zam\u00f3wionej torebce mo\u017ce r\u00f3\u017cni\u0107 si\u0119 od zdj\u0119cia. Ale bez obaw ! Staramy si\u0119 aby ka\u017cdy uszyty model wygl\u0105da\u0142 pi\u0119knie \ud83d\ude42<\/p>\n","protected":false},"featured_media":17078,"template":"","meta":{"site-sidebar-layout":"default","site-content-layout":"default","ast-site-content-layout":"default","site-content-style":"default","site-sidebar-style":"default","ast-global-header-display":"","ast-banner-title-visibility":"","ast-main-header-display":"","ast-hfb-above-header-display":"","ast-hfb-below-header-display":"","ast-hfb-mobile-header-display":"","site-post-title":"","ast-breadcrumbs-content":"","ast-featured-img":"","footer-sml-layout":"","ast-disable-related-posts":"","theme-transparent-header-meta":"default","adv-header-id-meta":"","stick-header-meta":"","header-above-stick-meta":"","header-main-stick-meta":"","header-below-stick-meta":"","astra-migrate-meta-layouts":"set","ast-page-background-enabled":"default","ast-page-background-meta":{"desktop":{"background-color":"","background-image":"","background-repeat":"repeat","background-position":"center center","background-size":"auto","background-attachment":"scroll","background-type":"","background-media":"","overlay-type":"","overlay-color":"","overlay-opacity":"","overlay-gradient":""},"tablet":{"background-color":"","background-image":"","background-repeat":"repeat","background-position":"center center","background-size":"auto","background-attachment":"scroll","background-type":"","background-media":"","overlay-type":"","overlay-color":"","overlay-opacity":"","overlay-gradient":""},"mobile":{"background-color":"","background-image":"","background-repeat":"repeat","background-position":"center center","background-size":"auto","background-attachment":"scroll","background-type":"","background-media":"","overlay-type":"","overlay-color":"","overlay-opacity":"","overlay-gradient":""}},"ast-content-background-meta":{"desktop":{"background-color":"var(--ast-global-color-5)","background-image":"","background-repeat":"repeat","background-position":"center center","background-size":"auto","background-attachment":"scroll","background-type":"","background-media":"","overlay-type":"","overlay-color":"","overlay-opacity":"","overlay-gradient":""},"tablet":{"background-color":"var(--ast-global-color-5)","background-image":"","background-repeat":"repeat","background-position":"center center","background-size":"auto","background-attachment":"scroll","background-type":"","background-media":"","overlay-type":"","overlay-color":"","overlay-opacity":"","overlay-gradient":""},"mobile":{"background-color":"var(--ast-global-color-5)","background-image":"","background-repeat":"repeat","background-position":"center center","background-size":"auto","background-attachment":"scroll","background-type":"","background-media":"","overlay-type":"","overlay-color":"","overlay-opacity":"","overlay-gradient":""}}},"product_brand":[],"product_cat":[82,110,167],"product_tag":[],"class_list":{"0":"post-17092","1":"product","2":"type-product","3":"status-publish","4":"has-post-thumbnail","6":"product_cat-dlaciebie","7":"product_cat-torby","8":"product_cat-torebka-jupiter","9":"desktop-align-left","10":"tablet-align-left","11":"mobile-align-left","13":"first","14":"onbackorder","15":"featured","16":"taxable","17":"shipping-taxable","18":"purchasable","19":"product-type-simple"},"jetpack_sharing_enabled":true,"_links":{"self":[{"href":"https:\/\/mooncraft.com.pl\/index.php?rest_route=\/wp\/v2\/product\/17092","targetHints":{"allow":["GET"]}}],"collection":[{"href":"https:\/\/mooncraft.com.pl\/index.php?rest_route=\/wp\/v2\/product"}],"about":[{"href":"https:\/\/mooncraft.com.pl\/index.php?rest_route=\/wp\/v2\/types\/product"}],"wp:featuredmedia":[{"embeddable":true,"href":"https:\/\/mooncraft.com.pl\/index.php?rest_route=\/wp\/v2\/media\/17078"}],"wp:attachment":[{"href":"https:\/\/mooncraft.com.pl\/index.php?rest_route=%2Fwp%2Fv2%2Fmedia&parent=17092"}],"wp:term":[{"taxonomy":"product_brand","embeddable":true,"href":"https:\/\/mooncraft.com.pl\/index.php?rest_route=%2Fwp%2Fv2%2Fproduct_brand&post=17092"},{"taxonomy":"product_cat","embeddable":true,"href":"https:\/\/mooncraft.com.pl\/index.php?rest_route=%2Fwp%2Fv2%2Fproduct_cat&post=17092"},{"taxonomy":"product_tag","embeddable":true,"href":"https:\/\/mooncraft.com.pl\/index.php?rest_route=%2Fwp%2Fv2%2Fproduct_tag&post=17092"}],"curies":[{"name":"wp","href":"https:\/\/api.w.org\/{rel}","templated":true}]}}