{"id":16804,"date":"2024-06-17T18:42:16","date_gmt":"2024-06-17T18:42:16","guid":{"rendered":"https:\/\/mooncraft.com.pl\/?post_type=product&#038;p=16804"},"modified":"2026-03-18T10:07:17","modified_gmt":"2026-03-18T10:07:17","slug":"dogy-zwijki-wolowe-40cm-kopia","status":"publish","type":"product","link":"https:\/\/mooncraft.com.pl\/?product=dogy-zwijki-wolowe-40cm-kopia","title":{"rendered":"DOGY &#8211; hot-dog salami ze \u017cwaczem 17cm"},"content":{"rendered":"<section>\n<section>\n<section>\n<section>\n<section>\n<section id=\"opis-produktu\" class=\"section_product section_product--part_of_bar section_product--first_item_of_bar section_product--v1 section section_product--v1__desc section--padding-top-medium\">\n<div class=\"section_body\">\n<div class=\"productDesc productDesc--full container\">\n<div class=\"productDesc__left grow productDesc__left--no_params\">\n<div class=\"productDesc__desc typography\">\n<p><strong>Sk\u0142ad:<\/strong><\/p>\n<p>Sk\u00f3ra Wo\u0142owa (97%): G\u0142\u00f3wnym sk\u0142adnikiem Hot-Doga jest soczysta sk\u00f3ra wo\u0142owa, kt\u00f3ra dostarcza bia\u0142ka i\u00a0energii dla Twojego psa, jednocze\u015bnie zach\u0119caj\u0105c go do d\u0142u\u017cszego \u017cucia i\u00a0zabawy.<br \/>\n\u017bwacze (2%): \u017bwacze to naturalna przyjemno\u015b\u0107 dla psa, wspomagaj\u0105ca higien\u0119 jamy ustnej i\u00a0utrzymanie zdrowych z\u0119b\u00f3w.<br \/>\nPenisy Wo\u0142owe (1%): Penisy wo\u0142owe to \u017ar\u00f3d\u0142o bia\u0142ka i\u00a0cennych sk\u0142adnik\u00f3w od\u017cywczych, kt\u00f3re wspieraj\u0105 zdrow\u0105 muskulatur\u0119.<br \/>\nDodatki sensoryczne: barwnik<\/p>\n<p><strong>Kszta\u0142t Przyci\u0105gaj\u0105cy Uwag\u0119:<\/strong>\u00a0Hot-Dog ze \u017bwaczem Dogy to przysmak w\u00a0kszta\u0142cie hot-doga, kt\u00f3ry jest nie tylko smaczny, ale\u00a0i\u00a0atrakcyjny wizualnie. Ten nietypowy kszta\u0142t przyci\u0105ga uwag\u0119 psa, zach\u0119caj\u0105c go do zabawy i\u00a0d\u0142u\u017cszego \u017cucia.<\/p>\n<h3><strong>Korzy\u015bci Dla Psa:<\/strong><\/h3>\n<p><strong>Rozrywka:<\/strong>\u00a0Hot-Dog ze \u017bwaczem dostarcza rozrywki i\u00a0stymuluje naturaln\u0105 potrzeb\u0119 \u017cucia, zapewniaj\u0105c godziny zabawy dla Twojego pupila.<\/p>\n<p><strong>Higiena Jamy Ustnej:<\/strong>\u00a0\u017bwacze pomagaj\u0105 w\u00a0utrzymaniu zdrowych z\u0119b\u00f3w i\u00a0dzi\u0105se\u0142, redukuj\u0105c ryzyko powstawania kamienia naz\u0119bnego.<\/p>\n<p><strong>Wysoka Jako\u015b\u0107:\u00a0<\/strong>Sk\u0142adniki przysmaku s\u0105 najwy\u017cszej jako\u015bci, co sprawia, \u017ce\u00a0Hot-Dog ze \u017bwaczem to doskona\u0142a propozycja dla wymagaj\u0105cych klient\u00f3w.<\/p>\n<p>Hot-Dog Salami ze \u017bwaczem Dogy to nie tylko przysmak, to tak\u017ce zaproszenie do zabawy i\u00a0zadbania o\u00a0zdrowie jamy ustnej Twojego psa. Oferuj\u0105c ten przysmak w\u00a0swoim sklepie zoologicznym, spe\u0142nisz oczekiwania klient\u00f3w, kt\u00f3rzy szukaj\u0105 przek\u0105sek o\u00a0wyj\u0105tkowym smaku i\u00a0warto\u015bciach zdrowotnych.<\/p>\n<p><strong>Co wyr\u00f3\u017cnia gryzaki Dogy?<\/strong>\u00a0Po pierwsze, s\u0105 one wolne od cukru, glutenu, konserwant\u00f3w i\u00a0substancji chemicznych, co czyni je doskona\u0142ym wyborem dla ps\u00f3w o\u00a0wra\u017cliwym \u017co\u0142\u0105dku.<\/p>\n<\/div>\n<\/div>\n<\/div>\n<\/div>\n<\/section>\n<\/section>\n<\/section>\n<\/section>\n<\/section>\n<\/section>\n","protected":false},"excerpt":{"rendered":"<p>Hot-Dog Salami ze \u017bwaczem Dogy to przysmak, kt\u00f3ry nie tylko zachwyca smakiem, ale\u00a0r\u00f3wnie\u017c oferuje rozrywk\u0119 i\u00a0korzy\u015bci zdrowotne dla Twojego pupila. To doskona\u0142a propozycja, aby wzbogaci\u0107 ofert\u0119 swojego sklepu zoologicznego i\u00a0zadowoli\u0107 wymagaj\u0105cych klient\u00f3w.<\/p>\n","protected":false},"featured_media":16807,"template":"","meta":{"site-sidebar-layout":"default","site-content-layout":"","ast-site-content-layout":"default","site-content-style":"default","site-sidebar-style":"default","ast-global-header-display":"","ast-banner-title-visibility":"","ast-main-header-display":"","ast-hfb-above-header-display":"","ast-hfb-below-header-display":"","ast-hfb-mobile-header-display":"","site-post-title":"","ast-breadcrumbs-content":"","ast-featured-img":"","footer-sml-layout":"","ast-disable-related-posts":"","theme-transparent-header-meta":"default","adv-header-id-meta":"","stick-header-meta":"","header-above-stick-meta":"","header-main-stick-meta":"","header-below-stick-meta":"","astra-migrate-meta-layouts":"set","ast-page-background-enabled":"default","ast-page-background-meta":{"desktop":{"background-color":"","background-image":"","background-repeat":"repeat","background-position":"center center","background-size":"auto","background-attachment":"scroll","background-type":"","background-media":"","overlay-type":"","overlay-color":"","overlay-opacity":"","overlay-gradient":""},"tablet":{"background-color":"","background-image":"","background-repeat":"repeat","background-position":"center center","background-size":"auto","background-attachment":"scroll","background-type":"","background-media":"","overlay-type":"","overlay-color":"","overlay-opacity":"","overlay-gradient":""},"mobile":{"background-color":"","background-image":"","background-repeat":"repeat","background-position":"center center","background-size":"auto","background-attachment":"scroll","background-type":"","background-media":"","overlay-type":"","overlay-color":"","overlay-opacity":"","overlay-gradient":""}},"ast-content-background-meta":{"desktop":{"background-color":"var(--ast-global-color-5)","background-image":"","background-repeat":"repeat","background-position":"center center","background-size":"auto","background-attachment":"scroll","background-type":"","background-media":"","overlay-type":"","overlay-color":"","overlay-opacity":"","overlay-gradient":""},"tablet":{"background-color":"var(--ast-global-color-5)","background-image":"","background-repeat":"repeat","background-position":"center center","background-size":"auto","background-attachment":"scroll","background-type":"","background-media":"","overlay-type":"","overlay-color":"","overlay-opacity":"","overlay-gradient":""},"mobile":{"background-color":"var(--ast-global-color-5)","background-image":"","background-repeat":"repeat","background-position":"center center","background-size":"auto","background-attachment":"scroll","background-type":"","background-media":"","overlay-type":"","overlay-color":"","overlay-opacity":"","overlay-gradient":""}}},"product_brand":[],"product_cat":[85,159,169],"product_tag":[],"class_list":{"0":"post-16804","1":"product","2":"type-product","3":"status-publish","4":"has-post-thumbnail","6":"product_cat-dlapsa","7":"product_cat-smakolyki","8":"product_cat-gryzaki","9":"desktop-align-left","10":"tablet-align-left","11":"mobile-align-left","13":"first","14":"instock","15":"taxable","16":"shipping-taxable","17":"purchasable","18":"product-type-simple"},"jetpack_sharing_enabled":true,"_links":{"self":[{"href":"https:\/\/mooncraft.com.pl\/index.php?rest_route=\/wp\/v2\/product\/16804","targetHints":{"allow":["GET"]}}],"collection":[{"href":"https:\/\/mooncraft.com.pl\/index.php?rest_route=\/wp\/v2\/product"}],"about":[{"href":"https:\/\/mooncraft.com.pl\/index.php?rest_route=\/wp\/v2\/types\/product"}],"wp:featuredmedia":[{"embeddable":true,"href":"https:\/\/mooncraft.com.pl\/index.php?rest_route=\/wp\/v2\/media\/16807"}],"wp:attachment":[{"href":"https:\/\/mooncraft.com.pl\/index.php?rest_route=%2Fwp%2Fv2%2Fmedia&parent=16804"}],"wp:term":[{"taxonomy":"product_brand","embeddable":true,"href":"https:\/\/mooncraft.com.pl\/index.php?rest_route=%2Fwp%2Fv2%2Fproduct_brand&post=16804"},{"taxonomy":"product_cat","embeddable":true,"href":"https:\/\/mooncraft.com.pl\/index.php?rest_route=%2Fwp%2Fv2%2Fproduct_cat&post=16804"},{"taxonomy":"product_tag","embeddable":true,"href":"https:\/\/mooncraft.com.pl\/index.php?rest_route=%2Fwp%2Fv2%2Fproduct_tag&post=16804"}],"curies":[{"name":"wp","href":"https:\/\/api.w.org\/{rel}","templated":true}]}}