{"id":16718,"date":"2024-06-14T05:03:20","date_gmt":"2024-06-14T05:03:20","guid":{"rendered":"https:\/\/mooncraft.com.pl\/?post_type=product&#038;p=16718"},"modified":"2025-08-16T15:00:29","modified_gmt":"2025-08-16T15:00:29","slug":"torebka-ksiezycowa-mini-paprocie","status":"publish","type":"product","link":"https:\/\/mooncraft.com.pl\/?product=torebka-ksiezycowa-mini-paprocie","title":{"rendered":"Torebka ksi\u0119\u017cycowa MINI &#8211; Paprocie"},"content":{"rendered":"<p>Dla os\u00f3b kt\u00f3re znaj\u0105 ju\u017c torebk\u0119 ksi\u0119\u017cycow\u0105- jest to ni\u017csza wersja tej torebki. Idealnie nada si\u0119 na miasto czy spacer, kiedy nie trzeba zabiera\u0107 ze sob\u0105 tak wielu rzeczy.<\/p>\n<p>WYMIARY:<span class=\"text_exposed_show\"><br \/>\n<\/span><\/p>\n<p>wysoko\u015b\u0107 ok. 15cm<\/p>\n<p>szeroko\u015b\u0107 ok. 24cm<\/p>\n<p>g\u0142\u0119boko\u015b\u0107 (mierzona klapka)\u00a0 &#8211; oko\u0142o 8cm<\/p>\n<p>Torebka jest usztywniana, zachowuje swoj\u0105 form\u0119 nawet z samym portfelem w \u015brodku \ud83d\ude09<\/p>\n<p><span style=\"font-size: 16px;\">Pasek regulowany z ta\u015bmy bawe\u0142nianej (mi\u0119kka przyjemna w dotyku).<\/span><\/p>\n<p><span style=\"font-size: 16px;\">Pasek jest odpinany &#8211; mo\u017cna nosi\u0107 przez rami\u0119 na skos, mo\u017cna skr\u00f3ci\u0107 i mie\u0107 torebk\u0119 pod r\u0119k\u0105 <\/span><span class=\"_47e3 _5mfr\" style=\"font-size: 16px;\" title=\"Emotikon smile\"><img decoding=\"async\" class=\"img\" role=\"presentation\" src=\"https:\/\/static.xx.fbcdn.net\/images\/emoji.php\/v9\/t4c\/1\/16\/1f642.png\" alt=\"1f642\" width=\"16\" height=\"16\" title=\"Torebka ksi\u0119\u017cycowa MINI - Paprocie\"><\/span><\/p>\n<p><span style=\"font-size: 16px;\">materia\u0142 zewn\u0119trzny &#8211; poliester wodoodporny<\/span><\/p>\n<div class=\"text_exposed_show\">\n<p>Podszewka w \u015brodku z materia\u0142u wodoodpornego<\/p>\n<p>W \u015brodku kiesze\u0144 otwarta &#8211; przegroda dziel\u0105ca na dwie cz\u0119\u015bci<\/p>\n<\/div>\n","protected":false},"excerpt":{"rendered":"<h5>Mniejsza siostra torebki ksi\u0119\u017cycowej. Spe\u0142ni rol\u0119 ma\u0142ej torebki lub nerki wedle uznania.<\/h5>\n<p>Mo\u017cna j\u0105 nosi\u0107 przez rami\u0119, w pasie lub na ramieniu &#8211; do wyboru dwie d\u0142ugo\u015bci paska<\/p>\n<p>Pojemna i efektowna ! &lt;3<\/p>\n<p>metka br\u0105zowa<\/p>\n<p class=\"ni8dbmo4 stjgntxs nred35xi ii04i59q\" aria-owns=\"jsc_c_5f\" data-testid=\"messenger_incoming_text_row\">Produkt dost\u0119pny od r\u0119ki: wysy\u0142ka 1-3dni roboczych od zaksi\u0119gowania wp\u0142aty.<br \/>\nProdukt na zam\u00f3wienie: wysy\u0142ka do 14 dni roboczych od zaksi\u0119gowania wp\u0142aty.<\/p>\n<p>uwaga: jest to r\u0119kodzie\u0142o &#8211; u\u0142o\u017cenie wzoru na zam\u00f3wionej torebce mo\u017ce r\u00f3\u017cni\u0107 si\u0119 od zdj\u0119cia. Ale bez obaw ! Staramy si\u0119 aby ka\u017cdy uszyty model wygl\u0105da\u0142 pi\u0119knie \ud83d\ude42<\/p>\n","protected":false},"featured_media":16712,"template":"","meta":{"site-sidebar-layout":"default","site-content-layout":"default","ast-site-content-layout":"default","site-content-style":"default","site-sidebar-style":"default","ast-global-header-display":"","ast-banner-title-visibility":"","ast-main-header-display":"","ast-hfb-above-header-display":"","ast-hfb-below-header-display":"","ast-hfb-mobile-header-display":"","site-post-title":"","ast-breadcrumbs-content":"","ast-featured-img":"","footer-sml-layout":"","ast-disable-related-posts":"","theme-transparent-header-meta":"default","adv-header-id-meta":"","stick-header-meta":"","header-above-stick-meta":"","header-main-stick-meta":"","header-below-stick-meta":"","astra-migrate-meta-layouts":"set","ast-page-background-enabled":"default","ast-page-background-meta":{"desktop":{"background-color":"","background-image":"","background-repeat":"repeat","background-position":"center center","background-size":"auto","background-attachment":"scroll","background-type":"","background-media":"","overlay-type":"","overlay-color":"","overlay-opacity":"","overlay-gradient":""},"tablet":{"background-color":"","background-image":"","background-repeat":"repeat","background-position":"center center","background-size":"auto","background-attachment":"scroll","background-type":"","background-media":"","overlay-type":"","overlay-color":"","overlay-opacity":"","overlay-gradient":""},"mobile":{"background-color":"","background-image":"","background-repeat":"repeat","background-position":"center center","background-size":"auto","background-attachment":"scroll","background-type":"","background-media":"","overlay-type":"","overlay-color":"","overlay-opacity":"","overlay-gradient":""}},"ast-content-background-meta":{"desktop":{"background-color":"var(--ast-global-color-5)","background-image":"","background-repeat":"repeat","background-position":"center center","background-size":"auto","background-attachment":"scroll","background-type":"","background-media":"","overlay-type":"","overlay-color":"","overlay-opacity":"","overlay-gradient":""},"tablet":{"background-color":"var(--ast-global-color-5)","background-image":"","background-repeat":"repeat","background-position":"center center","background-size":"auto","background-attachment":"scroll","background-type":"","background-media":"","overlay-type":"","overlay-color":"","overlay-opacity":"","overlay-gradient":""},"mobile":{"background-color":"var(--ast-global-color-5)","background-image":"","background-repeat":"repeat","background-position":"center center","background-size":"auto","background-attachment":"scroll","background-type":"","background-media":"","overlay-type":"","overlay-color":"","overlay-opacity":"","overlay-gradient":""}}},"product_brand":[],"product_cat":[82,110,124],"product_tag":[],"class_list":{"0":"post-16718","1":"product","2":"type-product","3":"status-publish","4":"has-post-thumbnail","6":"product_cat-dlaciebie","7":"product_cat-torby","8":"product_cat-ksiezycowa-mini","9":"desktop-align-left","10":"tablet-align-left","11":"mobile-align-left","13":"first","14":"onbackorder","15":"featured","16":"taxable","17":"shipping-taxable","18":"purchasable","19":"product-type-variable"},"jetpack_sharing_enabled":true,"_links":{"self":[{"href":"https:\/\/mooncraft.com.pl\/index.php?rest_route=\/wp\/v2\/product\/16718","targetHints":{"allow":["GET"]}}],"collection":[{"href":"https:\/\/mooncraft.com.pl\/index.php?rest_route=\/wp\/v2\/product"}],"about":[{"href":"https:\/\/mooncraft.com.pl\/index.php?rest_route=\/wp\/v2\/types\/product"}],"wp:featuredmedia":[{"embeddable":true,"href":"https:\/\/mooncraft.com.pl\/index.php?rest_route=\/wp\/v2\/media\/16712"}],"wp:attachment":[{"href":"https:\/\/mooncraft.com.pl\/index.php?rest_route=%2Fwp%2Fv2%2Fmedia&parent=16718"}],"wp:term":[{"taxonomy":"product_brand","embeddable":true,"href":"https:\/\/mooncraft.com.pl\/index.php?rest_route=%2Fwp%2Fv2%2Fproduct_brand&post=16718"},{"taxonomy":"product_cat","embeddable":true,"href":"https:\/\/mooncraft.com.pl\/index.php?rest_route=%2Fwp%2Fv2%2Fproduct_cat&post=16718"},{"taxonomy":"product_tag","embeddable":true,"href":"https:\/\/mooncraft.com.pl\/index.php?rest_route=%2Fwp%2Fv2%2Fproduct_tag&post=16718"}],"curies":[{"name":"wp","href":"https:\/\/api.w.org\/{rel}","templated":true}]}}