{"id":16601,"date":"2024-06-05T19:16:33","date_gmt":"2024-06-05T19:16:33","guid":{"rendered":"https:\/\/mooncraft.com.pl\/?post_type=product&#038;p=16601"},"modified":"2026-04-02T14:01:58","modified_gmt":"2026-04-02T14:01:58","slug":"uniszki-ucho-krolicze-bez-futra-2-szt","status":"publish","type":"product","link":"https:\/\/mooncraft.com.pl\/?product=uniszki-ucho-krolicze-bez-futra-2-szt","title":{"rendered":"UNISZKI &#8211; Ucho kr\u00f3licze bez futra 2 szt."},"content":{"rendered":"<section>\n<section>\n<section>\n<section>\n<section>\n<section id=\"opis-produktu\" class=\"section_product section_product--part_of_bar section_product--first_item_of_bar section_product--v1 section section_product--v1__desc section--padding-top-medium\">\n<div class=\"section_body\">\n<div class=\"productDesc productDesc--full container\">\n<div class=\"productDesc__left grow productDesc__left--no_params\">\n<div class=\"productDesc__desc typography\">\n<p>Ucho kr\u00f3licze bez futra dla psa to naturalny i smakowity przysmak, kt\u00f3ry nie tylko zaspokaja instynkt \u017cucia naszego czworono\u017cnego przyjaciela, ale r\u00f3wnie\u017c przynosi szereg korzy\u015bci zdrowotnych.<\/p>\n<p>\u017bucie takiego gryzaka\u00a0<b>pomaga w czyszczeniu z\u0119b\u00f3w<\/b>\u00a0psa przez mechaniczne \u015bcieranie p\u0142ytki naz\u0119bnej i kamienia, przyczyniaj\u0105c si\u0119 do zdrowia jamy ustnej i zapobiegania chorobom dzi\u0105se\u0142. Ucho kr\u00f3licze charakteryzuje si\u0119\u00a0<b>nisk\u0105 zawarto\u015bci\u0105 t\u0142uszczu<\/b>, co czyni je idealnym dla ps\u00f3w, kt\u00f3re musz\u0105 pilnowa\u0107 swojej wagi. Stanowi tak\u017ce bogate \u017ar\u00f3d\u0142o bia\u0142ka, niezb\u0119dnego dla zdrowia i wzrostu psa. Dla wielu ps\u00f3w \u017cucie takiego przysmaku to doskona\u0142y\u00a0<b>spos\u00f3b<\/b>\u00a0<b>na roz\u0142adowanie energii i stresu<\/b>. Co wi\u0119cej, ucho kr\u00f3licze jest cz\u0119sto polecane<b>\u00a0dla ps\u00f3w z alergiami pokarmowymi<\/b>, poniewa\u017c kr\u00f3lik jest rzadziej kojarzony z reakcjami alergicznymi ni\u017c niekt\u00f3re inne bia\u0142ka. Ucho kr\u00f3licze jest oferowane w naturalnej formie, jest wolne od sztucznych dodatk\u00f3w i konserwant\u00f3w, co dodatkowo podnosi jego warto\u015b\u0107 dla zdrowia psa.<\/p>\n<div><strong>Sk\u0142ad analityczny:<\/strong><\/div>\n<div>Bia\u0142ko surowe: 59,84%<\/div>\n<div>T\u0142uszcz surowy: 29,35%<\/div>\n<div>Wilgotno\u015b\u0107: 9,48%<\/div>\n<div>Zawarto\u015b\u0107 popio\u0142u surowego: 2,14%<\/div>\n<div>Zawarto\u015b\u0107 w\u0142\u00f3kna surowego: &lt;0,70%<\/div>\n<div><\/div>\n<div><strong>Sk\u0142ad:<\/strong><\/div>\n<div>Ucho kr\u00f3lika 100%<\/div>\n<div><\/div>\n<p>Ucho kr\u00f3lika podawaj jako dodatek do codziennych posi\u0142k\u00f3w psa. Obserwuj zwierz\u0119, gdy delektuje si\u0119 t\u0105 pyszno\u015bci\u0105. Pami\u0119taj o zapewnieniu \u015bwie\u017cej wody pitnej.<\/p>\n<p>&nbsp;<\/p>\n<p>Opakowanie z naturalnym gryzakiem przechowuj w suchym miejscu w temperaturze pokojowej. Zawsze szczelnie zamykaj.<\/p>\n<\/div>\n<\/div>\n<\/div>\n<\/div>\n<\/section>\n<\/section>\n<\/section>\n<\/section>\n<\/section>\n<\/section>\n","protected":false},"excerpt":{"rendered":"<ul>\n<li>DLA stymulacji dzi\u0105se\u0142<\/li>\n<li>DLA satysfakcji z \u017cucia<\/li>\n<li>DLA czystych i zdrowych z\u0119b\u00f3w<\/li>\n<\/ul>\n","protected":false},"featured_media":16602,"template":"","meta":{"site-sidebar-layout":"default","site-content-layout":"","ast-site-content-layout":"default","site-content-style":"default","site-sidebar-style":"default","ast-global-header-display":"","ast-banner-title-visibility":"","ast-main-header-display":"","ast-hfb-above-header-display":"","ast-hfb-below-header-display":"","ast-hfb-mobile-header-display":"","site-post-title":"","ast-breadcrumbs-content":"","ast-featured-img":"","footer-sml-layout":"","ast-disable-related-posts":"","theme-transparent-header-meta":"default","adv-header-id-meta":"","stick-header-meta":"","header-above-stick-meta":"","header-main-stick-meta":"","header-below-stick-meta":"","astra-migrate-meta-layouts":"set","ast-page-background-enabled":"default","ast-page-background-meta":{"desktop":{"background-color":"","background-image":"","background-repeat":"repeat","background-position":"center center","background-size":"auto","background-attachment":"scroll","background-type":"","background-media":"","overlay-type":"","overlay-color":"","overlay-opacity":"","overlay-gradient":""},"tablet":{"background-color":"","background-image":"","background-repeat":"repeat","background-position":"center center","background-size":"auto","background-attachment":"scroll","background-type":"","background-media":"","overlay-type":"","overlay-color":"","overlay-opacity":"","overlay-gradient":""},"mobile":{"background-color":"","background-image":"","background-repeat":"repeat","background-position":"center center","background-size":"auto","background-attachment":"scroll","background-type":"","background-media":"","overlay-type":"","overlay-color":"","overlay-opacity":"","overlay-gradient":""}},"ast-content-background-meta":{"desktop":{"background-color":"var(--ast-global-color-5)","background-image":"","background-repeat":"repeat","background-position":"center center","background-size":"auto","background-attachment":"scroll","background-type":"","background-media":"","overlay-type":"","overlay-color":"","overlay-opacity":"","overlay-gradient":""},"tablet":{"background-color":"var(--ast-global-color-5)","background-image":"","background-repeat":"repeat","background-position":"center center","background-size":"auto","background-attachment":"scroll","background-type":"","background-media":"","overlay-type":"","overlay-color":"","overlay-opacity":"","overlay-gradient":""},"mobile":{"background-color":"var(--ast-global-color-5)","background-image":"","background-repeat":"repeat","background-position":"center center","background-size":"auto","background-attachment":"scroll","background-type":"","background-media":"","overlay-type":"","overlay-color":"","overlay-opacity":"","overlay-gradient":""}}},"product_brand":[],"product_cat":[85,159,169],"product_tag":[],"class_list":{"0":"post-16601","1":"product","2":"type-product","3":"status-publish","4":"has-post-thumbnail","6":"product_cat-dlapsa","7":"product_cat-smakolyki","8":"product_cat-gryzaki","9":"desktop-align-left","10":"tablet-align-left","11":"mobile-align-left","13":"first","14":"instock","15":"sale","16":"taxable","17":"shipping-taxable","18":"purchasable","19":"product-type-simple"},"jetpack_sharing_enabled":true,"_links":{"self":[{"href":"https:\/\/mooncraft.com.pl\/index.php?rest_route=\/wp\/v2\/product\/16601","targetHints":{"allow":["GET"]}}],"collection":[{"href":"https:\/\/mooncraft.com.pl\/index.php?rest_route=\/wp\/v2\/product"}],"about":[{"href":"https:\/\/mooncraft.com.pl\/index.php?rest_route=\/wp\/v2\/types\/product"}],"wp:featuredmedia":[{"embeddable":true,"href":"https:\/\/mooncraft.com.pl\/index.php?rest_route=\/wp\/v2\/media\/16602"}],"wp:attachment":[{"href":"https:\/\/mooncraft.com.pl\/index.php?rest_route=%2Fwp%2Fv2%2Fmedia&parent=16601"}],"wp:term":[{"taxonomy":"product_brand","embeddable":true,"href":"https:\/\/mooncraft.com.pl\/index.php?rest_route=%2Fwp%2Fv2%2Fproduct_brand&post=16601"},{"taxonomy":"product_cat","embeddable":true,"href":"https:\/\/mooncraft.com.pl\/index.php?rest_route=%2Fwp%2Fv2%2Fproduct_cat&post=16601"},{"taxonomy":"product_tag","embeddable":true,"href":"https:\/\/mooncraft.com.pl\/index.php?rest_route=%2Fwp%2Fv2%2Fproduct_tag&post=16601"}],"curies":[{"name":"wp","href":"https:\/\/api.w.org\/{rel}","templated":true}]}}