{"id":16562,"date":"2024-06-05T17:55:26","date_gmt":"2024-06-05T17:55:26","guid":{"rendered":"https:\/\/mooncraft.com.pl\/?post_type=product&#038;p=16562"},"modified":"2026-04-21T10:41:55","modified_gmt":"2026-04-21T10:41:55","slug":"uniszki-kostka-kolagenowa-100g","status":"publish","type":"product","link":"https:\/\/mooncraft.com.pl\/?product=uniszki-kostka-kolagenowa-100g","title":{"rendered":"UNISZKI &#8211; KOSTKA KOLAGENOWA 100g"},"content":{"rendered":"<section>\n<section>\n<section>\n<section>\n<section>\n<section id=\"opis-produktu\" class=\"section_product section_product--part_of_bar section_product--first_item_of_bar section_product--v1 section section_product--v1__desc section--padding-top-medium\">\n<div class=\"section_body\">\n<div class=\"productDesc productDesc--full container\">\n<div class=\"productDesc__left grow productDesc__left--no_params\">\n<div class=\"productDesc__desc typography\">\n<p>Kostka kolagenowa wspomaga og\u00f3lne zdrowie u zwierzaka. Kolagen jest nieod\u0142\u0105cznym elementem\u00a0<b>zdrowych staw\u00f3w i ko\u015bci<\/b>. Poprawia r\u00f3wnie\u017c wygl\u0105d\u00a0<b>sk\u00f3ry, a sier\u015b\u0107 staje si\u0119 mocna i l\u015bni\u0105ca<\/b>. Podaj\u0105c kostk\u0119, mo\u017cesz zapomnie\u0107 o nadmiernym wypadaniu sier\u015bci. Kolagen zapewnia\u00a0<b>mocne pazury<\/b>\u00a0\u2014 s\u0105 zdecydowanie twardsze. Zawarte w przysmaku aminokwasy pomagaj\u0105 utrzyma\u0107<b>\u00a0zdrowy uk\u0142ad trawienny<\/b>. Kostka kolagenowa\u00a0<b>reguluje r\u00f3wnie\u017c prac\u0119 jelit<\/b>. Gryzak ma atrakcyjny smak, kszta\u0142t i zapach, co mo\u017ce pom\u00f3c w\u00a0<b>zwi\u0119kszeniu apetytu u psich niejadk\u00f3w<\/b>. Uzupe\u0142nienie kolagenu\u00a0<b>wspomaga gojenie si\u0119 ran<\/b>, pomaga w regeneracji organizmu po treningach czy operacjach. Kostka kolagenowa wp\u0142ywa na prawid\u0142ow\u0105 prac\u0119 i budow\u0119 mi\u0119\u015bni oraz ko\u015bci. Dzi\u0119ki temu\u00a0<b>ryzyko kontuzji jest zminimalizowane<\/b>.<\/p>\n<p><strong>Sk\u0142ad:<\/strong>\u00a0\u0141apka kurza 100%<\/p>\n<p><strong>Sk\u0142ad analityczny:<\/strong><\/p>\n<p>Bia\u0142ko surowe: 47,20%<\/p>\n<p>T\u0142uszcz surowy: 27,92%<\/p>\n<p>Wilgotno\u015b\u0107: 8,00%<\/p>\n<p>Popi\u00f3\u0142 surowy: 14,67%<\/p>\n<p>W\u0142\u00f3kno surowe: 3,00%<\/p>\n<p>&nbsp;<\/p>\n<p>Kostk\u0119 kolagenow\u0105 podawaj jako dodatek do codziennych posi\u0142k\u00f3w. Podawaj j\u0105, gdy w pobli\u017cu jest opiekun. Pami\u0119taj o zapewnieniu psu dost\u0119pu do \u015bwie\u017cej wody pitnej.<\/p>\n<p>&nbsp;<\/p>\n<p>Naturalny gryzak przechowuj w suchym i ch\u0142odnym miejscu. Zawsze szczelnie zamykaj opakowanie.<\/p>\n<\/div>\n<\/div>\n<\/div>\n<\/div>\n<\/section>\n<\/section>\n<\/section>\n<\/section>\n<\/section>\n<\/section>\n","protected":false},"excerpt":{"rendered":"<ul>\n<li>DLA zdrowych staw\u00f3w i ko\u015bci<\/li>\n<li>DLA wzmocnienia apetytu<\/li>\n<li>DLA przyspieszenia regeneracji<\/li>\n<\/ul>\n","protected":false},"featured_media":16564,"template":"","meta":{"site-sidebar-layout":"default","site-content-layout":"","ast-site-content-layout":"default","site-content-style":"default","site-sidebar-style":"default","ast-global-header-display":"","ast-banner-title-visibility":"","ast-main-header-display":"","ast-hfb-above-header-display":"","ast-hfb-below-header-display":"","ast-hfb-mobile-header-display":"","site-post-title":"","ast-breadcrumbs-content":"","ast-featured-img":"","footer-sml-layout":"","ast-disable-related-posts":"","theme-transparent-header-meta":"default","adv-header-id-meta":"","stick-header-meta":"","header-above-stick-meta":"","header-main-stick-meta":"","header-below-stick-meta":"","astra-migrate-meta-layouts":"set","ast-page-background-enabled":"default","ast-page-background-meta":{"desktop":{"background-color":"","background-image":"","background-repeat":"repeat","background-position":"center center","background-size":"auto","background-attachment":"scroll","background-type":"","background-media":"","overlay-type":"","overlay-color":"","overlay-opacity":"","overlay-gradient":""},"tablet":{"background-color":"","background-image":"","background-repeat":"repeat","background-position":"center center","background-size":"auto","background-attachment":"scroll","background-type":"","background-media":"","overlay-type":"","overlay-color":"","overlay-opacity":"","overlay-gradient":""},"mobile":{"background-color":"","background-image":"","background-repeat":"repeat","background-position":"center center","background-size":"auto","background-attachment":"scroll","background-type":"","background-media":"","overlay-type":"","overlay-color":"","overlay-opacity":"","overlay-gradient":""}},"ast-content-background-meta":{"desktop":{"background-color":"var(--ast-global-color-5)","background-image":"","background-repeat":"repeat","background-position":"center center","background-size":"auto","background-attachment":"scroll","background-type":"","background-media":"","overlay-type":"","overlay-color":"","overlay-opacity":"","overlay-gradient":""},"tablet":{"background-color":"var(--ast-global-color-5)","background-image":"","background-repeat":"repeat","background-position":"center center","background-size":"auto","background-attachment":"scroll","background-type":"","background-media":"","overlay-type":"","overlay-color":"","overlay-opacity":"","overlay-gradient":""},"mobile":{"background-color":"var(--ast-global-color-5)","background-image":"","background-repeat":"repeat","background-position":"center center","background-size":"auto","background-attachment":"scroll","background-type":"","background-media":"","overlay-type":"","overlay-color":"","overlay-opacity":"","overlay-gradient":""}}},"product_brand":[],"product_cat":[85,159,170],"product_tag":[],"class_list":{"0":"post-16562","1":"product","2":"type-product","3":"status-publish","4":"has-post-thumbnail","6":"product_cat-dlapsa","7":"product_cat-smakolyki","8":"product_cat-przysmaki","9":"desktop-align-left","10":"tablet-align-left","11":"mobile-align-left","13":"first","14":"instock","15":"sale","16":"taxable","17":"shipping-taxable","18":"purchasable","19":"product-type-simple"},"jetpack_sharing_enabled":true,"_links":{"self":[{"href":"https:\/\/mooncraft.com.pl\/index.php?rest_route=\/wp\/v2\/product\/16562","targetHints":{"allow":["GET"]}}],"collection":[{"href":"https:\/\/mooncraft.com.pl\/index.php?rest_route=\/wp\/v2\/product"}],"about":[{"href":"https:\/\/mooncraft.com.pl\/index.php?rest_route=\/wp\/v2\/types\/product"}],"wp:featuredmedia":[{"embeddable":true,"href":"https:\/\/mooncraft.com.pl\/index.php?rest_route=\/wp\/v2\/media\/16564"}],"wp:attachment":[{"href":"https:\/\/mooncraft.com.pl\/index.php?rest_route=%2Fwp%2Fv2%2Fmedia&parent=16562"}],"wp:term":[{"taxonomy":"product_brand","embeddable":true,"href":"https:\/\/mooncraft.com.pl\/index.php?rest_route=%2Fwp%2Fv2%2Fproduct_brand&post=16562"},{"taxonomy":"product_cat","embeddable":true,"href":"https:\/\/mooncraft.com.pl\/index.php?rest_route=%2Fwp%2Fv2%2Fproduct_cat&post=16562"},{"taxonomy":"product_tag","embeddable":true,"href":"https:\/\/mooncraft.com.pl\/index.php?rest_route=%2Fwp%2Fv2%2Fproduct_tag&post=16562"}],"curies":[{"name":"wp","href":"https:\/\/api.w.org\/{rel}","templated":true}]}}