{"id":16553,"date":"2024-06-05T17:34:03","date_gmt":"2024-06-05T17:34:03","guid":{"rendered":"https:\/\/mooncraft.com.pl\/?post_type=product&#038;p=16553"},"modified":"2026-04-13T09:50:50","modified_gmt":"2026-04-13T09:50:50","slug":"uniszki-crunchy-indyk-szalwia-pokrzywa-80g","status":"publish","type":"product","link":"https:\/\/mooncraft.com.pl\/?product=uniszki-crunchy-indyk-szalwia-pokrzywa-80g","title":{"rendered":"UNISZKI &#8211; Crunchy indyk \u2013 Sza\u0142wia Pokrzywa 80g"},"content":{"rendered":"<section>\n<section>\n<section>\n<section>\n<section>\n<section id=\"opis-produktu\" class=\"section_product section_product--part_of_bar section_product--first_item_of_bar section_product--v1 section section_product--v1__desc section--padding-top-medium\">\n<div class=\"section_body\">\n<div class=\"productDesc productDesc--full container\">\n<div class=\"productDesc__left grow productDesc__left--no_params\">\n<div class=\"productDesc__desc typography\">\n<p>Indyk jest znany z lekkostrawnego i bogatego bia\u0142ka, kt\u00f3re jest kluczowe\u00a0<b>dla utrzymania spr\u0119\u017cysto\u015bci i zdrowia mi\u0119\u015bni czworonoga<\/b>. Jest to tak\u017ce \u015bwietne \u017ar\u00f3d\u0142o niezb\u0119dnych aminokwas\u00f3w, kt\u00f3re\u00a0<b>sprzyjaj\u0105 prawid\u0142owemu rozwojowi psa<\/b>. Sza\u0142wia nie tylko nadaje smaku, ale r\u00f3wnie\u017c jest bogatym \u017ar\u00f3d\u0142em antyoksydant\u00f3w i ma\u00a0<b>w\u0142a\u015bciwo\u015bci przeciwzapalne<\/b>. Zawiera witaminy, takie jak witamina A i witamina C, kt\u00f3re s\u0105 korzystne\u00a0<b>dla sk\u00f3ry i sier\u015bci psa<\/b>. Sza\u0142wia wspiera r\u00f3wnie\u017c uk\u0142ad trawienny i mo\u017ce\u00a0<b>dzia\u0142a\u0107 \u0142agodz\u0105co na \u017co\u0142\u0105dek.\u00a0<\/b>Pokrzywa jest cennym \u017ar\u00f3d\u0142em wielu sk\u0142adnik\u00f3w od\u017cywczych, takich jak witaminy A i C, \u017celazo, magnez czy potas. Pomaga<b>\u00a0poprawi\u0107 kondycj\u0119 sk\u00f3ry i sier\u015bci oraz ma w\u0142a\u015bciwo\u015bci wspieraj\u0105ce uk\u0142ad odporno\u015bciowy<\/b>.<\/p>\n<p>Crunchy to doskona\u0142a nagroda podczas treningu. Jej mi\u0119kka konsystencja i intensywny smak indyka z pewno\u015bci\u0105<b>\u00a0zwi\u0119ksz\u0105 motywacj\u0119 i skupienie psa<\/b>, sprawiaj\u0105c, \u017ce ch\u0119tnie b\u0119dzie wsp\u00f3\u0142pracowa\u0107.<\/p>\n<p><strong>Sk\u0142ad analityczny:<\/strong><\/p>\n<p>Bia\u0142ko surowe: 29,53%<br \/>\nT\u0142uszcz surowy:22,41 %<br \/>\nWilgotno\u015b\u0107: 6,19%<br \/>\nZawarto\u015b\u0107 popio\u0142u surowego: 12,79%<br \/>\nZawarto\u015b\u0107 w\u0142\u00f3kna surowego:1,72%<\/p>\n<p><strong>Sk\u0142ad:<\/strong><\/p>\n<p>Mi\u0119so z indyka 45%, tuszka z indyka 40%, li\u015b\u0107 sza\u0142wii 10%, li\u015b\u0107 pokrzywy 5%.<\/p>\n<p>&nbsp;<\/p>\n<p>Pami\u0119taj, \u017ce przysmak to dodatkowy element w diecie Twojego psa. Zawsze b\u0105d\u017a obok, gdy podajesz mu ten smako\u0142yk. Zawsze zapewniaj mu dost\u0119p do \u015bwie\u017cej wody.<\/p>\n<p>&nbsp;<\/p>\n<p>Opakowanie z przysmakiem przechowuj w suchym miejscu w temperaturze pokoju. Nie zapomnij o starannym zamkni\u0119ciu opakowania.<\/p>\n<\/div>\n<\/div>\n<\/div>\n<\/div>\n<\/section>\n<\/section>\n<\/section>\n<\/section>\n<\/section>\n<\/section>\n","protected":false},"excerpt":{"rendered":"<ul>\n<li>DLA prawid\u0142owej pracy jelit<\/li>\n<li>DLA doskona\u0142ego wzroku<\/li>\n<li>DLA zdrowych staw\u00f3w<\/li>\n<\/ul>\n<p>Crunchy indyk z sza\u0142wi\u0105 i pokrzyw\u0105 to doskona\u0142a i mi\u0119kka przek\u0105ska dla psa, kt\u00f3ra zachwyci go wyj\u0105tkowym smakiem i\u00a0 przyniesie szereg korzy\u015bci zdrowotnych.<\/p>\n","protected":false},"featured_media":16554,"template":"","meta":{"site-sidebar-layout":"default","site-content-layout":"","ast-site-content-layout":"default","site-content-style":"default","site-sidebar-style":"default","ast-global-header-display":"","ast-banner-title-visibility":"","ast-main-header-display":"","ast-hfb-above-header-display":"","ast-hfb-below-header-display":"","ast-hfb-mobile-header-display":"","site-post-title":"","ast-breadcrumbs-content":"","ast-featured-img":"","footer-sml-layout":"","ast-disable-related-posts":"","theme-transparent-header-meta":"default","adv-header-id-meta":"","stick-header-meta":"","header-above-stick-meta":"","header-main-stick-meta":"","header-below-stick-meta":"","astra-migrate-meta-layouts":"set","ast-page-background-enabled":"default","ast-page-background-meta":{"desktop":{"background-color":"","background-image":"","background-repeat":"repeat","background-position":"center center","background-size":"auto","background-attachment":"scroll","background-type":"","background-media":"","overlay-type":"","overlay-color":"","overlay-opacity":"","overlay-gradient":""},"tablet":{"background-color":"","background-image":"","background-repeat":"repeat","background-position":"center center","background-size":"auto","background-attachment":"scroll","background-type":"","background-media":"","overlay-type":"","overlay-color":"","overlay-opacity":"","overlay-gradient":""},"mobile":{"background-color":"","background-image":"","background-repeat":"repeat","background-position":"center center","background-size":"auto","background-attachment":"scroll","background-type":"","background-media":"","overlay-type":"","overlay-color":"","overlay-opacity":"","overlay-gradient":""}},"ast-content-background-meta":{"desktop":{"background-color":"var(--ast-global-color-5)","background-image":"","background-repeat":"repeat","background-position":"center center","background-size":"auto","background-attachment":"scroll","background-type":"","background-media":"","overlay-type":"","overlay-color":"","overlay-opacity":"","overlay-gradient":""},"tablet":{"background-color":"var(--ast-global-color-5)","background-image":"","background-repeat":"repeat","background-position":"center center","background-size":"auto","background-attachment":"scroll","background-type":"","background-media":"","overlay-type":"","overlay-color":"","overlay-opacity":"","overlay-gradient":""},"mobile":{"background-color":"var(--ast-global-color-5)","background-image":"","background-repeat":"repeat","background-position":"center center","background-size":"auto","background-attachment":"scroll","background-type":"","background-media":"","overlay-type":"","overlay-color":"","overlay-opacity":"","overlay-gradient":""}}},"product_brand":[],"product_cat":[85,159,170],"product_tag":[],"class_list":{"0":"post-16553","1":"product","2":"type-product","3":"status-publish","4":"has-post-thumbnail","6":"product_cat-dlapsa","7":"product_cat-smakolyki","8":"product_cat-przysmaki","9":"desktop-align-left","10":"tablet-align-left","11":"mobile-align-left","13":"first","14":"instock","15":"sale","16":"taxable","17":"shipping-taxable","18":"purchasable","19":"product-type-simple"},"jetpack_sharing_enabled":true,"_links":{"self":[{"href":"https:\/\/mooncraft.com.pl\/index.php?rest_route=\/wp\/v2\/product\/16553","targetHints":{"allow":["GET"]}}],"collection":[{"href":"https:\/\/mooncraft.com.pl\/index.php?rest_route=\/wp\/v2\/product"}],"about":[{"href":"https:\/\/mooncraft.com.pl\/index.php?rest_route=\/wp\/v2\/types\/product"}],"wp:featuredmedia":[{"embeddable":true,"href":"https:\/\/mooncraft.com.pl\/index.php?rest_route=\/wp\/v2\/media\/16554"}],"wp:attachment":[{"href":"https:\/\/mooncraft.com.pl\/index.php?rest_route=%2Fwp%2Fv2%2Fmedia&parent=16553"}],"wp:term":[{"taxonomy":"product_brand","embeddable":true,"href":"https:\/\/mooncraft.com.pl\/index.php?rest_route=%2Fwp%2Fv2%2Fproduct_brand&post=16553"},{"taxonomy":"product_cat","embeddable":true,"href":"https:\/\/mooncraft.com.pl\/index.php?rest_route=%2Fwp%2Fv2%2Fproduct_cat&post=16553"},{"taxonomy":"product_tag","embeddable":true,"href":"https:\/\/mooncraft.com.pl\/index.php?rest_route=%2Fwp%2Fv2%2Fproduct_tag&post=16553"}],"curies":[{"name":"wp","href":"https:\/\/api.w.org\/{rel}","templated":true}]}}