{"id":16448,"date":"2024-06-04T19:14:00","date_gmt":"2024-06-04T19:14:00","guid":{"rendered":"https:\/\/mooncraft.com.pl\/?post_type=product&#038;p=16448"},"modified":"2025-01-08T19:30:14","modified_gmt":"2025-01-08T19:30:14","slug":"fizza-fiboo","status":"publish","type":"product","link":"https:\/\/mooncraft.com.pl\/?product=fizza-fiboo","title":{"rendered":"Fizza Fiboo"},"content":{"rendered":"<h2 class=\"vc_custom_heading supro-vc_custom_heading__1 vc_custom_1709799406299\">PRODUKT ZAWIERA TWORZYWO<br \/>\nPOCHODZ\u0104CE Z RECYKLINGU<\/h2>\n<div class=\"wpb_text_column wpb_content_element \">\n<div class=\"wpb_wrapper\">\n<p><img decoding=\"async\" class=\"alignnone wp-image-7725\" src=\"https:\/\/fiboo.pl\/wp-content\/uploads\/2020\/02\/correct-2.png\" alt=\"Correct 2\" width=\"16\" height=\"16\" title=\"Fizza Fiboo\">\u00a0\u015brednica 21,5 cm<\/p>\n<p><img decoding=\"async\" class=\"alignnone wp-image-7725\" src=\"https:\/\/fiboo.pl\/wp-content\/uploads\/2020\/02\/correct-2.png\" alt=\"Correct 2\" width=\"16\" height=\"16\" title=\"Fizza Fiboo\">\u00a0spowalnia jedzenie<\/p>\n<p><img decoding=\"async\" class=\"alignnone wp-image-7725\" src=\"https:\/\/fiboo.pl\/wp-content\/uploads\/2020\/02\/correct-2.png\" alt=\"Correct 2\" width=\"16\" height=\"16\" title=\"Fizza Fiboo\">\u00a0uspokaja i relaksuje<\/p>\n<p><img decoding=\"async\" class=\"alignnone wp-image-7725\" src=\"https:\/\/fiboo.pl\/wp-content\/uploads\/2020\/02\/correct-2.png\" alt=\"Correct 2\" width=\"16\" height=\"16\" title=\"Fizza Fiboo\">\u00a0stanowi zabaw\u0119 poprzez lizanie i wydobywanie jedzenia z zakamark\u00f3w<\/p>\n<p><img decoding=\"async\" class=\"alignnone wp-image-7725\" src=\"https:\/\/fiboo.pl\/wp-content\/uploads\/2020\/02\/correct-2.png\" alt=\"Correct 2\" width=\"16\" height=\"16\" title=\"Fizza Fiboo\">\u00a0mo\u017cliwo\u015b\u0107 mro\u017cenia<\/p>\n<p><img decoding=\"async\" class=\"alignnone wp-image-7725\" src=\"https:\/\/fiboo.pl\/wp-content\/uploads\/2020\/02\/correct-2.png\" alt=\"Correct 2\" width=\"16\" height=\"16\" title=\"Fizza Fiboo\">\u00a0antypo\u015blizgowa<\/p>\n<\/div>\n<\/div>\n<pre class=\"vc_custom_heading vc_custom_1701247326158\">W 100% NADAJE SI\u0118 DO PONOWENGO PRZETWORZENIA\r\n\r\n\r\n\r\n\r\nOSTRZE\u017bENIA I INFORMACJE DOTYCZ\u0104CE BEZPIECZE\u0143STWA\r\nProdukt wy\u0142\u0105cznie do u\u017cytku przez zwierz\u0119ta. Nie pozostawiaj zwierz\u0119cia bez opieki podczas korzystania z produktu. Przed pierwszym u\u017cyciem nale\u017cy dok\u0142adnie umy\u0107 produkt. Producent sugeruje mycie r\u0119czne. Zu\u017cyty lub uszkodzony produkt niezw\u0142ocznie wyrzu\u0107. Je\u017celi podejrzewasz po\u0142kni\u0119cie kawa\u0142ka produktu, skonsultuj si\u0119 z weterynarzem. Miski s\u0105 do u\u017cytku domowego, nie wystawiaj ich na s\u0142o\u0144ce.\r\n\r\nProducent: PLASTEMA Sp. z o. o.\r\nul. Obornicka 1B 62-090, Bytkowo\r\nNIP: 7773261798, REGON: 364271381\r\noffice@fiboo.pl<\/pre>\n","protected":false},"excerpt":{"rendered":"<h2>Spowalnia jedzenie, uspokaja i relaksuje. Antypo\u015blizgowa<\/h2>\n","protected":false},"featured_media":16449,"template":"","meta":{"site-sidebar-layout":"default","site-content-layout":"","ast-site-content-layout":"default","site-content-style":"default","site-sidebar-style":"default","ast-global-header-display":"","ast-banner-title-visibility":"","ast-main-header-display":"","ast-hfb-above-header-display":"","ast-hfb-below-header-display":"","ast-hfb-mobile-header-display":"","site-post-title":"","ast-breadcrumbs-content":"","ast-featured-img":"","footer-sml-layout":"","ast-disable-related-posts":"","theme-transparent-header-meta":"default","adv-header-id-meta":"","stick-header-meta":"","header-above-stick-meta":"","header-main-stick-meta":"","header-below-stick-meta":"","astra-migrate-meta-layouts":"set","ast-page-background-enabled":"default","ast-page-background-meta":{"desktop":{"background-color":"","background-image":"","background-repeat":"repeat","background-position":"center center","background-size":"auto","background-attachment":"scroll","background-type":"","background-media":"","overlay-type":"","overlay-color":"","overlay-opacity":"","overlay-gradient":""},"tablet":{"background-color":"","background-image":"","background-repeat":"repeat","background-position":"center center","background-size":"auto","background-attachment":"scroll","background-type":"","background-media":"","overlay-type":"","overlay-color":"","overlay-opacity":"","overlay-gradient":""},"mobile":{"background-color":"","background-image":"","background-repeat":"repeat","background-position":"center center","background-size":"auto","background-attachment":"scroll","background-type":"","background-media":"","overlay-type":"","overlay-color":"","overlay-opacity":"","overlay-gradient":""}},"ast-content-background-meta":{"desktop":{"background-color":"var(--ast-global-color-5)","background-image":"","background-repeat":"repeat","background-position":"center center","background-size":"auto","background-attachment":"scroll","background-type":"","background-media":"","overlay-type":"","overlay-color":"","overlay-opacity":"","overlay-gradient":""},"tablet":{"background-color":"var(--ast-global-color-5)","background-image":"","background-repeat":"repeat","background-position":"center center","background-size":"auto","background-attachment":"scroll","background-type":"","background-media":"","overlay-type":"","overlay-color":"","overlay-opacity":"","overlay-gradient":""},"mobile":{"background-color":"var(--ast-global-color-5)","background-image":"","background-repeat":"repeat","background-position":"center center","background-size":"auto","background-attachment":"scroll","background-type":"","background-media":"","overlay-type":"","overlay-color":"","overlay-opacity":"","overlay-gradient":""}}},"product_brand":[],"product_cat":[85,166],"product_tag":[],"class_list":{"0":"post-16448","1":"product","2":"type-product","3":"status-publish","4":"has-post-thumbnail","6":"product_cat-dlapsa","7":"product_cat-zabawki","8":"desktop-align-left","9":"tablet-align-left","10":"mobile-align-left","12":"first","13":"instock","14":"taxable","15":"shipping-taxable","16":"purchasable","17":"product-type-simple"},"jetpack_sharing_enabled":true,"_links":{"self":[{"href":"https:\/\/mooncraft.com.pl\/index.php?rest_route=\/wp\/v2\/product\/16448","targetHints":{"allow":["GET"]}}],"collection":[{"href":"https:\/\/mooncraft.com.pl\/index.php?rest_route=\/wp\/v2\/product"}],"about":[{"href":"https:\/\/mooncraft.com.pl\/index.php?rest_route=\/wp\/v2\/types\/product"}],"wp:featuredmedia":[{"embeddable":true,"href":"https:\/\/mooncraft.com.pl\/index.php?rest_route=\/wp\/v2\/media\/16449"}],"wp:attachment":[{"href":"https:\/\/mooncraft.com.pl\/index.php?rest_route=%2Fwp%2Fv2%2Fmedia&parent=16448"}],"wp:term":[{"taxonomy":"product_brand","embeddable":true,"href":"https:\/\/mooncraft.com.pl\/index.php?rest_route=%2Fwp%2Fv2%2Fproduct_brand&post=16448"},{"taxonomy":"product_cat","embeddable":true,"href":"https:\/\/mooncraft.com.pl\/index.php?rest_route=%2Fwp%2Fv2%2Fproduct_cat&post=16448"},{"taxonomy":"product_tag","embeddable":true,"href":"https:\/\/mooncraft.com.pl\/index.php?rest_route=%2Fwp%2Fv2%2Fproduct_tag&post=16448"}],"curies":[{"name":"wp","href":"https:\/\/api.w.org\/{rel}","templated":true}]}}