{"id":16378,"date":"2024-05-19T16:17:17","date_gmt":"2024-05-19T16:17:17","guid":{"rendered":"https:\/\/mooncraft.com.pl\/?post_type=product&#038;p=16378"},"modified":"2024-05-19T16:18:27","modified_gmt":"2024-05-19T16:18:27","slug":"apteczka-wzor-szary-marmurek","status":"publish","type":"product","link":"https:\/\/mooncraft.com.pl\/?product=apteczka-wzor-szary-marmurek","title":{"rendered":"Apteczka &#8211; wz\u00f3r Szary marmurek"},"content":{"rendered":"<div class=\"cxmmr5t8 oygrvhab hcukyx3x c1et5uql o9v6fnle ii04i59q\">\n<div dir=\"auto\">\n<div dir=\"auto\">Wymiary :<\/div>\n<div dir=\"auto\">szeroko\u015b\u0107 17cm<\/div>\n<div dir=\"auto\">wysoko\u015b\u0107 24 cm<\/div>\n<div dir=\"auto\">g\u0142\u0119boko\u015b\u0107 10cm<\/div>\n<\/div>\n<div dir=\"auto\"><\/div>\n<div dir=\"auto\">wsuwana kiesze\u0144 na zewn\u0105trz oraz g\u0142\u00f3wna komora na solidny zamek kostkowy<\/div>\n<div dir=\"auto\">W g\u0142\u00f3wnej komorze liczne kiszenie widoczne na zdj\u0119ciu, dodatkowa ruchoma klapka w \u015brodku ( r\u00f3wnie\u017c z kieszeniami)<\/div>\n<div dir=\"auto\"><\/div>\n<div dir=\"auto\">Ca\u0142o\u015b\u0107 usztywniona, z materia\u0142\u00f3w wodoodpornych.<\/div>\n<div dir=\"auto\">wygodna r\u0105czka do noszenia<\/div>\n<\/div>\n<div dir=\"auto\"><\/div>\n<div dir=\"auto\">*Produkt sprzedawany bez zawarto\u015bci<\/div>\n<div dir=\"auto\"><\/div>\n<div class=\"text_exposed_show\">\n<p>Je\u015bli marzy Ci si\u0119 taki model apteczki, ale w innym wzorze ni\u017c zaproponowane na stronie napisz priv, skomponujemy razem co\u015b pi\u0119knego z wzor\u00f3w dost\u0119pnych we wzorniku lub jednokolorow\u0105 \ud83d\ude42<\/p>\n<p>Praca nad tym projektem by\u0142a mozolna, uszycie zajmuje sporo czasu dlatego nie modyfikujemy budowy apteczki. Trzeba j\u0105 pokocha\u0107 tak\u0105 jaka jest &lt;3<\/p>\n<\/div>\n","protected":false},"excerpt":{"rendered":"<div dir=\"auto\">\n<h3 dir=\"auto\"><span style=\"font-size: 16px;\">Houston ! Mamy rozwi\u0105zanie !\u00a0<\/span><\/h3>\n<\/div>\n<p>Z my\u015bl\u0105 o ka\u017cdej psiej przygodzie powsta\u0142a funkcjonalna apteczka, idealna na wyjazdy i spacery !<\/p>\n<p>Dla w\u0142a\u015bcicieli, kt\u00f3rzy stawiaj\u0105 bezpiecze\u0144stwo swoich psiak\u00f3w na pierwszym miejscu, chocia\u017c Wasze czworonogi na pewno ch\u0119tnie podziel\u0105 si\u0119 z Wami przestrzeni\u0105 w \u015brodku &lt;3<\/p>\n<p>Spakujesz do niej ca\u0142y awaryjny zestaw &#8211; banda\u017ce, no\u017cyczki, ma\u015bci, mokre chusteczki, \u0142apki na kleszcze, sprej do odka\u017cenia rany, tabletki &#8211; spokojnie mie\u015bci si\u0119 ca\u0142y bazowy zestaw ratunkowy (na naszym instagramie w wyr\u00f3\u017cnionej relacji znajdziecie filmy pokazowe)<\/p>\n<p>&nbsp;<\/p>\n<div dir=\"auto\">\n<div dir=\"auto\">METKA BR\u0104ZOWA<\/div>\n<div dir=\"auto\"><\/div>\n<\/div>\n<p class=\"ni8dbmo4 stjgntxs nred35xi ii04i59q\" aria-owns=\"jsc_c_5f\" data-testid=\"messenger_incoming_text_row\">Produkt dost\u0119pny w magazynie: wysy\u0142ka 1-3dni roboczych od zaksi\u0119gowania wp\u0142aty.<br \/>\nProdukt na zam\u00f3wienie: wysy\u0142ka do 14 dni roboczych od zaksi\u0119gowania wp\u0142aty.<\/p>\n<p>uwaga: jest to r\u0119kodzie\u0142o &#8211; u\u0142o\u017cenie wzoru na zam\u00f3wionym plecaku mo\u017ce r\u00f3\u017cni\u0107 si\u0119 od zdj\u0119cia. Ale bez obaw ! Staramy si\u0119 aby ka\u017cdy uszyty model wygl\u0105da\u0142 pi\u0119knie \ud83d\ude42<\/p>\n","protected":false},"featured_media":16348,"template":"","meta":{"site-sidebar-layout":"default","site-content-layout":"default","ast-site-content-layout":"default","site-content-style":"default","site-sidebar-style":"default","ast-global-header-display":"","ast-banner-title-visibility":"","ast-main-header-display":"","ast-hfb-above-header-display":"","ast-hfb-below-header-display":"","ast-hfb-mobile-header-display":"","site-post-title":"","ast-breadcrumbs-content":"","ast-featured-img":"","footer-sml-layout":"","ast-disable-related-posts":"","theme-transparent-header-meta":"default","adv-header-id-meta":"","stick-header-meta":"","header-above-stick-meta":"","header-main-stick-meta":"","header-below-stick-meta":"","astra-migrate-meta-layouts":"set","ast-page-background-enabled":"default","ast-page-background-meta":{"desktop":{"background-color":"","background-image":"","background-repeat":"repeat","background-position":"center center","background-size":"auto","background-attachment":"scroll","background-type":"","background-media":"","overlay-type":"","overlay-color":"","overlay-opacity":"","overlay-gradient":""},"tablet":{"background-color":"","background-image":"","background-repeat":"repeat","background-position":"center center","background-size":"auto","background-attachment":"scroll","background-type":"","background-media":"","overlay-type":"","overlay-color":"","overlay-opacity":"","overlay-gradient":""},"mobile":{"background-color":"","background-image":"","background-repeat":"repeat","background-position":"center center","background-size":"auto","background-attachment":"scroll","background-type":"","background-media":"","overlay-type":"","overlay-color":"","overlay-opacity":"","overlay-gradient":""}},"ast-content-background-meta":{"desktop":{"background-color":"var(--ast-global-color-5)","background-image":"","background-repeat":"repeat","background-position":"center center","background-size":"auto","background-attachment":"scroll","background-type":"","background-media":"","overlay-type":"","overlay-color":"","overlay-opacity":"","overlay-gradient":""},"tablet":{"background-color":"var(--ast-global-color-5)","background-image":"","background-repeat":"repeat","background-position":"center center","background-size":"auto","background-attachment":"scroll","background-type":"","background-media":"","overlay-type":"","overlay-color":"","overlay-opacity":"","overlay-gradient":""},"mobile":{"background-color":"var(--ast-global-color-5)","background-image":"","background-repeat":"repeat","background-position":"center center","background-size":"auto","background-attachment":"scroll","background-type":"","background-media":"","overlay-type":"","overlay-color":"","overlay-opacity":"","overlay-gradient":""}}},"product_brand":[],"product_cat":[85,162],"product_tag":[],"class_list":{"0":"post-16378","1":"product","2":"type-product","3":"status-publish","4":"has-post-thumbnail","6":"product_cat-dlapsa","7":"product_cat-apteczka","8":"desktop-align-left","9":"tablet-align-left","10":"mobile-align-left","12":"first","13":"onbackorder","14":"featured","15":"taxable","16":"shipping-taxable","17":"purchasable","18":"product-type-simple"},"jetpack_sharing_enabled":true,"_links":{"self":[{"href":"https:\/\/mooncraft.com.pl\/index.php?rest_route=\/wp\/v2\/product\/16378","targetHints":{"allow":["GET"]}}],"collection":[{"href":"https:\/\/mooncraft.com.pl\/index.php?rest_route=\/wp\/v2\/product"}],"about":[{"href":"https:\/\/mooncraft.com.pl\/index.php?rest_route=\/wp\/v2\/types\/product"}],"wp:featuredmedia":[{"embeddable":true,"href":"https:\/\/mooncraft.com.pl\/index.php?rest_route=\/wp\/v2\/media\/16348"}],"wp:attachment":[{"href":"https:\/\/mooncraft.com.pl\/index.php?rest_route=%2Fwp%2Fv2%2Fmedia&parent=16378"}],"wp:term":[{"taxonomy":"product_brand","embeddable":true,"href":"https:\/\/mooncraft.com.pl\/index.php?rest_route=%2Fwp%2Fv2%2Fproduct_brand&post=16378"},{"taxonomy":"product_cat","embeddable":true,"href":"https:\/\/mooncraft.com.pl\/index.php?rest_route=%2Fwp%2Fv2%2Fproduct_cat&post=16378"},{"taxonomy":"product_tag","embeddable":true,"href":"https:\/\/mooncraft.com.pl\/index.php?rest_route=%2Fwp%2Fv2%2Fproduct_tag&post=16378"}],"curies":[{"name":"wp","href":"https:\/\/api.w.org\/{rel}","templated":true}]}}