{"id":16169,"date":"2024-04-29T19:33:07","date_gmt":"2024-04-29T19:33:07","guid":{"rendered":"https:\/\/mooncraft.com.pl\/?post_type=product&#038;p=16169"},"modified":"2026-02-13T09:16:49","modified_gmt":"2026-02-13T09:16:49","slug":"dogy-chlebek-wiosenny-ze-szparagami-i-serem-cheddar-15cm","status":"publish","type":"product","link":"https:\/\/mooncraft.com.pl\/?product=dogy-chlebek-wiosenny-ze-szparagami-i-serem-cheddar-15cm","title":{"rendered":"DOGY &#8211; Chlebek ze \u017cwaczem 15cm"},"content":{"rendered":"<p style=\"margin: 0px;padding: 0px 0px 1.5625rem;font-family: Metropolis;font-size: 13.32663px;font-style: normal;font-weight: 400;line-height: 1.4;text-transform: none;letter-spacing: normal;text-align: start;text-indent: 0px;text-decoration: none\"><strong style=\"margin: 0px;padding: 0px;font-weight: 700\"><br \/>\nCo wyr\u00f3\u017cnia gryzaki Dogy?<\/strong><span class=\"Apple-converted-space\">&nbsp;<\/span>Po pierwsze, s\u0105 one wolne od cukru, glutenu, konserwant\u00f3w i&nbsp;substancji chemicznych, co czyni je doskona\u0142ym wyborem dla ps\u00f3w o&nbsp;wra\u017cliwym \u017co\u0142\u0105dku. Ka\u017cdy produkt jest starannie oznakowany charakterystyczn\u0105 dla marki Dogy kolorow\u0105 banderolk\u0105, na&nbsp;kt\u00f3rej znajduje si\u0119 m.in sk\u0142ad oraz&nbsp;kod kreskowy, co u\u0142atwia identyfikacj\u0119 produktu zar\u00f3wno w\u0142a\u015bcicielom sklepu, jak i&nbsp;klientom.<\/p>\n<p style=\"margin: 0px;padding: 0px 0px 1.5625rem;font-family: Metropolis;font-size: 13.32663px;font-style: normal;font-weight: 400;line-height: 1.4;text-transform: none;letter-spacing: normal;text-align: start;text-indent: 0px;text-decoration: none\">Gryzaki Dogy to nie tylko smaczny przysmak, ale&nbsp;tak\u017ce produkt, kt\u00f3ry jest doskonale przystosowany do sprzeda\u017cy w&nbsp;sklepie zoologicznym.<\/p>\n<p style=\"margin: 0px;padding: 0px 0px 1.5625rem;font-family: Metropolis;font-size: 13.32663px;font-style: normal;font-weight: 400;line-height: 1.4;text-transform: none;letter-spacing: normal;text-align: start;text-indent: 0px;text-decoration: none\">Zdrowe i&nbsp;bezpieczne dla ps\u00f3w, stanowi\u0105 doskona\u0142e uzupe\u0142nienie oferty Twojego sklepu, przyci\u0105gaj\u0105c nowych klient\u00f3w i&nbsp;zadowalaj\u0105c tych, kt\u00f3rzy ceni\u0105 wysok\u0105 jako\u015b\u0107 i&nbsp;bezpiecze\u0144stwo dla swoich pupili.<\/p>\n<p style=\"margin: 0px;padding: 0px 0px 1.5625rem;font-family: Metropolis;font-size: 13.32663px;font-style: normal;font-weight: 400;line-height: 1.4;text-transform: none;letter-spacing: normal;text-align: start;text-indent: 0px;text-decoration: none\"><strong style=\"margin: 0px;padding: 0px;font-weight: 700\">Sk\u0142ad:<\/strong><span class=\"Apple-converted-space\">&nbsp;<\/span>Sk\u00f3ra wo\u0142owa 96%, \u017cwacze 3%, penisy wo\u0142owe 1%<\/p>\n<p><strong style=\"margin: 0px;padding: 0px;font-weight: 700;font-family: Metropolis;font-size: 13.32663px;font-style: normal;letter-spacing: normal;text-align: start;text-indent: 0px;text-transform: none;text-decoration: none\">Analiza:<\/strong><span style=\"font-family: Metropolis;font-size: 13.32663px;font-style: normal;font-weight: 400;letter-spacing: normal;text-align: start;text-indent: 0px;text-transform: none;text-decoration: none;display: inline !important;float: none\"><span class=\"Apple-converted-space\">&nbsp;<\/span><\/span><span style=\"font-family: Metropolis;font-size: 13.32663px;font-style: normal;font-weight: 400;letter-spacing: normal;text-align: start;text-indent: 0px;text-transform: none;text-decoration: none;display: inline !important;float: none\">Bia\u0142ko surowe \u2013 96,2%, Oleje i&nbsp;t\u0142uszcze surowe &lt;0,5%, Popi\u00f3\u0142 surowy \u2013 0,7%, W\u0142\u00f3kno surowe: &lt;1,3%<\/span><\/p>\n","protected":false},"excerpt":{"rendered":"<p>Co wyr\u00f3\u017cnia gryzaki Dogy?&nbsp;Po pierwsze, s\u0105 one wolne od cukru, glutenu, konserwant\u00f3w i&nbsp;substancji chemicznych, co czyni je doskona\u0142ym wyborem dla ps\u00f3w o&nbsp;wra\u017cliwym \u017co\u0142\u0105dku. Ka\u017cdy produkt jest starannie oznakowany charakterystyczn\u0105 dla marki Dogy kolorow\u0105 banderolk\u0105, na&nbsp;kt\u00f3rej znajduje si\u0119 m.in sk\u0142ad oraz&nbsp;kod kreskowy, co u\u0142atwia identyfikacj\u0119 produktu zar\u00f3wno w\u0142a\u015bcicielom sklepu, jak i&nbsp;klientom. Gryzaki Dogy to nie tylko [&hellip;]<\/p>\n","protected":false},"featured_media":17100,"template":"","meta":{"site-sidebar-layout":"default","site-content-layout":"","ast-site-content-layout":"default","site-content-style":"default","site-sidebar-style":"default","ast-global-header-display":"","ast-banner-title-visibility":"","ast-main-header-display":"","ast-hfb-above-header-display":"","ast-hfb-below-header-display":"","ast-hfb-mobile-header-display":"","site-post-title":"","ast-breadcrumbs-content":"","ast-featured-img":"","footer-sml-layout":"","ast-disable-related-posts":"","theme-transparent-header-meta":"default","adv-header-id-meta":"","stick-header-meta":"","header-above-stick-meta":"","header-main-stick-meta":"","header-below-stick-meta":"","astra-migrate-meta-layouts":"set","ast-page-background-enabled":"default","ast-page-background-meta":{"desktop":{"background-color":"","background-image":"","background-repeat":"repeat","background-position":"center center","background-size":"auto","background-attachment":"scroll","background-type":"","background-media":"","overlay-type":"","overlay-color":"","overlay-opacity":"","overlay-gradient":""},"tablet":{"background-color":"","background-image":"","background-repeat":"repeat","background-position":"center center","background-size":"auto","background-attachment":"scroll","background-type":"","background-media":"","overlay-type":"","overlay-color":"","overlay-opacity":"","overlay-gradient":""},"mobile":{"background-color":"","background-image":"","background-repeat":"repeat","background-position":"center center","background-size":"auto","background-attachment":"scroll","background-type":"","background-media":"","overlay-type":"","overlay-color":"","overlay-opacity":"","overlay-gradient":""}},"ast-content-background-meta":{"desktop":{"background-color":"var(--ast-global-color-5)","background-image":"","background-repeat":"repeat","background-position":"center center","background-size":"auto","background-attachment":"scroll","background-type":"","background-media":"","overlay-type":"","overlay-color":"","overlay-opacity":"","overlay-gradient":""},"tablet":{"background-color":"var(--ast-global-color-5)","background-image":"","background-repeat":"repeat","background-position":"center center","background-size":"auto","background-attachment":"scroll","background-type":"","background-media":"","overlay-type":"","overlay-color":"","overlay-opacity":"","overlay-gradient":""},"mobile":{"background-color":"var(--ast-global-color-5)","background-image":"","background-repeat":"repeat","background-position":"center center","background-size":"auto","background-attachment":"scroll","background-type":"","background-media":"","overlay-type":"","overlay-color":"","overlay-opacity":"","overlay-gradient":""}}},"product_brand":[],"product_cat":[85,159,169],"product_tag":[],"class_list":{"0":"post-16169","1":"product","2":"type-product","3":"status-publish","4":"has-post-thumbnail","6":"product_cat-dlapsa","7":"product_cat-smakolyki","8":"product_cat-gryzaki","9":"desktop-align-left","10":"tablet-align-left","11":"mobile-align-left","13":"first","14":"instock","15":"taxable","16":"shipping-taxable","17":"purchasable","18":"product-type-simple"},"jetpack_sharing_enabled":true,"_links":{"self":[{"href":"https:\/\/mooncraft.com.pl\/index.php?rest_route=\/wp\/v2\/product\/16169","targetHints":{"allow":["GET"]}}],"collection":[{"href":"https:\/\/mooncraft.com.pl\/index.php?rest_route=\/wp\/v2\/product"}],"about":[{"href":"https:\/\/mooncraft.com.pl\/index.php?rest_route=\/wp\/v2\/types\/product"}],"wp:featuredmedia":[{"embeddable":true,"href":"https:\/\/mooncraft.com.pl\/index.php?rest_route=\/wp\/v2\/media\/17100"}],"wp:attachment":[{"href":"https:\/\/mooncraft.com.pl\/index.php?rest_route=%2Fwp%2Fv2%2Fmedia&parent=16169"}],"wp:term":[{"taxonomy":"product_brand","embeddable":true,"href":"https:\/\/mooncraft.com.pl\/index.php?rest_route=%2Fwp%2Fv2%2Fproduct_brand&post=16169"},{"taxonomy":"product_cat","embeddable":true,"href":"https:\/\/mooncraft.com.pl\/index.php?rest_route=%2Fwp%2Fv2%2Fproduct_cat&post=16169"},{"taxonomy":"product_tag","embeddable":true,"href":"https:\/\/mooncraft.com.pl\/index.php?rest_route=%2Fwp%2Fv2%2Fproduct_tag&post=16169"}],"curies":[{"name":"wp","href":"https:\/\/api.w.org\/{rel}","templated":true}]}}