{"id":16167,"date":"2024-04-29T19:30:54","date_gmt":"2024-04-29T19:30:54","guid":{"rendered":"https:\/\/mooncraft.com.pl\/?post_type=product&#038;p=16167"},"modified":"2026-01-03T13:44:01","modified_gmt":"2026-01-03T13:44:01","slug":"dogy-batoniki-wiosenny-ze-szparagami-i-serem-cheddar-12cm","status":"publish","type":"product","link":"https:\/\/mooncraft.com.pl\/?product=dogy-batoniki-wiosenny-ze-szparagami-i-serem-cheddar-12cm","title":{"rendered":"DOGY &#8211; Batoniki WIOSENNY ze szparagami i serem cheddar 12cm"},"content":{"rendered":"<section>\n<section>\n<section>\n<section>\n<section>\n<section id=\"opis-produktu\" class=\"section_product section_product--part_of_bar section_product--first_item_of_bar section_product--v1 section section_product--v1__desc section--padding-top-medium\">\n<div class=\"section_body\">\n<div class=\"productDesc productDesc--full container\">\n<div class=\"productDesc__left grow productDesc__left--no_params\">\n<div class=\"productDesc__desc typography\">\n<h3>LINIA WIOSENNA do \u017bucia i\u00a0Gryzienia DOGY: Przysmak sezonowy z\u00a0wiosennymi szparagami!<\/h3>\n<p>Wiosenny Batonik dla Twojego psa &#8211; gryzak stworzony z\u00a0my\u015bl\u0105 o\u00a0najwy\u017cszej jako\u015bci i\u00a0sezonowych smakach.<\/p>\n<h3>Sk\u0142ad:<\/h3>\n<p>Sk\u00f3ra wo\u0142owa stanowi a\u017c 94,5% kompozycji, zapewniaj\u0105c naturaln\u0105 trwa\u0142o\u015b\u0107 i\u00a0niezr\u00f3wnany smak. Ale to nie koniec &#8211; dodajemy odrobin\u0119 szparag\u00f3w (4%), bogatych w\u00a0cenne sk\u0142adniki od\u017cywcze, kt\u00f3re wspieraj\u0105 zdrowie uk\u0142adu trawiennego i\u00a0dodaj\u0105 energii. Tryming wo\u0142owy (1%), a\u00a0na koniec delikatny aromat sera cheddar (0,5%) podkre\u015bla wyj\u0105tkowo\u015b\u0107 tego smako\u0142yku.<\/p>\n<p>Sk\u00f3ra wo\u0142owa 94,5%, szparagi 4%, tryming wo\u0142owy 1%, aromat cheddar 0,5%<\/p>\n<h3>Szparagi<\/h3>\n<p>Szparagi, cho\u0107 rzadko kojarzone z\u00a0diet\u0105 psa, s\u0105 prawdziwym skarbem natury. Ich wysoka zawarto\u015b\u0107 b\u0142onnika wspiera zdrowie jelit, a\u00a0obecno\u015b\u0107 witamin i\u00a0minera\u0142\u00f3w przyczynia si\u0119 do utrzymania mocnych ko\u015bci i\u00a0z\u0119b\u00f3w. Dodatkowo, szparagi s\u0105 \u017ar\u00f3d\u0142em antyoksydant\u00f3w, kt\u00f3re pomagaj\u0105 zwalcza\u0107 szkodliwe wolne rodniki, wzmacniaj\u0105c odporno\u015b\u0107 czworonoga na\u00a0codzienne wyzwania.<\/p>\n<p>Daj swojemu psu to, co najlepsze &#8211; wybierz gryzak wiosenny DOGY i\u00a0pozw\u00f3l mu cieszy\u0107 si\u0119 sezonowymi smakami oraz\u00a0korzy\u015bciami zdrowotnymi, jakie nios\u0105 ze sob\u0105 szparagi.<\/p>\n<\/div>\n<\/div>\n<\/div>\n<\/div>\n<\/section>\n<\/section>\n<\/section>\n<\/section>\n<\/section>\n<\/section>\n","protected":false},"excerpt":{"rendered":"<p>LINIA WIOSENNA do \u017bucia i\u00a0Gryzienia DOGY: Przysmak sezonowy z\u00a0wiosennymi szparagami! Wiosenny Batonik dla Twojego psa &#8211; gryzak stworzony z\u00a0my\u015bl\u0105 o\u00a0najwy\u017cszej jako\u015bci i\u00a0sezonowych smakach. Sk\u0142ad: Sk\u00f3ra wo\u0142owa stanowi a\u017c 94,5% kompozycji, zapewniaj\u0105c naturaln\u0105 trwa\u0142o\u015b\u0107 i\u00a0niezr\u00f3wnany smak. Ale to nie koniec &#8211; dodajemy odrobin\u0119 szparag\u00f3w (4%), bogatych w\u00a0cenne sk\u0142adniki od\u017cywcze, kt\u00f3re wspieraj\u0105 zdrowie uk\u0142adu trawiennego i\u00a0dodaj\u0105 energii. [&hellip;]<\/p>\n","protected":false},"featured_media":16168,"template":"","meta":{"site-sidebar-layout":"default","site-content-layout":"","ast-site-content-layout":"default","site-content-style":"default","site-sidebar-style":"default","ast-global-header-display":"","ast-banner-title-visibility":"","ast-main-header-display":"","ast-hfb-above-header-display":"","ast-hfb-below-header-display":"","ast-hfb-mobile-header-display":"","site-post-title":"","ast-breadcrumbs-content":"","ast-featured-img":"","footer-sml-layout":"","ast-disable-related-posts":"","theme-transparent-header-meta":"default","adv-header-id-meta":"","stick-header-meta":"","header-above-stick-meta":"","header-main-stick-meta":"","header-below-stick-meta":"","astra-migrate-meta-layouts":"set","ast-page-background-enabled":"default","ast-page-background-meta":{"desktop":{"background-color":"","background-image":"","background-repeat":"repeat","background-position":"center center","background-size":"auto","background-attachment":"scroll","background-type":"","background-media":"","overlay-type":"","overlay-color":"","overlay-opacity":"","overlay-gradient":""},"tablet":{"background-color":"","background-image":"","background-repeat":"repeat","background-position":"center center","background-size":"auto","background-attachment":"scroll","background-type":"","background-media":"","overlay-type":"","overlay-color":"","overlay-opacity":"","overlay-gradient":""},"mobile":{"background-color":"","background-image":"","background-repeat":"repeat","background-position":"center center","background-size":"auto","background-attachment":"scroll","background-type":"","background-media":"","overlay-type":"","overlay-color":"","overlay-opacity":"","overlay-gradient":""}},"ast-content-background-meta":{"desktop":{"background-color":"var(--ast-global-color-5)","background-image":"","background-repeat":"repeat","background-position":"center center","background-size":"auto","background-attachment":"scroll","background-type":"","background-media":"","overlay-type":"","overlay-color":"","overlay-opacity":"","overlay-gradient":""},"tablet":{"background-color":"var(--ast-global-color-5)","background-image":"","background-repeat":"repeat","background-position":"center center","background-size":"auto","background-attachment":"scroll","background-type":"","background-media":"","overlay-type":"","overlay-color":"","overlay-opacity":"","overlay-gradient":""},"mobile":{"background-color":"var(--ast-global-color-5)","background-image":"","background-repeat":"repeat","background-position":"center center","background-size":"auto","background-attachment":"scroll","background-type":"","background-media":"","overlay-type":"","overlay-color":"","overlay-opacity":"","overlay-gradient":""}}},"product_brand":[],"product_cat":[85,159,169],"product_tag":[],"class_list":{"0":"post-16167","1":"product","2":"type-product","3":"status-publish","4":"has-post-thumbnail","6":"product_cat-dlapsa","7":"product_cat-smakolyki","8":"product_cat-gryzaki","9":"desktop-align-left","10":"tablet-align-left","11":"mobile-align-left","13":"first","14":"instock","15":"taxable","16":"shipping-taxable","17":"purchasable","18":"product-type-simple"},"jetpack_sharing_enabled":true,"_links":{"self":[{"href":"https:\/\/mooncraft.com.pl\/index.php?rest_route=\/wp\/v2\/product\/16167","targetHints":{"allow":["GET"]}}],"collection":[{"href":"https:\/\/mooncraft.com.pl\/index.php?rest_route=\/wp\/v2\/product"}],"about":[{"href":"https:\/\/mooncraft.com.pl\/index.php?rest_route=\/wp\/v2\/types\/product"}],"wp:featuredmedia":[{"embeddable":true,"href":"https:\/\/mooncraft.com.pl\/index.php?rest_route=\/wp\/v2\/media\/16168"}],"wp:attachment":[{"href":"https:\/\/mooncraft.com.pl\/index.php?rest_route=%2Fwp%2Fv2%2Fmedia&parent=16167"}],"wp:term":[{"taxonomy":"product_brand","embeddable":true,"href":"https:\/\/mooncraft.com.pl\/index.php?rest_route=%2Fwp%2Fv2%2Fproduct_brand&post=16167"},{"taxonomy":"product_cat","embeddable":true,"href":"https:\/\/mooncraft.com.pl\/index.php?rest_route=%2Fwp%2Fv2%2Fproduct_cat&post=16167"},{"taxonomy":"product_tag","embeddable":true,"href":"https:\/\/mooncraft.com.pl\/index.php?rest_route=%2Fwp%2Fv2%2Fproduct_tag&post=16167"}],"curies":[{"name":"wp","href":"https:\/\/api.w.org\/{rel}","templated":true}]}}