{"id":16157,"date":"2024-04-29T19:20:36","date_gmt":"2024-04-29T19:20:36","guid":{"rendered":"https:\/\/mooncraft.com.pl\/?post_type=product&#038;p=16157"},"modified":"2025-10-17T08:35:26","modified_gmt":"2025-10-17T08:35:26","slug":"dogy-kosc-dla-szczeniat-12cm","status":"publish","type":"product","link":"https:\/\/mooncraft.com.pl\/?product=dogy-kosc-dla-szczeniat-12cm","title":{"rendered":"DOGY &#8211; Ko\u015b\u0107 dla szczeni\u0105t 12cm"},"content":{"rendered":"<section>\n<section>\n<section>\n<section>\n<section>\n<section id=\"opis-produktu\" class=\"section_product section_product--part_of_bar section_product--first_item_of_bar section_product--v1 section section_product--v1__desc section--padding-top-medium\">\n<div class=\"section_body\">\n<div class=\"productDesc productDesc--full container\">\n<div class=\"productDesc__left grow productDesc__left--no_params\">\n<div class=\"productDesc__desc typography\">\n<h3>Idealna dla Szczeni\u0105t<\/h3>\n<p>Ko\u015b\u0107 Dogy dla szczeni\u0105t z\u00a0granulatu wo\u0142owego jest r\u00f3wnie\u017c dobrym rozwi\u0105zaniem dla m\u0142odych ps\u00f3w, kt\u00f3re dopiero zdobywaj\u0105 do\u015bwiadczenie w\u00a0gryzieniu, i\u00a0kt\u00f3rych z\u0119by si\u0119 dopiero kszta\u0142tuj\u0105.<\/p>\n<h3>Ko\u015b\u0107 do \u017bucia i\u00a0Gryzienia Dogy: Doskona\u0142y Wyb\u00f3r Dla Ka\u017cdego Psa<\/h3>\n<p>Ko\u015b\u0107 do \u017bucia i\u00a0Gryzienia Dogy to produkt stworzony z\u00a0my\u015bl\u0105 o\u00a0wymagaj\u0105cych klientach i\u00a0ich psach. Dostarcza nie tylko rozrywki, ale\u00a0r\u00f3wnie\u017c warto\u015bci od\u017cywcze, kt\u00f3re sprawiaj\u0105, \u017ce\u00a0jest to idealna propozycja dla Twojego sklepu zoologicznego.<\/p>\n<p><strong>Sk\u0142ad Najwy\u017cszej Jako\u015bci:<\/strong><\/p>\n<p>Sk\u00f3ra Wo\u0142owa (96%): G\u0142\u00f3wny sk\u0142adnik, sk\u00f3ra wo\u0142owa, dostarcza bia\u0142ka i\u00a0energii, a\u00a0jednocze\u015bnie stymuluje naturaln\u0105 potrzeb\u0119 \u017cucia u psa.<br \/>\n\u017bwacze (3%): Obecno\u015b\u0107 \u017cwaczy w\u00a0sk\u0142adzie przysmaku wprowadza r\u00f3\u017cnorodno\u015b\u0107 smak\u00f3w, zach\u0119caj\u0105c nawet wybredne psy.<br \/>\nPenisy Wo\u0142owe (1%): Penisy wo\u0142owe s\u0105 \u017ar\u00f3d\u0142em bia\u0142ka i\u00a0sk\u0142adnik\u00f3w od\u017cywczych, kt\u00f3re wspieraj\u0105 zdrow\u0105 muskulatur\u0119.<\/p>\n<p><strong>Analiza:<\/strong>\u00a0Bia\u0142ko surowe \u2013 96,2%, Oleje i\u00a0t\u0142uszcze surowe &lt;0,5%, Popi\u00f3\u0142 surowy \u2013 0,7%, W\u0142\u00f3kno surowe: &lt;1,3%<\/p>\n<h3>R\u00f3\u017cnorodno\u015b\u0107 Rozmiar\u00f3w:<\/h3>\n<p>Ko\u015b\u0107 do \u017bucia i\u00a0Gryzienia Dogy dost\u0119pna jest w\u00a0kilku rozmiarach:\u00a0<strong>10cm, 12cm, 17cm i\u00a022cm.<\/strong>\u00a0To oznacza, \u017ce\u00a0produkt ten spe\u0142nia potrzeby ps\u00f3w r\u00f3\u017cnych ras, od ma\u0142ych po du\u017ce.<\/p>\n<h3><strong>Korzy\u015bci Dla Psa:<\/strong><\/h3>\n<p><strong>Rozrywka:<\/strong>\u00a0Ko\u015b\u0107 dostarcza psu godzin zabawy, co jest szczeg\u00f3lnie wa\u017cne dla ps\u00f3w lubi\u0105cych gryzienie.<\/p>\n<p><strong>Zdrowe Z\u0119by i\u00a0Dzi\u0105s\u0142a:<\/strong>\u00a0Gryzienie ko\u015bci pomaga w\u00a0utrzymaniu zdrowych z\u0119b\u00f3w i\u00a0dzi\u0105se\u0142, a\u00a0jednocze\u015bnie redukuje ryzyko kamienia naz\u0119bnego.<\/p>\n<p><strong>Bezpiecze\u0144stwo:<\/strong>\u00a0Produkty Dogy s\u0105 wolne od cukru, glutenu, konserwant\u00f3w i\u00a0substancji chemicznych. Wype\u0142nienie ko\u015bci jest bezpieczne i\u00a0nie zawiera ostrych element\u00f3w, kt\u00f3re mog\u0142yby zrani\u0107 psa.<\/p>\n<\/div>\n<\/div>\n<\/div>\n<\/div>\n<\/section>\n<\/section>\n<\/section>\n<\/section>\n<\/section>\n<\/section>\n","protected":false},"excerpt":{"rendered":"<p>Idealna dla Szczeni\u0105t Ko\u015b\u0107 Dogy dla szczeni\u0105t z\u00a0granulatu wo\u0142owego jest r\u00f3wnie\u017c dobrym rozwi\u0105zaniem dla m\u0142odych ps\u00f3w, kt\u00f3re dopiero zdobywaj\u0105 do\u015bwiadczenie w\u00a0gryzieniu, i\u00a0kt\u00f3rych z\u0119by si\u0119 dopiero kszta\u0142tuj\u0105. Ko\u015b\u0107 do \u017bucia i\u00a0Gryzienia Dogy: Doskona\u0142y Wyb\u00f3r Dla Ka\u017cdego Psa Ko\u015b\u0107 do \u017bucia i\u00a0Gryzienia Dogy to produkt stworzony z\u00a0my\u015bl\u0105 o\u00a0wymagaj\u0105cych klientach i\u00a0ich psach. Dostarcza nie tylko rozrywki, ale\u00a0r\u00f3wnie\u017c warto\u015bci [&hellip;]<\/p>\n","protected":false},"featured_media":16158,"template":"","meta":{"site-sidebar-layout":"default","site-content-layout":"","ast-site-content-layout":"default","site-content-style":"default","site-sidebar-style":"default","ast-global-header-display":"","ast-banner-title-visibility":"","ast-main-header-display":"","ast-hfb-above-header-display":"","ast-hfb-below-header-display":"","ast-hfb-mobile-header-display":"","site-post-title":"","ast-breadcrumbs-content":"","ast-featured-img":"","footer-sml-layout":"","ast-disable-related-posts":"","theme-transparent-header-meta":"default","adv-header-id-meta":"","stick-header-meta":"","header-above-stick-meta":"","header-main-stick-meta":"","header-below-stick-meta":"","astra-migrate-meta-layouts":"set","ast-page-background-enabled":"default","ast-page-background-meta":{"desktop":{"background-color":"","background-image":"","background-repeat":"repeat","background-position":"center center","background-size":"auto","background-attachment":"scroll","background-type":"","background-media":"","overlay-type":"","overlay-color":"","overlay-opacity":"","overlay-gradient":""},"tablet":{"background-color":"","background-image":"","background-repeat":"repeat","background-position":"center center","background-size":"auto","background-attachment":"scroll","background-type":"","background-media":"","overlay-type":"","overlay-color":"","overlay-opacity":"","overlay-gradient":""},"mobile":{"background-color":"","background-image":"","background-repeat":"repeat","background-position":"center center","background-size":"auto","background-attachment":"scroll","background-type":"","background-media":"","overlay-type":"","overlay-color":"","overlay-opacity":"","overlay-gradient":""}},"ast-content-background-meta":{"desktop":{"background-color":"var(--ast-global-color-5)","background-image":"","background-repeat":"repeat","background-position":"center center","background-size":"auto","background-attachment":"scroll","background-type":"","background-media":"","overlay-type":"","overlay-color":"","overlay-opacity":"","overlay-gradient":""},"tablet":{"background-color":"var(--ast-global-color-5)","background-image":"","background-repeat":"repeat","background-position":"center center","background-size":"auto","background-attachment":"scroll","background-type":"","background-media":"","overlay-type":"","overlay-color":"","overlay-opacity":"","overlay-gradient":""},"mobile":{"background-color":"var(--ast-global-color-5)","background-image":"","background-repeat":"repeat","background-position":"center center","background-size":"auto","background-attachment":"scroll","background-type":"","background-media":"","overlay-type":"","overlay-color":"","overlay-opacity":"","overlay-gradient":""}}},"product_brand":[],"product_cat":[85,159,169],"product_tag":[],"class_list":{"0":"post-16157","1":"product","2":"type-product","3":"status-publish","4":"has-post-thumbnail","6":"product_cat-dlapsa","7":"product_cat-smakolyki","8":"product_cat-gryzaki","9":"desktop-align-left","10":"tablet-align-left","11":"mobile-align-left","13":"first","14":"instock","15":"taxable","16":"shipping-taxable","17":"purchasable","18":"product-type-simple"},"jetpack_sharing_enabled":true,"_links":{"self":[{"href":"https:\/\/mooncraft.com.pl\/index.php?rest_route=\/wp\/v2\/product\/16157","targetHints":{"allow":["GET"]}}],"collection":[{"href":"https:\/\/mooncraft.com.pl\/index.php?rest_route=\/wp\/v2\/product"}],"about":[{"href":"https:\/\/mooncraft.com.pl\/index.php?rest_route=\/wp\/v2\/types\/product"}],"wp:featuredmedia":[{"embeddable":true,"href":"https:\/\/mooncraft.com.pl\/index.php?rest_route=\/wp\/v2\/media\/16158"}],"wp:attachment":[{"href":"https:\/\/mooncraft.com.pl\/index.php?rest_route=%2Fwp%2Fv2%2Fmedia&parent=16157"}],"wp:term":[{"taxonomy":"product_brand","embeddable":true,"href":"https:\/\/mooncraft.com.pl\/index.php?rest_route=%2Fwp%2Fv2%2Fproduct_brand&post=16157"},{"taxonomy":"product_cat","embeddable":true,"href":"https:\/\/mooncraft.com.pl\/index.php?rest_route=%2Fwp%2Fv2%2Fproduct_cat&post=16157"},{"taxonomy":"product_tag","embeddable":true,"href":"https:\/\/mooncraft.com.pl\/index.php?rest_route=%2Fwp%2Fv2%2Fproduct_tag&post=16157"}],"curies":[{"name":"wp","href":"https:\/\/api.w.org\/{rel}","templated":true}]}}