{"id":16149,"date":"2024-04-29T19:09:31","date_gmt":"2024-04-29T19:09:31","guid":{"rendered":"https:\/\/mooncraft.com.pl\/?post_type=product&#038;p=16149"},"modified":"2025-09-09T19:11:49","modified_gmt":"2025-09-09T19:11:49","slug":"dogy-paluszki-z-pluc-wolowych-100g","status":"publish","type":"product","link":"https:\/\/mooncraft.com.pl\/?product=dogy-paluszki-z-pluc-wolowych-100g","title":{"rendered":"DOGY &#8211; Paluszki z p\u0142uc wo\u0142owych 100g"},"content":{"rendered":"<section>\n<section>\n<section>\n<section>\n<section>\n<section id=\"opis-produktu\" class=\"section_product section_product--part_of_bar section_product--first_item_of_bar section_product--v1 section section_product--v1__desc section--padding-top-medium\">\n<div class=\"section_body\">\n<div class=\"productDesc productDesc--full container\">\n<div class=\"productDesc__left grow productDesc__left--no_params\">\n<div class=\"productDesc__desc typography\">\n<h3>DOGY Paluszki z\u00a0P\u0142uc Wo\u0142owych &#8211; Delikatna Rozrywka i\u00a0Zdrowie dla Twojego Psa<\/h3>\n<p>Nasze Paluszki z\u00a0P\u0142uc Wo\u0142owych to doskona\u0142a propozycja dla Twojego psa, kt\u00f3re \u0142\u0105cz\u0105 w\u00a0sobie delikatno\u015b\u0107, smak i\u00a0warto\u015bci od\u017cywcze.<\/p>\n<p><strong>Sk\u0142ad:<\/strong>\u00a0wo\u0142owina &#8211; 100%.<\/p>\n<p><strong>Sk\u0142ad analityczny:<\/strong>\u00a0Bia\u0142ko \u2013 76%, T\u0142uszcz \u2013 5%, Wilgotno\u015b\u0107 &#8211; 8%<\/p>\n<h3>Zalety Paluszk\u00f3w z\u00a0p\u0142uc wo\u0142owych DOGY:<\/h3>\n<ul>\n<li>Kruche i\u00a0\u0142atwe w\u00a0gryzieniu: Paluszki z\u00a0P\u0142uc Wo\u0142owych s\u0105 specjalnie stworzone tak, aby by\u0142y kruche i\u00a0\u0142atwe w\u00a0gryzieniu, co sprawia, \u017ce\u00a0s\u0105 idealnym przysmakiem dla ps\u00f3w wszystkich rozmiar\u00f3w, w\u00a0tym dla szczeni\u0105t i\u00a0starszych ps\u00f3w.<\/li>\n<li>Monobia\u0142kowe \u017ar\u00f3d\u0142o: Paluszki te s\u0105 wykonane z\u00a0jednego sk\u0142adnika &#8211; p\u0142uc wo\u0142owych, co czyni je monobia\u0142kowym przysmakiem, idealnym dla ps\u00f3w z\u00a0alergiami pokarmowymi lub\u00a0wra\u017cliwym uk\u0142adem trawiennym.<\/li>\n<li>Niska zawarto\u015b\u0107 t\u0142uszczu: W por\u00f3wnaniu z\u00a0innymi przysmakami, Paluszki z\u00a0P\u0142uc Wo\u0142owych DOGY maj\u0105 nisk\u0105 zawarto\u015b\u0107 t\u0142uszczu, co czyni je doskona\u0142\u0105 opcj\u0105 dla ps\u00f3w dbaj\u0105cych o\u00a0utrzymanie prawid\u0142owej wagi oraz\u00a0og\u00f3lnej kondycji fizycznej.<\/li>\n<li>Bogactwo sk\u0142adnik\u00f3w od\u017cywczych: P\u0142uc Wo\u0142owe dostarczaj\u0105 psu wysokiej jako\u015bci bia\u0142ka oraz\u00a0niezb\u0119dnych sk\u0142adnik\u00f3w od\u017cywczych, takich jak \u017celazo, witaminy z\u00a0grupy B i\u00a0cynk, kt\u00f3re wspieraj\u0105 zdrowie i\u00a0og\u00f3ln\u0105 kondycj\u0119 Twojego psa.<\/li>\n<\/ul>\n<h3>Znaczenie P\u0142uc Wo\u0142owych w\u00a0Diecie Psa:<\/h3>\n<p>P\u0142uc wo\u0142owe s\u0105 niezwykle warto\u015bciowym \u017ar\u00f3d\u0142em bia\u0142ka oraz\u00a0sk\u0142adnik\u00f3w od\u017cywczych, takich jak \u017celazo i\u00a0witaminy z\u00a0grupy B. Te sk\u0142adniki s\u0105 kluczowe dla utrzymania zdrowej masy mi\u0119\u015bniowej, uk\u0142adu odporno\u015bciowego oraz\u00a0og\u00f3lnej kondycji Twojego psa. Dodatkowo, p\u0142uc wo\u0142owe s\u0105 \u0142atwo przyswajalne przez organizm psa, co czyni je idealnym sk\u0142adnikiem przysmak\u00f3w dla ps\u00f3w o\u00a0wra\u017cliwym uk\u0142adzie trawiennym.<\/p>\n<\/div>\n<\/div>\n<\/div>\n<\/div>\n<\/section>\n<\/section>\n<\/section>\n<\/section>\n<\/section>\n<\/section>\n","protected":false},"excerpt":{"rendered":"<p>DOGY Paluszki z\u00a0P\u0142uc Wo\u0142owych &#8211; Delikatna Rozrywka i\u00a0Zdrowie dla Twojego Psa Nasze Paluszki z\u00a0P\u0142uc Wo\u0142owych to doskona\u0142a propozycja dla Twojego psa, kt\u00f3re \u0142\u0105cz\u0105 w\u00a0sobie delikatno\u015b\u0107, smak i\u00a0warto\u015bci od\u017cywcze. Sk\u0142ad:\u00a0wo\u0142owina &#8211; 100%. Sk\u0142ad analityczny:\u00a0Bia\u0142ko \u2013 76%, T\u0142uszcz \u2013 5%, Wilgotno\u015b\u0107 &#8211; 8% Zalety Paluszk\u00f3w z\u00a0p\u0142uc wo\u0142owych DOGY: Kruche i\u00a0\u0142atwe w\u00a0gryzieniu: Paluszki z\u00a0P\u0142uc Wo\u0142owych s\u0105 specjalnie stworzone [&hellip;]<\/p>\n","protected":false},"featured_media":16150,"template":"","meta":{"site-sidebar-layout":"default","site-content-layout":"","ast-site-content-layout":"default","site-content-style":"default","site-sidebar-style":"default","ast-global-header-display":"","ast-banner-title-visibility":"","ast-main-header-display":"","ast-hfb-above-header-display":"","ast-hfb-below-header-display":"","ast-hfb-mobile-header-display":"","site-post-title":"","ast-breadcrumbs-content":"","ast-featured-img":"","footer-sml-layout":"","ast-disable-related-posts":"","theme-transparent-header-meta":"default","adv-header-id-meta":"","stick-header-meta":"","header-above-stick-meta":"","header-main-stick-meta":"","header-below-stick-meta":"","astra-migrate-meta-layouts":"set","ast-page-background-enabled":"default","ast-page-background-meta":{"desktop":{"background-color":"","background-image":"","background-repeat":"repeat","background-position":"center center","background-size":"auto","background-attachment":"scroll","background-type":"","background-media":"","overlay-type":"","overlay-color":"","overlay-opacity":"","overlay-gradient":""},"tablet":{"background-color":"","background-image":"","background-repeat":"repeat","background-position":"center center","background-size":"auto","background-attachment":"scroll","background-type":"","background-media":"","overlay-type":"","overlay-color":"","overlay-opacity":"","overlay-gradient":""},"mobile":{"background-color":"","background-image":"","background-repeat":"repeat","background-position":"center center","background-size":"auto","background-attachment":"scroll","background-type":"","background-media":"","overlay-type":"","overlay-color":"","overlay-opacity":"","overlay-gradient":""}},"ast-content-background-meta":{"desktop":{"background-color":"var(--ast-global-color-5)","background-image":"","background-repeat":"repeat","background-position":"center center","background-size":"auto","background-attachment":"scroll","background-type":"","background-media":"","overlay-type":"","overlay-color":"","overlay-opacity":"","overlay-gradient":""},"tablet":{"background-color":"var(--ast-global-color-5)","background-image":"","background-repeat":"repeat","background-position":"center center","background-size":"auto","background-attachment":"scroll","background-type":"","background-media":"","overlay-type":"","overlay-color":"","overlay-opacity":"","overlay-gradient":""},"mobile":{"background-color":"var(--ast-global-color-5)","background-image":"","background-repeat":"repeat","background-position":"center center","background-size":"auto","background-attachment":"scroll","background-type":"","background-media":"","overlay-type":"","overlay-color":"","overlay-opacity":"","overlay-gradient":""}}},"product_brand":[],"product_cat":[85,159,170],"product_tag":[],"class_list":{"0":"post-16149","1":"product","2":"type-product","3":"status-publish","4":"has-post-thumbnail","6":"product_cat-dlapsa","7":"product_cat-smakolyki","8":"product_cat-przysmaki","9":"desktop-align-left","10":"tablet-align-left","11":"mobile-align-left","13":"first","14":"instock","15":"taxable","16":"shipping-taxable","17":"purchasable","18":"product-type-simple"},"jetpack_sharing_enabled":true,"_links":{"self":[{"href":"https:\/\/mooncraft.com.pl\/index.php?rest_route=\/wp\/v2\/product\/16149","targetHints":{"allow":["GET"]}}],"collection":[{"href":"https:\/\/mooncraft.com.pl\/index.php?rest_route=\/wp\/v2\/product"}],"about":[{"href":"https:\/\/mooncraft.com.pl\/index.php?rest_route=\/wp\/v2\/types\/product"}],"wp:featuredmedia":[{"embeddable":true,"href":"https:\/\/mooncraft.com.pl\/index.php?rest_route=\/wp\/v2\/media\/16150"}],"wp:attachment":[{"href":"https:\/\/mooncraft.com.pl\/index.php?rest_route=%2Fwp%2Fv2%2Fmedia&parent=16149"}],"wp:term":[{"taxonomy":"product_brand","embeddable":true,"href":"https:\/\/mooncraft.com.pl\/index.php?rest_route=%2Fwp%2Fv2%2Fproduct_brand&post=16149"},{"taxonomy":"product_cat","embeddable":true,"href":"https:\/\/mooncraft.com.pl\/index.php?rest_route=%2Fwp%2Fv2%2Fproduct_cat&post=16149"},{"taxonomy":"product_tag","embeddable":true,"href":"https:\/\/mooncraft.com.pl\/index.php?rest_route=%2Fwp%2Fv2%2Fproduct_tag&post=16149"}],"curies":[{"name":"wp","href":"https:\/\/api.w.org\/{rel}","templated":true}]}}