{"id":16136,"date":"2024-04-29T18:57:50","date_gmt":"2024-04-29T18:57:50","guid":{"rendered":"https:\/\/mooncraft.com.pl\/?post_type=product&#038;p=16136"},"modified":"2025-11-04T11:53:44","modified_gmt":"2025-11-04T11:53:44","slug":"dogy-kielbaski-z-wolowiny-100g","status":"publish","type":"product","link":"https:\/\/mooncraft.com.pl\/?product=dogy-kielbaski-z-wolowiny-100g","title":{"rendered":"DOGY &#8211; Kie\u0142baski z wo\u0142owiny 100g"},"content":{"rendered":"<section>\n<section>\n<section>\n<section>\n<section>\n<section id=\"opis-produktu\" class=\"section_product section_product--part_of_bar section_product--first_item_of_bar section_product--v1 section section_product--v1__desc section--padding-top-medium\">\n<div class=\"section_body\">\n<div class=\"productDesc productDesc--full container\">\n<div class=\"productDesc__left grow productDesc__left--no_params\">\n<div class=\"productDesc__desc typography\">\n<p><strong>Kie\u0142baski DOGY<\/strong>\u00a0to przepyszne i\u00a0zdrowe naturalne przek\u0105ski wykonane ze 100% mi\u0119sa mi\u0119\u015bniowego. Nie zawieraj\u0105 cukru, sk\u0142adnik\u00f3w wabi\u0105cych, sztucznych dodatk\u00f3w ani\u00a0wype\u0142niaczy. Najwy\u017cszej jako\u015bci mi\u0119sko formujemy w\u00a0charakterystyczne kie\u0142baski DOGY a\u00a0na ko\u0144cu powoli i\u00a0delikatnie suszymy.<\/p>\n<p><strong>Sk\u0142ad:\u00a0<\/strong>mi\u0119so wo\u0142owe 96%, jelito z\u00a0kolagenu wo\u0142owego 4%.<\/p>\n<p><strong>Analiza:<\/strong>\u00a0Bia\u0142ko 72%, t\u0142uszcz 6,1%, popi\u00f3\u0142 4%, w\u0142\u00f3kno 6%<\/p>\n<h3><strong>G\u0142\u00f3wne cechy produktu:<\/strong><\/h3>\n<p><strong>1. 96% Mi\u0119sa Mi\u0119\u015bniowego:<\/strong>\u00a0Nasze par\u00f3wki zawieraj\u0105 a\u017c 98% mi\u0119sa mi\u0119\u015bniowego, co czyni je doskona\u0142ym \u017ar\u00f3d\u0142em bia\u0142ka &#8211; kluczowego sk\u0142adnika diety ka\u017cdego psa.<\/p>\n<p><strong>2. Brak Sztucznych Dodatk\u00f3w:<\/strong>\u00a0Z dum\u0105 mo\u017cemy powiedzie\u0107, \u017ce\u00a0nasze kie\u0142baski nie zawieraj\u0105 \u017cadnych sztucznych barwnik\u00f3w, konserwant\u00f3w, ani\u00a0wype\u0142niaczy. Dlaczego? Bo zale\u017cy nam na\u00a0zdrowiu i\u00a0bezpiecze\u0144stwie Twojego pupila.<\/p>\n<p><strong>3. Bez Cukru i\u00a0Sk\u0142adnik\u00f3w Wabi\u0105cych:<\/strong>\u00a0Nasze kie\u0142baski s\u0105 czyste jak \u0142za &#8211; nie zawieraj\u0105 cukru ani\u00a0sk\u0142adnik\u00f3w wabi\u0105cych, co oznacza, \u017ce\u00a0Tw\u00f3j pies nie dostaje niczego, co jest zb\u0119dne i\u00a0potencjalnie szkodliwe.<\/p>\n<p><strong>4. Unikalny Proces Produkcji:<\/strong>\u00a0Nasze kie\u0142baski nie powstaj\u0105 przypadkowo. Najwy\u017cszej jako\u015bci mi\u0119sko jest najpierw dok\u0142adnie siekane, formowane w\u00a0charakterystyczne kie\u0142baski DOGY, a\u00a0na ko\u0144cu powoli i\u00a0delikatnie suszone, aby zachowa\u0107 pe\u0142ni\u0119 smaku i\u00a0warto\u015bci od\u017cywczych.<\/p>\n<h3>Mi\u0119so Wo\u0142owe &#8211; zalety i\u00a0dobroczynny wp\u0142yw na\u00a0zdrowie psa:<\/h3>\n<p><strong>Mi\u0119so wo\u0142owe mi\u0119\u015bniowe<\/strong>\u00a0to doskona\u0142e \u017ar\u00f3d\u0142o bia\u0142ka i\u00a0sk\u0142adnik\u00f3w od\u017cywczych dla psa. Oto kilka kluczowych zalet mi\u0119sa wo\u0142owego mi\u0119\u015bniowego w\u00a0diecie psa:<\/p>\n<p><strong>Wysoka Jako\u015b\u0107 Bia\u0142ka:<\/strong>\u00a0Mi\u0119so wo\u0142owe mi\u0119\u015bniowe jest bogate w\u00a0wysokowarto\u015bciowe bia\u0142ko, kt\u00f3re jest istotne dla wzrostu, rozwoju i\u00a0utrzymania mi\u0119\u015bni u psa. To sprawia, \u017ce\u00a0mi\u0119so wo\u0142owe stanowi cenne \u017ar\u00f3d\u0142o budulca dla organizmu psa.<\/p>\n<p><strong>Bogactwo Witamin i\u00a0Minera\u0142\u00f3w:<\/strong>\u00a0Mi\u0119so wo\u0142owe dostarcza psu nie tylko bia\u0142ka, ale\u00a0tak\u017ce wa\u017cnych witamin i\u00a0minera\u0142\u00f3w, takich jak witamina B12, \u017celazo, cynk i\u00a0selen. Te sk\u0142adniki od\u017cywcze wspieraj\u0105 og\u00f3ln\u0105 kondycj\u0119 psa, w\u00a0tym uk\u0142ad odporno\u015bciowy i\u00a0uk\u0142ad nerwowy.<\/p>\n<p><strong>Smak i\u00a0Akceptacja:<\/strong>\u00a0Mi\u0119so wo\u0142owe jest cz\u0119sto cenione przez ps\u00f3w za jego smak i\u00a0aromat. Dlatego dodawanie mi\u0119sa wo\u0142owego do diety mo\u017ce pom\u00f3c zmotywowa\u0107 psa do jedzenia, co mo\u017ce by\u0107 szczeg\u00f3lnie wa\u017cne dla ps\u00f3w wybrednych lub\u00a0o ma\u0142ym apetycie.<\/p>\n<p><strong>Przyswajalno\u015b\u0107:\u00a0<\/strong>Mi\u0119so wo\u0142owe mi\u0119\u015bniowe jest cz\u0119sto dobrze tolerowane przez psy i\u00a0ma wysok\u0105 przyswajalno\u015b\u0107, co oznacza, \u017ce\u00a0organizm psa mo\u017ce skutecznie wykorzystywa\u0107 sk\u0142adniki od\u017cywcze zawarte w\u00a0mi\u0119sie.<\/p>\n<p>Warto jednak\u00a0pami\u0119ta\u0107, \u017ce\u00a0dieta psa powinna by\u0107 zr\u00f3wnowa\u017cona i\u00a0uwzgl\u0119dnia\u0107 r\u00f3\u017cne \u017ar\u00f3d\u0142a bia\u0142ka, nie tylko mi\u0119so wo\u0142owe. Przed wprowadzeniem nowych sk\u0142adnik\u00f3w do diety psa zawsze warto skonsultowa\u0107 si\u0119 z\u00a0weterynarzem, aby upewni\u0107 si\u0119, \u017ce\u00a0spe\u0142niaj\u0105 one potrzeby \u017cywieniowe i\u00a0zdrowotne psa.<\/p>\n<\/div>\n<\/div>\n<\/div>\n<\/div>\n<\/section>\n<\/section>\n<\/section>\n<\/section>\n<\/section>\n<\/section>\n","protected":false},"excerpt":{"rendered":"<p>Kie\u0142baski DOGY\u00a0to przepyszne i\u00a0zdrowe naturalne przek\u0105ski wykonane ze 100% mi\u0119sa mi\u0119\u015bniowego. Nie zawieraj\u0105 cukru, sk\u0142adnik\u00f3w wabi\u0105cych, sztucznych dodatk\u00f3w ani\u00a0wype\u0142niaczy. Najwy\u017cszej jako\u015bci mi\u0119sko formujemy w\u00a0charakterystyczne kie\u0142baski DOGY a\u00a0na ko\u0144cu powoli i\u00a0delikatnie suszymy. Sk\u0142ad:\u00a0mi\u0119so wo\u0142owe 96%, jelito z\u00a0kolagenu wo\u0142owego 4%. Analiza:\u00a0Bia\u0142ko 72%, t\u0142uszcz 6,1%, popi\u00f3\u0142 4%, w\u0142\u00f3kno 6% G\u0142\u00f3wne cechy produktu: 1. 96% Mi\u0119sa Mi\u0119\u015bniowego:\u00a0Nasze par\u00f3wki zawieraj\u0105 [&hellip;]<\/p>\n","protected":false},"featured_media":16137,"template":"","meta":{"site-sidebar-layout":"default","site-content-layout":"","ast-site-content-layout":"default","site-content-style":"default","site-sidebar-style":"default","ast-global-header-display":"","ast-banner-title-visibility":"","ast-main-header-display":"","ast-hfb-above-header-display":"","ast-hfb-below-header-display":"","ast-hfb-mobile-header-display":"","site-post-title":"","ast-breadcrumbs-content":"","ast-featured-img":"","footer-sml-layout":"","ast-disable-related-posts":"","theme-transparent-header-meta":"default","adv-header-id-meta":"","stick-header-meta":"","header-above-stick-meta":"","header-main-stick-meta":"","header-below-stick-meta":"","astra-migrate-meta-layouts":"set","ast-page-background-enabled":"default","ast-page-background-meta":{"desktop":{"background-color":"","background-image":"","background-repeat":"repeat","background-position":"center center","background-size":"auto","background-attachment":"scroll","background-type":"","background-media":"","overlay-type":"","overlay-color":"","overlay-opacity":"","overlay-gradient":""},"tablet":{"background-color":"","background-image":"","background-repeat":"repeat","background-position":"center center","background-size":"auto","background-attachment":"scroll","background-type":"","background-media":"","overlay-type":"","overlay-color":"","overlay-opacity":"","overlay-gradient":""},"mobile":{"background-color":"","background-image":"","background-repeat":"repeat","background-position":"center center","background-size":"auto","background-attachment":"scroll","background-type":"","background-media":"","overlay-type":"","overlay-color":"","overlay-opacity":"","overlay-gradient":""}},"ast-content-background-meta":{"desktop":{"background-color":"var(--ast-global-color-5)","background-image":"","background-repeat":"repeat","background-position":"center center","background-size":"auto","background-attachment":"scroll","background-type":"","background-media":"","overlay-type":"","overlay-color":"","overlay-opacity":"","overlay-gradient":""},"tablet":{"background-color":"var(--ast-global-color-5)","background-image":"","background-repeat":"repeat","background-position":"center center","background-size":"auto","background-attachment":"scroll","background-type":"","background-media":"","overlay-type":"","overlay-color":"","overlay-opacity":"","overlay-gradient":""},"mobile":{"background-color":"var(--ast-global-color-5)","background-image":"","background-repeat":"repeat","background-position":"center center","background-size":"auto","background-attachment":"scroll","background-type":"","background-media":"","overlay-type":"","overlay-color":"","overlay-opacity":"","overlay-gradient":""}}},"product_brand":[],"product_cat":[85,159,170],"product_tag":[],"class_list":{"0":"post-16136","1":"product","2":"type-product","3":"status-publish","4":"has-post-thumbnail","6":"product_cat-dlapsa","7":"product_cat-smakolyki","8":"product_cat-przysmaki","9":"desktop-align-left","10":"tablet-align-left","11":"mobile-align-left","13":"first","14":"instock","15":"taxable","16":"shipping-taxable","17":"purchasable","18":"product-type-simple"},"jetpack_sharing_enabled":true,"_links":{"self":[{"href":"https:\/\/mooncraft.com.pl\/index.php?rest_route=\/wp\/v2\/product\/16136","targetHints":{"allow":["GET"]}}],"collection":[{"href":"https:\/\/mooncraft.com.pl\/index.php?rest_route=\/wp\/v2\/product"}],"about":[{"href":"https:\/\/mooncraft.com.pl\/index.php?rest_route=\/wp\/v2\/types\/product"}],"wp:featuredmedia":[{"embeddable":true,"href":"https:\/\/mooncraft.com.pl\/index.php?rest_route=\/wp\/v2\/media\/16137"}],"wp:attachment":[{"href":"https:\/\/mooncraft.com.pl\/index.php?rest_route=%2Fwp%2Fv2%2Fmedia&parent=16136"}],"wp:term":[{"taxonomy":"product_brand","embeddable":true,"href":"https:\/\/mooncraft.com.pl\/index.php?rest_route=%2Fwp%2Fv2%2Fproduct_brand&post=16136"},{"taxonomy":"product_cat","embeddable":true,"href":"https:\/\/mooncraft.com.pl\/index.php?rest_route=%2Fwp%2Fv2%2Fproduct_cat&post=16136"},{"taxonomy":"product_tag","embeddable":true,"href":"https:\/\/mooncraft.com.pl\/index.php?rest_route=%2Fwp%2Fv2%2Fproduct_tag&post=16136"}],"curies":[{"name":"wp","href":"https:\/\/api.w.org\/{rel}","templated":true}]}}