{"id":15202,"date":"2024-03-01T20:11:02","date_gmt":"2024-03-01T20:11:02","guid":{"rendered":"https:\/\/mooncraft.com.pl\/?post_type=product&#038;p=15202"},"modified":"2025-03-08T22:54:08","modified_gmt":"2025-03-08T22:54:08","slug":"etui-na-ksiazeczke-zdrowia-zwierzaka-oldschool-czarny","status":"publish","type":"product","link":"https:\/\/mooncraft.com.pl\/?product=etui-na-ksiazeczke-zdrowia-zwierzaka-oldschool-czarny","title":{"rendered":"Etui na ksi\u0105\u017ceczk\u0119 zdrowia zwierzaka Oldschool Czarny"},"content":{"rendered":"<p>Materia\u0142y wodoodporne,<\/p>\n<p>wygodny \u0142atwy monta\u017c ksi\u0105\u017ceczki z mo\u017cliwo\u015bci\u0105 wsadzenia w zak\u0142adk\u0119 dodatkowych dokument\u00f3w czy papierowych pieni\u0119dzy do weterynarza<\/p>\n<p>Nap (zatrzask) zabezpiecza dodatkowo przed otwieraniem si\u0119 ksi\u0105\u017ceczki.<\/p>\n<p>&nbsp;<\/p>\n<p>wymiar:<\/p>\n<p>ca\u0142kowity rozmiar etui <span style=\"font-size: 16px;\">10,5cm x 16,5 cm\u00a0<\/span><\/p>\n<p>dedykowane na standardow\u0105 ksi\u0105\u017ceczk\u0119 zdrowia o rozmiarze 10,5 x 15cm<\/p>\n<p>uwaga! (kolor napy dobierany jest losowo )<\/p>\n<p>&nbsp;<\/p>\n<p>Etui mo\u017ce by\u0107 uszyte z ka\u017cdego wzoru dost\u0119pnego w pracowni &#8211; mo\u017cesz dopasowa\u0107 je do swojej nerki lub do kompletu zestawu spacerowego zwierzaka.<\/p>\n<p>Je\u015bli na stronie nie ma pozycji z wzorem, kt\u00f3ry Ci si\u0119 marzy napisz mail lub wiadomo\u015b\u0107 przez Facebook \ud83d\ude42<\/p>\n","protected":false},"excerpt":{"rendered":"<h5>Wodoodporne Etui na ksi\u0105\u017ceczk\u0119 zdrowia Twojego zwierzaka !<\/h5>\n<h6>Koniec pokiereszowanych ok\u0142adek i wypadaj\u0105cych kartek &lt;3<\/h6>\n<p>&nbsp;<\/p>\n<p>Kolor Napy\u00a0 (zatrzasku) dobierany jest losowo<\/p>\n<p>&nbsp;<\/p>\n<p class=\"ni8dbmo4 stjgntxs nred35xi ii04i59q\" aria-owns=\"jsc_c_5f\" data-testid=\"messenger_incoming_text_row\">Produkt w magazynie:\u00a0 wysy\u0142ka 1-3dni roboczych od zaksi\u0119gowania wp\u0142aty.<\/p>\n<p class=\"ni8dbmo4 stjgntxs nred35xi ii04i59q\" aria-owns=\"jsc_c_5f\" data-testid=\"messenger_incoming_text_row\">Produkt na zam\u00f3wienie: wysy\u0142ka do 14 dni roboczych od zaksi\u0119gowania wp\u0142aty.<\/p>\n","protected":false},"featured_media":15178,"template":"","meta":{"site-sidebar-layout":"default","site-content-layout":"default","ast-site-content-layout":"default","site-content-style":"default","site-sidebar-style":"default","ast-global-header-display":"","ast-banner-title-visibility":"","ast-main-header-display":"","ast-hfb-above-header-display":"","ast-hfb-below-header-display":"","ast-hfb-mobile-header-display":"","site-post-title":"","ast-breadcrumbs-content":"","ast-featured-img":"","footer-sml-layout":"","ast-disable-related-posts":"","theme-transparent-header-meta":"default","adv-header-id-meta":"","stick-header-meta":"","header-above-stick-meta":"","header-main-stick-meta":"","header-below-stick-meta":"","astra-migrate-meta-layouts":"set","ast-page-background-enabled":"default","ast-page-background-meta":{"desktop":{"background-color":"","background-image":"","background-repeat":"repeat","background-position":"center center","background-size":"auto","background-attachment":"scroll","background-type":"","background-media":"","overlay-type":"","overlay-color":"","overlay-opacity":"","overlay-gradient":""},"tablet":{"background-color":"","background-image":"","background-repeat":"repeat","background-position":"center center","background-size":"auto","background-attachment":"scroll","background-type":"","background-media":"","overlay-type":"","overlay-color":"","overlay-opacity":"","overlay-gradient":""},"mobile":{"background-color":"","background-image":"","background-repeat":"repeat","background-position":"center center","background-size":"auto","background-attachment":"scroll","background-type":"","background-media":"","overlay-type":"","overlay-color":"","overlay-opacity":"","overlay-gradient":""}},"ast-content-background-meta":{"desktop":{"background-color":"var(--ast-global-color-5)","background-image":"","background-repeat":"repeat","background-position":"center center","background-size":"auto","background-attachment":"scroll","background-type":"","background-media":"","overlay-type":"","overlay-color":"","overlay-opacity":"","overlay-gradient":""},"tablet":{"background-color":"var(--ast-global-color-5)","background-image":"","background-repeat":"repeat","background-position":"center center","background-size":"auto","background-attachment":"scroll","background-type":"","background-media":"","overlay-type":"","overlay-color":"","overlay-opacity":"","overlay-gradient":""},"mobile":{"background-color":"var(--ast-global-color-5)","background-image":"","background-repeat":"repeat","background-position":"center center","background-size":"auto","background-attachment":"scroll","background-type":"","background-media":"","overlay-type":"","overlay-color":"","overlay-opacity":"","overlay-gradient":""}}},"product_brand":[],"product_cat":[139,82],"product_tag":[],"class_list":{"0":"post-15202","1":"product","2":"type-product","3":"status-publish","4":"has-post-thumbnail","6":"product_cat-etui","7":"product_cat-dlaciebie","8":"desktop-align-left","9":"tablet-align-left","10":"mobile-align-left","12":"first","13":"onbackorder","14":"taxable","15":"shipping-taxable","16":"purchasable","17":"product-type-variable"},"jetpack_sharing_enabled":true,"_links":{"self":[{"href":"https:\/\/mooncraft.com.pl\/index.php?rest_route=\/wp\/v2\/product\/15202","targetHints":{"allow":["GET"]}}],"collection":[{"href":"https:\/\/mooncraft.com.pl\/index.php?rest_route=\/wp\/v2\/product"}],"about":[{"href":"https:\/\/mooncraft.com.pl\/index.php?rest_route=\/wp\/v2\/types\/product"}],"wp:featuredmedia":[{"embeddable":true,"href":"https:\/\/mooncraft.com.pl\/index.php?rest_route=\/wp\/v2\/media\/15178"}],"wp:attachment":[{"href":"https:\/\/mooncraft.com.pl\/index.php?rest_route=%2Fwp%2Fv2%2Fmedia&parent=15202"}],"wp:term":[{"taxonomy":"product_brand","embeddable":true,"href":"https:\/\/mooncraft.com.pl\/index.php?rest_route=%2Fwp%2Fv2%2Fproduct_brand&post=15202"},{"taxonomy":"product_cat","embeddable":true,"href":"https:\/\/mooncraft.com.pl\/index.php?rest_route=%2Fwp%2Fv2%2Fproduct_cat&post=15202"},{"taxonomy":"product_tag","embeddable":true,"href":"https:\/\/mooncraft.com.pl\/index.php?rest_route=%2Fwp%2Fv2%2Fproduct_tag&post=15202"}],"curies":[{"name":"wp","href":"https:\/\/api.w.org\/{rel}","templated":true}]}}