{"id":13394,"date":"2023-11-17T17:23:02","date_gmt":"2023-11-17T17:23:02","guid":{"rendered":"https:\/\/mooncraft.com.pl\/?post_type=product&#038;p=13394"},"modified":"2025-02-14T20:27:08","modified_gmt":"2025-02-14T20:27:08","slug":"kosmetyczka-liscie-bananowca","status":"publish","type":"product","link":"https:\/\/mooncraft.com.pl\/?product=kosmetyczka-liscie-bananowca","title":{"rendered":"Kosmetyczka Li\u015bcie Bananowca"},"content":{"rendered":"<p>Kosmetyczka na zamek<\/p>\n<p>W \u015brodku jedna du\u017ca komora.<\/p>\n<p>Materia\u0142y wodoodporne<\/p>\n<p>wymiary :<\/p>\n<p>podstawa 29cm x 6cm<\/p>\n<p>wysoko\u015b\u0107 19cm<\/p>\n<p>u g\u00f3ry szeroko\u015b\u0107 odrobin\u0119 w\u0119\u017csza &#8211; ok. 24cm<\/p>\n<p>r\u0105czka do trzymania<\/p>\n<p>&nbsp;<\/p>\n<p>Przy szoperkach dzia\u0142a opcja zakupu kompletu razem z kosmetyczk\u0105.<\/p>\n<p>UWAGA ! ze wzgl\u0119du na r\u0119czne wycinanie materia\u0142\u00f3w wz\u00f3r mo\u017ce odrobin\u0119 r\u00f3\u017cni\u0107 si\u0119 u\u0142o\u017ceniem od tego na zdj\u0119ciach<\/p>\n<p>Jest mo\u017cliwo\u015b\u0107 uszycia kosmetyczki z ka\u017cdego wzoru z wzornika, wtedy zapraszam na priv\u00a0 &lt;3<\/p>\n","protected":false},"excerpt":{"rendered":"<p>Koniec lataj\u0105cych kosmetyk\u00f3w w torebce!<br \/>\nWygodna, optymalna rozmiarowo, w pi\u0119knych wzorach do kompletu szoperek i nie tylko &lt;3<\/p>\n<p>&nbsp;<\/p>\n<div class=\"ni8dbmo4 stjgntxs nred35xi ii04i59q\" aria-owns=\"jsc_c_5f\" data-testid=\"messenger_incoming_text_row\">Produkt na magazynie: wysy\u0142ka 1-3dni roboczych od zaksi\u0119gowania wp\u0142aty.<\/div>\n<div class=\"ni8dbmo4 stjgntxs nred35xi ii04i59q\" aria-owns=\"jsc_c_5f\" data-testid=\"messenger_incoming_text_row\">Produkt na zam\u00f3wienie: wysy\u0142ka do 14 dni roboczych od zaksi\u0119gowania wp\u0142aty.<\/div>\n","protected":false},"featured_media":13393,"template":"","meta":{"site-sidebar-layout":"default","site-content-layout":"","ast-site-content-layout":"default","site-content-style":"default","site-sidebar-style":"default","ast-global-header-display":"","ast-banner-title-visibility":"","ast-main-header-display":"","ast-hfb-above-header-display":"","ast-hfb-below-header-display":"","ast-hfb-mobile-header-display":"","site-post-title":"","ast-breadcrumbs-content":"","ast-featured-img":"","footer-sml-layout":"","ast-disable-related-posts":"","theme-transparent-header-meta":"default","adv-header-id-meta":"","stick-header-meta":"","header-above-stick-meta":"","header-main-stick-meta":"","header-below-stick-meta":"","astra-migrate-meta-layouts":"set","ast-page-background-enabled":"default","ast-page-background-meta":{"desktop":{"background-color":"","background-image":"","background-repeat":"repeat","background-position":"center center","background-size":"auto","background-attachment":"scroll","background-type":"","background-media":"","overlay-type":"","overlay-color":"","overlay-opacity":"","overlay-gradient":""},"tablet":{"background-color":"","background-image":"","background-repeat":"repeat","background-position":"center center","background-size":"auto","background-attachment":"scroll","background-type":"","background-media":"","overlay-type":"","overlay-color":"","overlay-opacity":"","overlay-gradient":""},"mobile":{"background-color":"","background-image":"","background-repeat":"repeat","background-position":"center center","background-size":"auto","background-attachment":"scroll","background-type":"","background-media":"","overlay-type":"","overlay-color":"","overlay-opacity":"","overlay-gradient":""}},"ast-content-background-meta":{"desktop":{"background-color":"var(--ast-global-color-5)","background-image":"","background-repeat":"repeat","background-position":"center center","background-size":"auto","background-attachment":"scroll","background-type":"","background-media":"","overlay-type":"","overlay-color":"","overlay-opacity":"","overlay-gradient":""},"tablet":{"background-color":"var(--ast-global-color-5)","background-image":"","background-repeat":"repeat","background-position":"center center","background-size":"auto","background-attachment":"scroll","background-type":"","background-media":"","overlay-type":"","overlay-color":"","overlay-opacity":"","overlay-gradient":""},"mobile":{"background-color":"var(--ast-global-color-5)","background-image":"","background-repeat":"repeat","background-position":"center center","background-size":"auto","background-attachment":"scroll","background-type":"","background-media":"","overlay-type":"","overlay-color":"","overlay-opacity":"","overlay-gradient":""}}},"product_brand":[],"product_cat":[82,109],"product_tag":[],"class_list":{"0":"post-13394","1":"product","2":"type-product","3":"status-publish","4":"has-post-thumbnail","6":"product_cat-dlaciebie","7":"product_cat-kosmetyczki","8":"desktop-align-left","9":"tablet-align-left","10":"mobile-align-left","12":"first","13":"onbackorder","14":"taxable","15":"shipping-taxable","16":"purchasable","17":"product-type-simple"},"jetpack_sharing_enabled":true,"_links":{"self":[{"href":"https:\/\/mooncraft.com.pl\/index.php?rest_route=\/wp\/v2\/product\/13394","targetHints":{"allow":["GET"]}}],"collection":[{"href":"https:\/\/mooncraft.com.pl\/index.php?rest_route=\/wp\/v2\/product"}],"about":[{"href":"https:\/\/mooncraft.com.pl\/index.php?rest_route=\/wp\/v2\/types\/product"}],"wp:featuredmedia":[{"embeddable":true,"href":"https:\/\/mooncraft.com.pl\/index.php?rest_route=\/wp\/v2\/media\/13393"}],"wp:attachment":[{"href":"https:\/\/mooncraft.com.pl\/index.php?rest_route=%2Fwp%2Fv2%2Fmedia&parent=13394"}],"wp:term":[{"taxonomy":"product_brand","embeddable":true,"href":"https:\/\/mooncraft.com.pl\/index.php?rest_route=%2Fwp%2Fv2%2Fproduct_brand&post=13394"},{"taxonomy":"product_cat","embeddable":true,"href":"https:\/\/mooncraft.com.pl\/index.php?rest_route=%2Fwp%2Fv2%2Fproduct_cat&post=13394"},{"taxonomy":"product_tag","embeddable":true,"href":"https:\/\/mooncraft.com.pl\/index.php?rest_route=%2Fwp%2Fv2%2Fproduct_tag&post=13394"}],"curies":[{"name":"wp","href":"https:\/\/api.w.org\/{rel}","templated":true}]}}