{"id":13340,"date":"2023-11-12T19:20:29","date_gmt":"2023-11-12T19:20:29","guid":{"rendered":"https:\/\/mooncraft.com.pl\/?post_type=product&#038;p=13340"},"modified":"2025-05-30T15:55:32","modified_gmt":"2025-05-30T15:55:32","slug":"mini-plecak-welurowy-cieply-brazowy","status":"publish","type":"product","link":"https:\/\/mooncraft.com.pl\/?product=mini-plecak-welurowy-cieply-brazowy","title":{"rendered":"Mini Plecak &#8211; Welurowy Ciep\u0142y Br\u0105zowy"},"content":{"rendered":"<div class=\"cxmmr5t8 oygrvhab hcukyx3x c1et5uql o9v6fnle ii04i59q\">\n<div dir=\"auto\">\n<div dir=\"auto\">Wymiary :<\/div>\n<div dir=\"auto\">szeroko\u015b\u0107 21cm<\/div>\n<div dir=\"auto\">wysoko\u015b\u0107 30cm<\/div>\n<div dir=\"auto\">g\u0142\u0119boko\u015b\u0107 8cm<\/div>\n<\/div>\n<div dir=\"auto\"><\/div>\n<div dir=\"auto\">Dwie Kieszenie na zewn\u0105trz (z przodu mniejsza i od g\u00f3ry g\u0142\u00f3wna)<\/div>\n<div dir=\"auto\">W du\u017cej, g\u0142\u00f3wnej komorze dodatkowa otwarta kiesze\u0144.<\/div>\n<div dir=\"auto\"><\/div>\n<div dir=\"auto\"><span style=\"font-size: 16px; -webkit-text-size-adjust: 100%;\">Ca\u0142o\u015b\u0107 usztywniona, wn\u0119trze z materia\u0142\u00f3w wodoodpornych.<\/span><\/div>\n<div dir=\"auto\">Pasek regulowany bawe\u0142niany, mi\u0142y w dotyku<\/div>\n<\/div>\n<div class=\"cxmmr5t8 oygrvhab hcukyx3x c1et5uql o9v6fnle ii04i59q\">\n<div dir=\"auto\"><\/div>\n<\/div>\n<p><span style=\"font-size: 16px;\">Pasek jest przepinany &#8211; na dole znajduj\u0105 si\u0119 dwa k\u00f3\u0142eczka aby wedle uznania wybra\u0107 sw\u00f3j wygodny skos i przepi\u0105\u0107<\/span><\/p>\n<div class=\"text_exposed_show\">\n<p>materia\u0142 zewn\u0119trzny &#8211; welur tapicerski<\/p>\n<p>Podszewka w \u015brodku z materia\u0142u wodoodpornego<\/p>\n<p>z przodu kieszonka na napa<\/p>\n<p>&nbsp;<\/p>\n<\/div>\n","protected":false},"excerpt":{"rendered":"<div dir=\"auto\">\n<h3 dir=\"auto\"><span style=\"font-size: 16px;\">Plecak niewielkich rozmiar\u00f3w, zak\u0142adany na skos<\/span><\/h3>\n<p>Idealny na mini wycieczki, spacery czy na miasto.<\/p>\n<div dir=\"auto\">METKA BR\u0104ZOWA<\/div>\n<div dir=\"auto\"><\/div>\n<\/div>\n<p class=\"ni8dbmo4 stjgntxs nred35xi ii04i59q\" aria-owns=\"jsc_c_5f\" data-testid=\"messenger_incoming_text_row\">Produkt dost\u0119pny w magazynie: wysy\u0142ka 1-3dni roboczych od zaksi\u0119gowania wp\u0142aty.<br \/>\nProdukt na zam\u00f3wienie: wysy\u0142ka do 14 dni roboczych od zaksi\u0119gowania wp\u0142aty.<\/p>\n<p>uwaga: jest to r\u0119kodzie\u0142o &#8211; u\u0142o\u017cenie wzoru na zam\u00f3wionej torebce mo\u017ce r\u00f3\u017cni\u0107 si\u0119 od zdj\u0119cia. Ale bez obaw ! Staramy si\u0119 aby ka\u017cdy uszyty model wygl\u0105da\u0142 pi\u0119knie \ud83d\ude42<\/p>\n","protected":false},"featured_media":13318,"template":"","meta":{"site-sidebar-layout":"default","site-content-layout":"default","ast-site-content-layout":"default","site-content-style":"default","site-sidebar-style":"default","ast-global-header-display":"","ast-banner-title-visibility":"","ast-main-header-display":"","ast-hfb-above-header-display":"","ast-hfb-below-header-display":"","ast-hfb-mobile-header-display":"","site-post-title":"","ast-breadcrumbs-content":"","ast-featured-img":"","footer-sml-layout":"","ast-disable-related-posts":"","theme-transparent-header-meta":"default","adv-header-id-meta":"","stick-header-meta":"","header-above-stick-meta":"","header-main-stick-meta":"","header-below-stick-meta":"","astra-migrate-meta-layouts":"set","ast-page-background-enabled":"default","ast-page-background-meta":{"desktop":{"background-color":"","background-image":"","background-repeat":"repeat","background-position":"center center","background-size":"auto","background-attachment":"scroll","background-type":"","background-media":"","overlay-type":"","overlay-color":"","overlay-opacity":"","overlay-gradient":""},"tablet":{"background-color":"","background-image":"","background-repeat":"repeat","background-position":"center center","background-size":"auto","background-attachment":"scroll","background-type":"","background-media":"","overlay-type":"","overlay-color":"","overlay-opacity":"","overlay-gradient":""},"mobile":{"background-color":"","background-image":"","background-repeat":"repeat","background-position":"center center","background-size":"auto","background-attachment":"scroll","background-type":"","background-media":"","overlay-type":"","overlay-color":"","overlay-opacity":"","overlay-gradient":""}},"ast-content-background-meta":{"desktop":{"background-color":"var(--ast-global-color-5)","background-image":"","background-repeat":"repeat","background-position":"center center","background-size":"auto","background-attachment":"scroll","background-type":"","background-media":"","overlay-type":"","overlay-color":"","overlay-opacity":"","overlay-gradient":""},"tablet":{"background-color":"var(--ast-global-color-5)","background-image":"","background-repeat":"repeat","background-position":"center center","background-size":"auto","background-attachment":"scroll","background-type":"","background-media":"","overlay-type":"","overlay-color":"","overlay-opacity":"","overlay-gradient":""},"mobile":{"background-color":"var(--ast-global-color-5)","background-image":"","background-repeat":"repeat","background-position":"center center","background-size":"auto","background-attachment":"scroll","background-type":"","background-media":"","overlay-type":"","overlay-color":"","overlay-opacity":"","overlay-gradient":""}}},"product_brand":[],"product_cat":[82,107,141],"product_tag":[],"class_list":{"0":"post-13340","1":"product","2":"type-product","3":"status-publish","4":"has-post-thumbnail","6":"product_cat-dlaciebie","7":"product_cat-plecaki","8":"product_cat-plecak-mini","9":"desktop-align-left","10":"tablet-align-left","11":"mobile-align-left","13":"first","14":"onbackorder","15":"featured","16":"taxable","17":"shipping-taxable","18":"purchasable","19":"product-type-simple"},"jetpack_sharing_enabled":true,"_links":{"self":[{"href":"https:\/\/mooncraft.com.pl\/index.php?rest_route=\/wp\/v2\/product\/13340","targetHints":{"allow":["GET"]}}],"collection":[{"href":"https:\/\/mooncraft.com.pl\/index.php?rest_route=\/wp\/v2\/product"}],"about":[{"href":"https:\/\/mooncraft.com.pl\/index.php?rest_route=\/wp\/v2\/types\/product"}],"wp:featuredmedia":[{"embeddable":true,"href":"https:\/\/mooncraft.com.pl\/index.php?rest_route=\/wp\/v2\/media\/13318"}],"wp:attachment":[{"href":"https:\/\/mooncraft.com.pl\/index.php?rest_route=%2Fwp%2Fv2%2Fmedia&parent=13340"}],"wp:term":[{"taxonomy":"product_brand","embeddable":true,"href":"https:\/\/mooncraft.com.pl\/index.php?rest_route=%2Fwp%2Fv2%2Fproduct_brand&post=13340"},{"taxonomy":"product_cat","embeddable":true,"href":"https:\/\/mooncraft.com.pl\/index.php?rest_route=%2Fwp%2Fv2%2Fproduct_cat&post=13340"},{"taxonomy":"product_tag","embeddable":true,"href":"https:\/\/mooncraft.com.pl\/index.php?rest_route=%2Fwp%2Fv2%2Fproduct_tag&post=13340"}],"curies":[{"name":"wp","href":"https:\/\/api.w.org\/{rel}","templated":true}]}}