{"id":12731,"date":"2023-10-19T18:55:32","date_gmt":"2023-10-19T18:55:32","guid":{"rendered":"https:\/\/mooncraft.com.pl\/?post_type=product&#038;p=12731"},"modified":"2023-10-22T13:36:09","modified_gmt":"2023-10-22T13:36:09","slug":"torba-z-kominem-bella","status":"publish","type":"product","link":"https:\/\/mooncraft.com.pl\/?product=torba-z-kominem-bella","title":{"rendered":"Torba z kominem Bella"},"content":{"rendered":"<p>WYMIARY:<span class=\"text_exposed_show\"><br \/>\nLicz\u0105c BEZ wora: ok 29x29x7cm<br \/>\nW\u00f3r to dodatkowe 7-8cm do wysoko\u015bci<\/span><\/p>\n<div class=\"text_exposed_show\">\n<p>Czyli: mie\u015bci A4, wsadzaj\u0105c blok w pionie mo\u017cna spokojnie zasun\u0105\u0107 sznurki<\/p>\n<p>Pasek bawe\u0142niany regulowany, mo\u017cna nosi\u0107 przez rami\u0119 na skos, mo\u017cna skr\u00f3ci\u0107 i mie\u0107 torebk\u0119 pod r\u0119k\u0105 <span class=\"_47e3 _5mfr\" title=\"Emotikon smile\"><img decoding=\"async\" class=\"img\" role=\"presentation\" src=\"https:\/\/static.xx.fbcdn.net\/images\/emoji.php\/v9\/t4c\/1\/16\/1f642.png\" alt=\"1f642\" width=\"16\" height=\"16\" title=\"Torba z kominem Bella\"><\/span><\/p>\n<p>Sznury bawe\u0142niane<\/p>\n<p>Podszewka w \u015brodku z materia\u0142u wodoodpornego<\/p>\n<p>Materia\u0142 zewn\u0119trzny to szary welur tapicerski<\/p>\n<p>W \u015brodku kieszonka na zamek<\/p>\n<\/div>\n<p>UWAGA: Komin jest zszyty z torb\u0105 na sta\u0142e, nie jest wymienny.<\/p>\n","protected":false},"excerpt":{"rendered":"<h5>Torba z kominem idealna na co dzie\u0144<\/h5>\n<h5>na zewn\u0105trz welur tapicerski szary<\/h5>\n<p>w\u00f3r z materia\u0142u wodoodpornego<\/p>\n<div aria-owns=\"jsc_c_5f\" data-testid=\"messenger_incoming_text_row\">Metka br\u0105z<\/div>\n<div aria-owns=\"jsc_c_5f\" data-testid=\"messenger_incoming_text_row\"><\/div>\n<div class=\"ni8dbmo4 stjgntxs nred35xi ii04i59q\" aria-owns=\"jsc_c_5f\" data-testid=\"messenger_incoming_text_row\">Produkt dost\u0119pny od r\u0119ki: wysy\u0142ka 1-3dni roboczych od zaksi\u0119gowania wp\u0142aty.<\/div>\n<div class=\"ni8dbmo4 stjgntxs nred35xi ii04i59q\" aria-owns=\"jsc_c_5f\" data-testid=\"messenger_incoming_text_row\">Produkt na zam\u00f3wienie: wysy\u0142ka do 14 dni roboczych od zaksi\u0119gowania wp\u0142aty.<\/div>\n<div dir=\"auto\"><\/div>\n","protected":false},"featured_media":12694,"template":"","meta":{"site-sidebar-layout":"default","site-content-layout":"default","ast-site-content-layout":"default","site-content-style":"default","site-sidebar-style":"default","ast-global-header-display":"","ast-banner-title-visibility":"","ast-main-header-display":"","ast-hfb-above-header-display":"","ast-hfb-below-header-display":"","ast-hfb-mobile-header-display":"","site-post-title":"","ast-breadcrumbs-content":"","ast-featured-img":"","footer-sml-layout":"","ast-disable-related-posts":"","theme-transparent-header-meta":"default","adv-header-id-meta":"","stick-header-meta":"","header-above-stick-meta":"","header-main-stick-meta":"","header-below-stick-meta":"","astra-migrate-meta-layouts":"set","ast-page-background-enabled":"default","ast-page-background-meta":{"desktop":{"background-color":"","background-image":"","background-repeat":"repeat","background-position":"center center","background-size":"auto","background-attachment":"scroll","background-type":"","background-media":"","overlay-type":"","overlay-color":"","overlay-opacity":"","overlay-gradient":""},"tablet":{"background-color":"","background-image":"","background-repeat":"repeat","background-position":"center center","background-size":"auto","background-attachment":"scroll","background-type":"","background-media":"","overlay-type":"","overlay-color":"","overlay-opacity":"","overlay-gradient":""},"mobile":{"background-color":"","background-image":"","background-repeat":"repeat","background-position":"center center","background-size":"auto","background-attachment":"scroll","background-type":"","background-media":"","overlay-type":"","overlay-color":"","overlay-opacity":"","overlay-gradient":""}},"ast-content-background-meta":{"desktop":{"background-color":"var(--ast-global-color-5)","background-image":"","background-repeat":"repeat","background-position":"center center","background-size":"auto","background-attachment":"scroll","background-type":"","background-media":"","overlay-type":"","overlay-color":"","overlay-opacity":"","overlay-gradient":""},"tablet":{"background-color":"var(--ast-global-color-5)","background-image":"","background-repeat":"repeat","background-position":"center center","background-size":"auto","background-attachment":"scroll","background-type":"","background-media":"","overlay-type":"","overlay-color":"","overlay-opacity":"","overlay-gradient":""},"mobile":{"background-color":"var(--ast-global-color-5)","background-image":"","background-repeat":"repeat","background-position":"center center","background-size":"auto","background-attachment":"scroll","background-type":"","background-media":"","overlay-type":"","overlay-color":"","overlay-opacity":"","overlay-gradient":""}}},"product_brand":[],"product_cat":[82,110,126],"product_tag":[],"class_list":{"0":"post-12731","1":"product","2":"type-product","3":"status-publish","4":"has-post-thumbnail","6":"product_cat-dlaciebie","7":"product_cat-torby","8":"product_cat-z-kominem","9":"desktop-align-left","10":"tablet-align-left","11":"mobile-align-left","13":"first","14":"onbackorder","15":"featured","16":"taxable","17":"shipping-taxable","18":"purchasable","19":"product-type-simple"},"jetpack_sharing_enabled":true,"_links":{"self":[{"href":"https:\/\/mooncraft.com.pl\/index.php?rest_route=\/wp\/v2\/product\/12731","targetHints":{"allow":["GET"]}}],"collection":[{"href":"https:\/\/mooncraft.com.pl\/index.php?rest_route=\/wp\/v2\/product"}],"about":[{"href":"https:\/\/mooncraft.com.pl\/index.php?rest_route=\/wp\/v2\/types\/product"}],"wp:featuredmedia":[{"embeddable":true,"href":"https:\/\/mooncraft.com.pl\/index.php?rest_route=\/wp\/v2\/media\/12694"}],"wp:attachment":[{"href":"https:\/\/mooncraft.com.pl\/index.php?rest_route=%2Fwp%2Fv2%2Fmedia&parent=12731"}],"wp:term":[{"taxonomy":"product_brand","embeddable":true,"href":"https:\/\/mooncraft.com.pl\/index.php?rest_route=%2Fwp%2Fv2%2Fproduct_brand&post=12731"},{"taxonomy":"product_cat","embeddable":true,"href":"https:\/\/mooncraft.com.pl\/index.php?rest_route=%2Fwp%2Fv2%2Fproduct_cat&post=12731"},{"taxonomy":"product_tag","embeddable":true,"href":"https:\/\/mooncraft.com.pl\/index.php?rest_route=%2Fwp%2Fv2%2Fproduct_tag&post=12731"}],"curies":[{"name":"wp","href":"https:\/\/api.w.org\/{rel}","templated":true}]}}