{"id":11793,"date":"2023-09-28T16:37:54","date_gmt":"2023-09-28T16:37:54","guid":{"rendered":"https:\/\/mooncraft.com.pl\/?post_type=product&#038;p=11793"},"modified":"2026-03-17T16:49:41","modified_gmt":"2026-03-17T16:49:41","slug":"szelki-dla-psa-welurowe-butelkowa-zielen","status":"publish","type":"product","link":"https:\/\/mooncraft.com.pl\/?product=szelki-dla-psa-welurowe-butelkowa-zielen","title":{"rendered":"Szelki dla psa WELUROWE Butelkowa Ziele\u0144"},"content":{"rendered":"<p>Szelki dla psa<\/p>\n<p>Klamra Firmy Duraflex, wygi\u0119ta specjalnie dla psiaka<\/p>\n<p>Okucia zgrzewane , niklowane srebrne lub czarne (czarne okucia z czasem mog\u0105 si\u0119 \u015bciera\u0107, nie podlega to gwarancji, warto mie\u0107 to na uwadze chocia\u017c uwielbiam ten efekt kolorystyczny)<\/p>\n<p>Ca\u0142o\u015b\u0107 szelek obszyta mi\u0119ciutkim welurem<\/p>\n<p>P\u00f3\u0142kole na adres\u00f3wk\u0119<\/p>\n<p>Solidne- w \u015brodku jest ta\u015bma no\u015bna, welur to obszycie<\/p>\n<p>Opcja do wyboru z kokard\u0105 (odczepiana na rzep) i bez<\/p>\n<p>Pra\u0107 r\u0119cznie<\/p>\n<p><img fetchpriority=\"high\" decoding=\"async\" class=\"alignnone size-medium wp-image-3874\" src=\"http:\/\/mooncraft.com.pl\/wp-content\/uploads\/2021\/02\/62180029_318598292403289_5062939570585206784_n-300x300.jpg\" alt=\"62180029 318598292403289 5062939570585206784 N 300x300\" width=\"300\" height=\"300\" title=\"Szelki dla psa WELUROWE Butelkowa Ziele\u0144\" srcset=\"https:\/\/mooncraft.com.pl\/wp-content\/uploads\/2021\/02\/62180029_318598292403289_5062939570585206784_n-300x300.jpg 300w, https:\/\/mooncraft.com.pl\/wp-content\/uploads\/2021\/02\/62180029_318598292403289_5062939570585206784_n-100x100.jpg 100w, https:\/\/mooncraft.com.pl\/wp-content\/uploads\/2021\/02\/62180029_318598292403289_5062939570585206784_n-600x600.jpg 600w, https:\/\/mooncraft.com.pl\/wp-content\/uploads\/2021\/02\/62180029_318598292403289_5062939570585206784_n-150x150.jpg 150w, https:\/\/mooncraft.com.pl\/wp-content\/uploads\/2021\/02\/62180029_318598292403289_5062939570585206784_n.jpg 768w\" sizes=\"(max-width: 300px) 100vw, 300px\" \/><\/p>\n<p>rozmiar S:<\/p>\n<p>ta\u015bma szeroko\u015b\u0107 2 cm<\/p>\n<p>WYMIAR A (uwaga! to nie jest obw\u00f3d szyi tylko ni\u017cej, do mostka) &#8211;\u00a0 32- 49cm<\/p>\n<p>WYMIAR B &#8211; 10cm<\/p>\n<p>WYMIAR C &#8211; 37 &#8211; 55cm<\/p>\n<p>WYMIAR D &#8211; 14 &#8211; 19cm<\/p>\n<p>&nbsp;<\/p>\n<p>rozmiar M:<\/p>\n<p>ta\u015bma szeroko\u015b\u0107 2,5cm<\/p>\n<p>WYMIAR A (uwaga! to nie jest obw\u00f3d szyi tylko ni\u017cej, do mostka) &#8211;\u00a0 38 &#8211; 54cm<\/p>\n<p>WYMIAR B &#8211; 12cm<\/p>\n<p>WYMIAR C &#8211; 43- 62cm<\/p>\n<p>WYMIAR D &#8211; 16 &#8211; 21cm<\/p>\n<p>&nbsp;<\/p>\n<p>rozmiar L:<\/p>\n<p>ta\u015bma szeroko\u015b\u0107 3cm<\/p>\n<p>WYMIAR A (uwaga! to nie jest obw\u00f3d szyi tylko ni\u017cej, do mostka) &#8211;\u00a0 42-64cm<\/p>\n<p>WYMIAR B &#8211; 16cm<\/p>\n<p>WYMIAR C &#8211; 55-75cm<\/p>\n<p>WYMIAR D &#8211; 21-30cm<\/p>\n<p>&nbsp;<\/p>\n<p>Je\u015bli standardowa rozmiar\u00f3wka nie odpowiada Twojemu psiakowi &#8211; odezwij si\u0119 na priv, szyjemy r\u00f3wnie\u017c na miar\u0119<\/p>\n","protected":false},"excerpt":{"rendered":"<h5>Wygodne szelki typu Guard dla psiaka uszyte w ca\u0142o\u015bci z mi\u0142ego weluru. Trzy rozmiary do wyboru<\/h5>\n<p>&nbsp;<\/p>\n<p>Dok\u0142adne wymiary podane poni\u017cej \ud83d\ude42<\/p>\n<div class=\"ni8dbmo4 stjgntxs nred35xi ii04i59q\" aria-owns=\"jsc_c_5f\" data-testid=\"messenger_incoming_text_row\">Produkt w magazynie: wysy\u0142ka 1-3dni roboczych od zaksi\u0119gowania wp\u0142aty.<\/div>\n<div class=\"ni8dbmo4 stjgntxs nred35xi ii04i59q\" aria-owns=\"jsc_c_5f\" data-testid=\"messenger_incoming_text_row\">Produkt na zam\u00f3wienie: wysy\u0142ka do 14 dni roboczych od zaksi\u0119gowania wp\u0142aty.<\/div>\n","protected":false},"featured_media":11774,"template":"","meta":{"site-sidebar-layout":"default","site-content-layout":"default","ast-site-content-layout":"default","site-content-style":"default","site-sidebar-style":"default","ast-global-header-display":"","ast-banner-title-visibility":"","ast-main-header-display":"","ast-hfb-above-header-display":"","ast-hfb-below-header-display":"","ast-hfb-mobile-header-display":"","site-post-title":"","ast-breadcrumbs-content":"","ast-featured-img":"","footer-sml-layout":"","ast-disable-related-posts":"","theme-transparent-header-meta":"default","adv-header-id-meta":"","stick-header-meta":"","header-above-stick-meta":"","header-main-stick-meta":"","header-below-stick-meta":"","astra-migrate-meta-layouts":"set","ast-page-background-enabled":"default","ast-page-background-meta":{"desktop":{"background-color":"","background-image":"","background-repeat":"repeat","background-position":"center center","background-size":"auto","background-attachment":"scroll","background-type":"","background-media":"","overlay-type":"","overlay-color":"","overlay-opacity":"","overlay-gradient":""},"tablet":{"background-color":"","background-image":"","background-repeat":"repeat","background-position":"center center","background-size":"auto","background-attachment":"scroll","background-type":"","background-media":"","overlay-type":"","overlay-color":"","overlay-opacity":"","overlay-gradient":""},"mobile":{"background-color":"","background-image":"","background-repeat":"repeat","background-position":"center center","background-size":"auto","background-attachment":"scroll","background-type":"","background-media":"","overlay-type":"","overlay-color":"","overlay-opacity":"","overlay-gradient":""}},"ast-content-background-meta":{"desktop":{"background-color":"var(--ast-global-color-5)","background-image":"","background-repeat":"repeat","background-position":"center center","background-size":"auto","background-attachment":"scroll","background-type":"","background-media":"","overlay-type":"","overlay-color":"","overlay-opacity":"","overlay-gradient":""},"tablet":{"background-color":"var(--ast-global-color-5)","background-image":"","background-repeat":"repeat","background-position":"center center","background-size":"auto","background-attachment":"scroll","background-type":"","background-media":"","overlay-type":"","overlay-color":"","overlay-opacity":"","overlay-gradient":""},"mobile":{"background-color":"var(--ast-global-color-5)","background-image":"","background-repeat":"repeat","background-position":"center center","background-size":"auto","background-attachment":"scroll","background-type":"","background-media":"","overlay-type":"","overlay-color":"","overlay-opacity":"","overlay-gradient":""}}},"product_brand":[],"product_cat":[137,95],"product_tag":[],"class_list":{"0":"post-11793","1":"product","2":"type-product","3":"status-publish","4":"has-post-thumbnail","6":"product_cat-welurowe","7":"product_cat-szelki","8":"desktop-align-left","9":"tablet-align-left","10":"mobile-align-left","12":"first","13":"onbackorder","14":"featured","15":"taxable","16":"shipping-taxable","17":"purchasable","18":"product-type-variable"},"jetpack_sharing_enabled":true,"_links":{"self":[{"href":"https:\/\/mooncraft.com.pl\/index.php?rest_route=\/wp\/v2\/product\/11793","targetHints":{"allow":["GET"]}}],"collection":[{"href":"https:\/\/mooncraft.com.pl\/index.php?rest_route=\/wp\/v2\/product"}],"about":[{"href":"https:\/\/mooncraft.com.pl\/index.php?rest_route=\/wp\/v2\/types\/product"}],"wp:featuredmedia":[{"embeddable":true,"href":"https:\/\/mooncraft.com.pl\/index.php?rest_route=\/wp\/v2\/media\/11774"}],"wp:attachment":[{"href":"https:\/\/mooncraft.com.pl\/index.php?rest_route=%2Fwp%2Fv2%2Fmedia&parent=11793"}],"wp:term":[{"taxonomy":"product_brand","embeddable":true,"href":"https:\/\/mooncraft.com.pl\/index.php?rest_route=%2Fwp%2Fv2%2Fproduct_brand&post=11793"},{"taxonomy":"product_cat","embeddable":true,"href":"https:\/\/mooncraft.com.pl\/index.php?rest_route=%2Fwp%2Fv2%2Fproduct_cat&post=11793"},{"taxonomy":"product_tag","embeddable":true,"href":"https:\/\/mooncraft.com.pl\/index.php?rest_route=%2Fwp%2Fv2%2Fproduct_tag&post=11793"}],"curies":[{"name":"wp","href":"https:\/\/api.w.org\/{rel}","templated":true}]}}