{"id":11323,"date":"2023-07-21T18:46:56","date_gmt":"2023-07-21T18:46:56","guid":{"rendered":"https:\/\/mooncraft.com.pl\/?post_type=product&#038;p=11323"},"modified":"2025-02-09T12:15:09","modified_gmt":"2025-02-09T12:15:09","slug":"nerka-na-karton-mleka-psiakowa-zar-tropikow","status":"publish","type":"product","link":"https:\/\/mooncraft.com.pl\/?product=nerka-na-karton-mleka-psiakowa-zar-tropikow","title":{"rendered":"Nerka na karton mleka \u017bar tropik\u00f3w"},"content":{"rendered":"<div class=\"o9v6fnle cxmmr5t8 oygrvhab hcukyx3x c1et5uql\">\n<p>WYMIARY:<br \/>\n22cm (szeroko\u015b\u0107) x 12cm (wysoko\u015b\u0107)\u00a0 x 9cm (g\u0142\u0119boko\u015b\u0107)<br \/>\nz przodu ma\u0142a kieszonka na zamek<br \/>\noraz du\u017ca g\u0142\u00f3wna komora na zamek (z mi\u0119kk\u0105 przegr\u00f3dk\u0105 w \u015brodku)<br \/>\npasek bawe\u0142niany zapinany na klamerk\u0119<br \/>\nW \u015brodku idealnie mie\u015bci klasyczny litrowy karton mleka, z przestrzeni\u0105 dooko\u0142a \ud83d\ude09<\/p>\n<p>DODATKOWO W WERSJI PSIAKOWEJ:<br \/>\n&#8211; w g\u0142\u00f3wnej komorze ma\u0142a kieszonka z bocznym wyj\u015bciem na woreczki<br \/>\n&#8211; przy pasku p\u00f3\u0142kole do zaczepienia woreczka\/ gwizdka<\/p>\n<p>Regulacja obwodu od 77cm do 108cm (mierz\u0119 faktyczny obw\u00f3d ju\u017c razem z nerk\u0105)<\/p>\n<\/div>\n","protected":false},"excerpt":{"rendered":"<h5>Nerka na spacery to praktyczne i stylowe rozwi\u0105zanie dla aktywnych w\u0142a\u015bcicieli czworonog\u00f3w. Pomimo swojego kompaktowego rozmiaru, por\u00f3wnywalnego do kartonu mleka, oferuje wygodn\u0105 komor\u0119 na smycze, przysmaki i worki na odchody, oraz zewn\u0119trzn\u0105 kiesze\u0144 na drobiazgi.<\/h5>\n<p>Materia\u0142 wodoodporny poliester, w \u015brodku podszewka wodoodporna<\/p>\n<h5 aria-owns=\"jsc_c_5f\" data-testid=\"messenger_incoming_text_row\"><\/h5>\n<p>METKA br\u0105zowa<\/p>\n<p>zamki turkusowe<\/p>\n<p>ta\u015bmy turkusowe<\/p>\n<div class=\"ni8dbmo4 stjgntxs nred35xi ii04i59q\" aria-owns=\"jsc_c_5f\" data-testid=\"messenger_incoming_text_row\">Produkt dost\u0119pny od r\u0119ki: wysy\u0142ka 1-3dni roboczych od zaksi\u0119gowania wp\u0142aty.<\/div>\n<div class=\"ni8dbmo4 stjgntxs nred35xi ii04i59q\" aria-owns=\"jsc_c_5f\" data-testid=\"messenger_incoming_text_row\">Produkt na zam\u00f3wienie: wysy\u0142ka do 14 dni roboczych od zaksi\u0119gowania wp\u0142aty.<\/div>\n<div aria-owns=\"jsc_c_5f\" data-testid=\"messenger_incoming_text_row\"><\/div>\n<div aria-owns=\"jsc_c_5f\" data-testid=\"messenger_incoming_text_row\">jest to r\u0119kodzie\u0142o, dlatego u\u0142o\u017cenie wzoru mo\u017ce si\u0119 r\u00f3\u017cni\u0107 na ka\u017cdej sztuce &#8211; bardzo si\u0119 staramy aby ka\u017cda by\u0142a r\u00f3wnie pi\u0119kna \ud83d\ude42<\/div>\n<div dir=\"auto\"><\/div>\n","protected":false},"featured_media":11326,"template":"","meta":{"site-sidebar-layout":"default","site-content-layout":"default","ast-site-content-layout":"default","site-content-style":"default","site-sidebar-style":"default","ast-global-header-display":"","ast-banner-title-visibility":"","ast-main-header-display":"","ast-hfb-above-header-display":"","ast-hfb-below-header-display":"","ast-hfb-mobile-header-display":"","site-post-title":"","ast-breadcrumbs-content":"","ast-featured-img":"","footer-sml-layout":"","ast-disable-related-posts":"","theme-transparent-header-meta":"default","adv-header-id-meta":"","stick-header-meta":"","header-above-stick-meta":"","header-main-stick-meta":"","header-below-stick-meta":"","astra-migrate-meta-layouts":"set","ast-page-background-enabled":"default","ast-page-background-meta":{"desktop":{"background-color":"","background-image":"","background-repeat":"repeat","background-position":"center center","background-size":"auto","background-attachment":"scroll","background-type":"","background-media":"","overlay-type":"","overlay-color":"","overlay-opacity":"","overlay-gradient":""},"tablet":{"background-color":"","background-image":"","background-repeat":"repeat","background-position":"center center","background-size":"auto","background-attachment":"scroll","background-type":"","background-media":"","overlay-type":"","overlay-color":"","overlay-opacity":"","overlay-gradient":""},"mobile":{"background-color":"","background-image":"","background-repeat":"repeat","background-position":"center center","background-size":"auto","background-attachment":"scroll","background-type":"","background-media":"","overlay-type":"","overlay-color":"","overlay-opacity":"","overlay-gradient":""}},"ast-content-background-meta":{"desktop":{"background-color":"var(--ast-global-color-5)","background-image":"","background-repeat":"repeat","background-position":"center center","background-size":"auto","background-attachment":"scroll","background-type":"","background-media":"","overlay-type":"","overlay-color":"","overlay-opacity":"","overlay-gradient":""},"tablet":{"background-color":"var(--ast-global-color-5)","background-image":"","background-repeat":"repeat","background-position":"center center","background-size":"auto","background-attachment":"scroll","background-type":"","background-media":"","overlay-type":"","overlay-color":"","overlay-opacity":"","overlay-gradient":""},"mobile":{"background-color":"var(--ast-global-color-5)","background-image":"","background-repeat":"repeat","background-position":"center center","background-size":"auto","background-attachment":"scroll","background-type":"","background-media":"","overlay-type":"","overlay-color":"","overlay-opacity":"","overlay-gradient":""}}},"product_brand":[],"product_cat":[82,108,122],"product_tag":[],"class_list":{"0":"post-11323","1":"product","2":"type-product","3":"status-publish","4":"has-post-thumbnail","6":"product_cat-dlaciebie","7":"product_cat-nerki","8":"product_cat-na-karton-mleka","9":"desktop-align-left","10":"tablet-align-left","11":"mobile-align-left","13":"first","14":"onbackorder","15":"featured","16":"taxable","17":"shipping-taxable","18":"purchasable","19":"product-type-simple"},"jetpack_sharing_enabled":true,"_links":{"self":[{"href":"https:\/\/mooncraft.com.pl\/index.php?rest_route=\/wp\/v2\/product\/11323","targetHints":{"allow":["GET"]}}],"collection":[{"href":"https:\/\/mooncraft.com.pl\/index.php?rest_route=\/wp\/v2\/product"}],"about":[{"href":"https:\/\/mooncraft.com.pl\/index.php?rest_route=\/wp\/v2\/types\/product"}],"wp:featuredmedia":[{"embeddable":true,"href":"https:\/\/mooncraft.com.pl\/index.php?rest_route=\/wp\/v2\/media\/11326"}],"wp:attachment":[{"href":"https:\/\/mooncraft.com.pl\/index.php?rest_route=%2Fwp%2Fv2%2Fmedia&parent=11323"}],"wp:term":[{"taxonomy":"product_brand","embeddable":true,"href":"https:\/\/mooncraft.com.pl\/index.php?rest_route=%2Fwp%2Fv2%2Fproduct_brand&post=11323"},{"taxonomy":"product_cat","embeddable":true,"href":"https:\/\/mooncraft.com.pl\/index.php?rest_route=%2Fwp%2Fv2%2Fproduct_cat&post=11323"},{"taxonomy":"product_tag","embeddable":true,"href":"https:\/\/mooncraft.com.pl\/index.php?rest_route=%2Fwp%2Fv2%2Fproduct_tag&post=11323"}],"curies":[{"name":"wp","href":"https:\/\/api.w.org\/{rel}","templated":true}]}}